{"id":37651,"date":"2025-02-20T23:38:34","date_gmt":"2025-02-20T22:38:34","guid":{"rendered":"https:\/\/olemosaic.orbitalia.org\/producto\/taza-de-ceramica-toro-beige-2\/"},"modified":"2025-07-25T23:25:07","modified_gmt":"2025-07-25T21:25:07","slug":"chavena-de-ceramica-touro-bege-2","status":"publish","type":"product","link":"https:\/\/olemosaic.orbitalia.org\/pt-pt\/produto\/chavena-de-ceramica-touro-bege-2\/","title":{"rendered":"Ch\u00e1vena de cer\u00e2mica. Touro. Bege."},"content":{"rendered":"<p>Este design de ch\u00e1vena de cer\u00e2mica bege apresenta um vibrante touro em mosaico, um s\u00edmbolo emblem\u00e1tico da rica tradi\u00e7\u00e3o taurom\u00e1quica espanhola. A figura do touro, com efeito pintado \u00e0 m\u00e3o e detalhes em vermelho, destaca-se sobre o fundo branco, capturando a ess\u00eancia de uma das culturas mais singulares do pa\u00eds. Cada ch\u00e1vena, com uma asa verde, oferece a op\u00e7\u00e3o de um interior em diversas combina\u00e7\u00f5es de cores, conferindo um toque de alegria e versatilidade ao design.<\/p>\n<p>O touro, com a sua imponente presen\u00e7a, n\u00e3o s\u00f3 \u00e9 um \u00edcone da cultura espanhola, como tamb\u00e9m representa a paix\u00e3o e o esp\u00edrito indom\u00e1vel da festa taurom\u00e1quica, uma tradi\u00e7\u00e3o que tem despertado admira\u00e7\u00e3o e debate a n\u00edvel mundial. Este souvenir torna-se uma recorda\u00e7\u00e3o preciosa da vida nas pra\u00e7as e da ess\u00eancia da cultura espanhola, transformando-se num artigo atraente e funcional que certamente encantar\u00e1 os amantes deste folclore.<\/p>\n<p>Na Ol\u00e9 Mosaic, como grossista de artigos culturais, oferecemos esta ch\u00e1vena de cer\u00e2mica como um souvenir ideal, destacando a sua autenticidade e valor como recorda\u00e7\u00e3o representativa de Espanha. \u00c9 perfeita para lojas de presentes tur\u00edsticos que procuram produtos que contem uma hist\u00f3ria e celebrem a identidade cultural.<\/p>\n","protected":false},"excerpt":{"rendered":"<p>Ch\u00e1vena de cer\u00e2mica bege, decorada com um vibrante touro em mosaico que simboliza a rica tradi\u00e7\u00e3o taurom\u00e1quica espanhola. Este design artesanal, pintado \u00e0 m\u00e3o, apresenta detalhes em vermelho sobre um fundo branco, real\u00e7ando a figura do touro pelo seu colorido. A ch\u00e1vena, com uma asa verde, est\u00e1 dispon\u00edvel com o interior em distintas combina\u00e7\u00f5es de cores, o que a torna um artigo atraente e funcional para qualquer amante do folclore espanhol.<\/p>\n","protected":false},"featured_media":6912,"template":"","meta":{"_acf_changed":false},"product_brand":[],"product_cat":[833],"product_tag":[516,515],"class_list":{"0":"post-37651","1":"product","2":"type-product","3":"status-publish","4":"has-post-thumbnail","6":"product_cat-canecas","7":"product_tag-animais","8":"product_tag-ceramica","9":"pa_motivo-touros","11":"first","12":"instock","13":"shipping-taxable","14":"product-type-simple"},"acf":[],"_links":{"self":[{"href":"https:\/\/olemosaic.orbitalia.org\/pt-pt\/wp-json\/wp\/v2\/product\/37651","targetHints":{"allow":["GET"]}}],"collection":[{"href":"https:\/\/olemosaic.orbitalia.org\/pt-pt\/wp-json\/wp\/v2\/product"}],"about":[{"href":"https:\/\/olemosaic.orbitalia.org\/pt-pt\/wp-json\/wp\/v2\/types\/product"}],"wp:featuredmedia":[{"embeddable":true,"href":"https:\/\/olemosaic.orbitalia.org\/pt-pt\/wp-json\/wp\/v2\/media\/6912"}],"wp:attachment":[{"href":"https:\/\/olemosaic.orbitalia.org\/pt-pt\/wp-json\/wp\/v2\/media?parent=37651"}],"wp:term":[{"taxonomy":"product_brand","embeddable":true,"href":"https:\/\/olemosaic.orbitalia.org\/pt-pt\/wp-json\/wp\/v2\/product_brand?post=37651"},{"taxonomy":"product_cat","embeddable":true,"href":"https:\/\/olemosaic.orbitalia.org\/pt-pt\/wp-json\/wp\/v2\/product_cat?post=37651"},{"taxonomy":"product_tag","embeddable":true,"href":"https:\/\/olemosaic.orbitalia.org\/pt-pt\/wp-json\/wp\/v2\/product_tag?post=37651"}],"curies":[{"name":"wp","href":"https:\/\/api.w.org\/{rel}","templated":true}]}}