{"id":37650,"date":"2025-02-20T22:38:34","date_gmt":"2025-02-20T22:38:34","guid":{"rendered":"https:\/\/olemosaic.orbitalia.org\/producto\/taza-de-ceramica-sardinas-blanco\/"},"modified":"2025-07-25T19:52:06","modified_gmt":"2025-07-25T17:52:06","slug":"chavena-de-ceramica-sardinhas-branco","status":"publish","type":"product","link":"https:\/\/olemosaic.orbitalia.org\/pt-pt\/produto\/chavena-de-ceramica-sardinhas-branco\/","title":{"rendered":"Ch\u00e1vena de cer\u00e2mica. Sardinhas. Branco."},"content":{"rendered":"<p>Ch\u00e1vena de cer\u00e2mica decorada com um design vibrante de sardinhas, que evoca a rica tradi\u00e7\u00e3o piscat\u00f3ria da costa espanhola. Esta original ch\u00e1vena, fabricada em cer\u00e2mica de alta qualidade, apresenta um fundo adornado com intrincados azulejos em tons azuis, que simbolizam a liga\u00e7\u00e3o ao mar e \u00e0 cultura mediterr\u00e2nica. O interior da ch\u00e1vena, de uma cor laranja fresca e vibrante, acrescenta um toque de alegria, tornando-a tanto funcional como um elemento decorativo atraente.<\/p>\n<p>As sardinhas, ilustradas em diversas cores como vermelho, amarelo e verde, nadam num design coeso e animado, criando uma pe\u00e7a visualmente cativante que se destaca em qualquer cozinha ou cole\u00e7\u00e3o. A asa da ch\u00e1vena, meticulosamente modelada em forma de peixe, n\u00e3o s\u00f3 proporciona uma ader\u00eancia confort\u00e1vel, como tamb\u00e9m refor\u00e7a a sua singularidade, tornando-a o souvenir perfeito para os amantes do mar e da gastronomia.<\/p>\n<p>Esta ch\u00e1vena n\u00e3o s\u00f3 representa uma magn\u00edfica recorda\u00e7\u00e3o dos costumes mar\u00edtimos de Espanha, como tamb\u00e9m capta a ess\u00eancia das tradi\u00e7\u00f5es locais ligadas \u00e0 pesca e \u00e0 gastronomia mediterr\u00e2nica. Na Ol\u00e9 Mosaic, como especialistas em souvenirs artesanais, oferecemos aos nossos clientes a oportunidade de adquirir recorda\u00e7\u00f5es aut\u00eanticas que encapsulam a rica heran\u00e7a cultural espanhola. Esta ch\u00e1vena de sardinhas \u00e9 uma escolha ideal para lojas de presentes tur\u00edsticos que procuram produtos que combinam criatividade, funcionalidade e significado cultural.<\/p>\n","protected":false},"excerpt":{"rendered":"<p>Ch\u00e1vena de cer\u00e2mica decorada com um design colorido de sardinhas, inspirada na tradi\u00e7\u00e3o piscat\u00f3ria da costa espanhola. Este recipiente original apresenta um fundo de azulejos em tons azuis e uma borda interior de cor laranja vibrante. As sardinhas est\u00e3o ilustradas em v\u00e1rias tonalidades, como vermelho, amarelo e verde, o que lhe confere um toque fresco e alegre. A asa da ch\u00e1vena tem a forma de um peixe, o que torna este produto uma pe\u00e7a \u00fanica e funcional para os amantes do mar.<\/p>\n","protected":false},"featured_media":8922,"template":"","meta":{"_acf_changed":false},"product_brand":[],"product_cat":[833],"product_tag":[516,515],"class_list":{"0":"post-37650","1":"product","2":"type-product","3":"status-publish","4":"has-post-thumbnail","6":"product_cat-canecas","7":"product_tag-animais","8":"product_tag-ceramica","9":"pa_motivo-sardinhas","11":"first","12":"instock","13":"shipping-taxable","14":"product-type-simple"},"acf":[],"_links":{"self":[{"href":"https:\/\/olemosaic.orbitalia.org\/pt-pt\/wp-json\/wp\/v2\/product\/37650","targetHints":{"allow":["GET"]}}],"collection":[{"href":"https:\/\/olemosaic.orbitalia.org\/pt-pt\/wp-json\/wp\/v2\/product"}],"about":[{"href":"https:\/\/olemosaic.orbitalia.org\/pt-pt\/wp-json\/wp\/v2\/types\/product"}],"wp:featuredmedia":[{"embeddable":true,"href":"https:\/\/olemosaic.orbitalia.org\/pt-pt\/wp-json\/wp\/v2\/media\/8922"}],"wp:attachment":[{"href":"https:\/\/olemosaic.orbitalia.org\/pt-pt\/wp-json\/wp\/v2\/media?parent=37650"}],"wp:term":[{"taxonomy":"product_brand","embeddable":true,"href":"https:\/\/olemosaic.orbitalia.org\/pt-pt\/wp-json\/wp\/v2\/product_brand?post=37650"},{"taxonomy":"product_cat","embeddable":true,"href":"https:\/\/olemosaic.orbitalia.org\/pt-pt\/wp-json\/wp\/v2\/product_cat?post=37650"},{"taxonomy":"product_tag","embeddable":true,"href":"https:\/\/olemosaic.orbitalia.org\/pt-pt\/wp-json\/wp\/v2\/product_tag?post=37650"}],"curies":[{"name":"wp","href":"https:\/\/api.w.org\/{rel}","templated":true}]}}