{"id":37649,"date":"2025-02-20T23:38:34","date_gmt":"2025-02-20T22:38:34","guid":{"rendered":"https:\/\/olemosaic.orbitalia.org\/producto\/mug-de-ceramica-toro-beige-2\/"},"modified":"2025-07-25T18:47:49","modified_gmt":"2025-07-25T16:47:49","slug":"caneca-de-ceramica-touro-bege-2","status":"publish","type":"product","link":"https:\/\/olemosaic.orbitalia.org\/pt-pt\/produto\/caneca-de-ceramica-touro-bege-2\/","title":{"rendered":"Caneca de cer\u00e2mica. Touro. Bege."},"content":{"rendered":"<p>Descubra esta encantadora caneca de cer\u00e2mica com design de touro, uma pe\u00e7a ideal para quem deseja levar um peda\u00e7o da rica cultura espanhola. Com um elegante acabamento em bege, esta caneca destaca-se por um vibrante mosaico que adorna a imagem de um touro, s\u00edmbolo ic\u00f3nico da tradi\u00e7\u00e3o e da tauromaquia em Espanha. O uso de cores intensas e o estilo art\u00edstico refletem a paix\u00e3o e a arte que rodeiam o mundo do flamenco e das touradas, tornando esta caneca uma recorda\u00e7\u00e3o essencial da cultura castelhana.<\/p>\n<p>A caneca n\u00e3o \u00e9 apenas visualmente atraente, mas tamb\u00e9m funcional, pois vem acompanhada de uma colher a condizer, que adiciona um toque de praticidade aos seus momentos de caf\u00e9 ou ch\u00e1. Perfeita para desfrutar das suas bebidas favoritas, esta pe\u00e7a captura a ess\u00eancia da hospitalidade e da tradi\u00e7\u00e3o espanhola, o que a torna um presente ideal para turistas e amantes da cultura. Na Ol\u00e9 Mosaic, dedicamo-nos a oferecer recorda\u00e7\u00f5es aut\u00eanticas, e esta caneca de touro \u00e9 uma excelente op\u00e7\u00e3o que reflete a riqueza do patrim\u00f3nio espanhol. Se procura um ponto de venda que ofere\u00e7a recorda\u00e7\u00f5es de cer\u00e2mica aut\u00eanticas, a nossa caneca \u00e9 a escolha perfeita para lojas de presentes tur\u00edsticos que queiram real\u00e7ar o melhor da cultura espanhola.<\/p>\n","protected":false},"excerpt":{"rendered":"<p>Caneca de cer\u00e2mica com design de touro, ideal para os amantes da cultura espanhola. O seu elegante acabamento em bege contrasta com as cores vibrantes do touro, representado num estilo de mosaico que evoca a tradi\u00e7\u00e3o e a arte da tauromaquia. A caneca inclui uma colher a condizer, o que a torna uma op\u00e7\u00e3o funcional e decorativa. Perfeita para desfrutar das suas bebidas favoritas com um toque de folclore castelhano.<\/p>\n","protected":false},"featured_media":6894,"template":"","meta":{"_acf_changed":false},"product_brand":[],"product_cat":[726],"product_tag":[516,515],"class_list":{"0":"post-37649","1":"product","2":"type-product","3":"status-publish","4":"has-post-thumbnail","6":"product_cat-mugs","7":"product_tag-animais","8":"product_tag-ceramica","9":"pa_motivo-touros","11":"first","12":"instock","13":"shipping-taxable","14":"product-type-simple"},"acf":[],"_links":{"self":[{"href":"https:\/\/olemosaic.orbitalia.org\/pt-pt\/wp-json\/wp\/v2\/product\/37649","targetHints":{"allow":["GET"]}}],"collection":[{"href":"https:\/\/olemosaic.orbitalia.org\/pt-pt\/wp-json\/wp\/v2\/product"}],"about":[{"href":"https:\/\/olemosaic.orbitalia.org\/pt-pt\/wp-json\/wp\/v2\/types\/product"}],"wp:featuredmedia":[{"embeddable":true,"href":"https:\/\/olemosaic.orbitalia.org\/pt-pt\/wp-json\/wp\/v2\/media\/6894"}],"wp:attachment":[{"href":"https:\/\/olemosaic.orbitalia.org\/pt-pt\/wp-json\/wp\/v2\/media?parent=37649"}],"wp:term":[{"taxonomy":"product_brand","embeddable":true,"href":"https:\/\/olemosaic.orbitalia.org\/pt-pt\/wp-json\/wp\/v2\/product_brand?post=37649"},{"taxonomy":"product_cat","embeddable":true,"href":"https:\/\/olemosaic.orbitalia.org\/pt-pt\/wp-json\/wp\/v2\/product_cat?post=37649"},{"taxonomy":"product_tag","embeddable":true,"href":"https:\/\/olemosaic.orbitalia.org\/pt-pt\/wp-json\/wp\/v2\/product_tag?post=37649"}],"curies":[{"name":"wp","href":"https:\/\/api.w.org\/{rel}","templated":true}]}}