{"id":37648,"date":"2025-02-20T22:38:33","date_gmt":"2025-02-20T22:38:33","guid":{"rendered":"https:\/\/olemosaic.orbitalia.org\/producto\/tapon-de-ceramica-sardinas-blanco\/"},"modified":"2025-07-25T18:38:37","modified_gmt":"2025-07-25T16:38:37","slug":"rolha-de-ceramica-sardinhas-branco","status":"publish","type":"product","link":"https:\/\/olemosaic.orbitalia.org\/pt-pt\/produto\/rolha-de-ceramica-sardinhas-branco\/","title":{"rendered":"Rolha de cer\u00e2mica. Sardinhas. Branco."},"content":{"rendered":"<p>Esta rolha de cer\u00e2mica, decorada com um design vibrante de sardinhas, \u00e9 um acess\u00f3rio \u00fanico que conferir\u00e1 um toque de estilo \u00e0s suas garrafas. Funciona como um vedante ideal e destaca-se n\u00e3o s\u00f3 pela sua utilidade, mas tamb\u00e9m pela sua arte. A tampa de cer\u00e2mica branca \u00e9 adornada com encantadoras ilustra\u00e7\u00f5es de sardinhas em cores vermelho, laranja, amarelo e verde, nadando alegremente sobre um fundo de azulejos em tons azuis e brancos, que evoca a rica tradi\u00e7\u00e3o cer\u00e2mica espanhola. Este design simboliza a frescura e abund\u00e2ncia do mar, e celebra a heran\u00e7a cultural de regi\u00f5es costeras como a Galiza, onde as sardinhas s\u00e3o um s\u00edmbolo gastron\u00f3mico e festivo.<\/p>\n<p>A rolha conta com uma base de corti\u00e7a, que assegura uma selagem herm\u00e9tica para preservar os sabores dos seus vinhos e azeites. Com a sua est\u00e9tica vibrante e a sua funcionalidade, esta rolha de cer\u00e2mica torna-se uma magn\u00edfica recorda\u00e7\u00e3o de Espanha, ideal para quem procura recorda\u00e7\u00f5es aut\u00eanticas e representativas da cultura local. Na Ol\u00e9 Mosaic, oferecemos esta e outras recorda\u00e7\u00f5es aut\u00eanticas por grosso para lojas de presentes tur\u00edsticos que apreciam a fus\u00e3o entre design artesanal e tradi\u00e7\u00e3o cultural. Esta rolha \u00e9 uma excelente op\u00e7\u00e3o para quem deseja adicionar um detalhe art\u00edstico e eficaz \u00e0 sua cole\u00e7\u00e3o de acess\u00f3rios de cozinha.<\/p>\n","protected":false},"excerpt":{"rendered":"<p>Rolha de cer\u00e2mica decorada com um design vibrante de sardinhas, perfeita para selar as suas garrafas com um toque de estilo. Inspirada na tradi\u00e7\u00e3o espanhola, apresenta uma base de corti\u00e7a e uma tampa de cer\u00e2mica branca adornada com sardinhas em vermelho, laranja, amarelo e verde, sobre um fundo de azulejos azul e branco. Esta rolha combina funcionalidade e arte, adicionando um detalhe distintivo \u00e0 sua cole\u00e7\u00e3o de acess\u00f3rios de cozinha.<\/p>\n","protected":false},"featured_media":9058,"template":"","meta":{"_acf_changed":false},"product_brand":[],"product_cat":[831],"product_tag":[516,515],"class_list":{"0":"post-37648","1":"product","2":"type-product","3":"status-publish","4":"has-post-thumbnail","6":"product_cat-rolhas","7":"product_tag-animais","8":"product_tag-ceramica","9":"pa_motivo-sardinhas","11":"first","12":"instock","13":"shipping-taxable","14":"product-type-simple"},"acf":[],"_links":{"self":[{"href":"https:\/\/olemosaic.orbitalia.org\/pt-pt\/wp-json\/wp\/v2\/product\/37648","targetHints":{"allow":["GET"]}}],"collection":[{"href":"https:\/\/olemosaic.orbitalia.org\/pt-pt\/wp-json\/wp\/v2\/product"}],"about":[{"href":"https:\/\/olemosaic.orbitalia.org\/pt-pt\/wp-json\/wp\/v2\/types\/product"}],"wp:featuredmedia":[{"embeddable":true,"href":"https:\/\/olemosaic.orbitalia.org\/pt-pt\/wp-json\/wp\/v2\/media\/9058"}],"wp:attachment":[{"href":"https:\/\/olemosaic.orbitalia.org\/pt-pt\/wp-json\/wp\/v2\/media?parent=37648"}],"wp:term":[{"taxonomy":"product_brand","embeddable":true,"href":"https:\/\/olemosaic.orbitalia.org\/pt-pt\/wp-json\/wp\/v2\/product_brand?post=37648"},{"taxonomy":"product_cat","embeddable":true,"href":"https:\/\/olemosaic.orbitalia.org\/pt-pt\/wp-json\/wp\/v2\/product_cat?post=37648"},{"taxonomy":"product_tag","embeddable":true,"href":"https:\/\/olemosaic.orbitalia.org\/pt-pt\/wp-json\/wp\/v2\/product_tag?post=37648"}],"curies":[{"name":"wp","href":"https:\/\/api.w.org\/{rel}","templated":true}]}}