{"id":37647,"date":"2025-02-20T23:38:33","date_gmt":"2025-02-20T22:38:33","guid":{"rendered":"https:\/\/olemosaic.orbitalia.org\/producto\/4-bols-de-coco-de-13-x-6-cm-mano-6\/"},"modified":"2025-07-25T21:10:34","modified_gmt":"2025-07-25T19:10:34","slug":"4-tacas-de-coco-de-13-x-6-cm-mao-de-hamsa-6","status":"publish","type":"product","link":"https:\/\/olemosaic.orbitalia.org\/pt-pt\/produto\/4-tacas-de-coco-de-13-x-6-cm-mao-de-hamsa-6\/","title":{"rendered":"4 Ta\u00e7as de coco de 13 x 6 cm. M\u00e3o de Hamsa."},"content":{"rendered":"<p>Este conjunto de quatro ta\u00e7as de coco de 13 x 6 cm \u00e9 uma amostra excecional de artesanato tradicional, que funde funcionalidade e arte em cada pe\u00e7a. Elaboradas \u00e0 m\u00e3o com um design vibrante e colorido, cada ta\u00e7a apresenta um belo mosaico de pe\u00e7as em tons de rosa, azul e amarelo que captam a luz e a cor, rodeando a emblem\u00e1tica m\u00e3o de F\u00e1tima, um s\u00edmbolo de prote\u00e7\u00e3o e boa sorte em muitas culturas mediterr\u00e2nicas. Esta representa\u00e7\u00e3o art\u00edstica n\u00e3o s\u00f3 embeleza a mesa, como tamb\u00e9m convida \u00e0 reflex\u00e3o sobre a rica heran\u00e7a cultural que estes objetos representam.<\/p>\n<p>As ta\u00e7as s\u00e3o ideais para servir aperitivos o como elementos decorativos, conferindo um toque ex\u00f3tico e aut\u00eantico a qualquer lar. O seu acabamento artesanal assegura uma qualidade \u00fanica, enfatizando a dedica\u00e7\u00e3o e o respeito pela tradi\u00e7\u00e3o que caracteriza cada cria\u00e7\u00e3o. Este conjunto de ta\u00e7as n\u00e3o atua apenas como um simples acess\u00f3rio, mas torna-se uma valiosa recorda\u00e7\u00e3o da cultura mediterr\u00e2nica, sendo por isso uma recorda\u00e7\u00e3o perfeita para aqueles que desejam levar um peda\u00e7o desta rica tradi\u00e7\u00e3o para casa.<\/p>\n<p>Na Ol\u00e9 Mosaic, especializamo-nos na distribui\u00e7\u00e3o de recorda\u00e7\u00f5es por grosso, apresentando produtos aut\u00eanticos que captam a ess\u00eancia cultural da sua origem. As recorda\u00e7\u00f5es deste conjunto de ta\u00e7as de coco s\u00e3o uma excelente op\u00e7\u00e3o para lojas de presentes tur\u00edsticos, proporcionando aos seus clientes a oportunidade de adquirir pe\u00e7as \u00fanicas que celebram a diversidade e a beleza das tradi\u00e7\u00f5es artesanais.<\/p>\n","protected":false},"excerpt":{"rendered":"<p>Conjunto de quatro ta\u00e7as de coco de 13 x 6 cm, feitas \u00e0 m\u00e3o com um design vibrante e colorido. Cada ta\u00e7a apresenta um mosaico de pe\u00e7as em tons de rosa, azul e amarelo que emoldura a emblem\u00e1tica m\u00e3o de F\u00e1tima no centro. Estas ta\u00e7as refletem um estilo cultural distintivo, perfeitas para servir aperitivos ou como elemento decorativo. O seu acabamento artesanal garante uma qualidade \u00fanica, conferindo um toque ex\u00f3tico a qualquer mesa.<\/p>\n","protected":false},"featured_media":14220,"template":"","meta":{"_acf_changed":false},"product_brand":[],"product_cat":[513],"product_tag":[],"class_list":{"0":"post-37647","1":"product","2":"type-product","3":"status-publish","4":"has-post-thumbnail","6":"product_cat-bols","7":"pa_motivo-maos","9":"first","10":"instock","11":"shipping-taxable","12":"product-type-simple"},"acf":[],"_links":{"self":[{"href":"https:\/\/olemosaic.orbitalia.org\/pt-pt\/wp-json\/wp\/v2\/product\/37647","targetHints":{"allow":["GET"]}}],"collection":[{"href":"https:\/\/olemosaic.orbitalia.org\/pt-pt\/wp-json\/wp\/v2\/product"}],"about":[{"href":"https:\/\/olemosaic.orbitalia.org\/pt-pt\/wp-json\/wp\/v2\/types\/product"}],"wp:featuredmedia":[{"embeddable":true,"href":"https:\/\/olemosaic.orbitalia.org\/pt-pt\/wp-json\/wp\/v2\/media\/14220"}],"wp:attachment":[{"href":"https:\/\/olemosaic.orbitalia.org\/pt-pt\/wp-json\/wp\/v2\/media?parent=37647"}],"wp:term":[{"taxonomy":"product_brand","embeddable":true,"href":"https:\/\/olemosaic.orbitalia.org\/pt-pt\/wp-json\/wp\/v2\/product_brand?post=37647"},{"taxonomy":"product_cat","embeddable":true,"href":"https:\/\/olemosaic.orbitalia.org\/pt-pt\/wp-json\/wp\/v2\/product_cat?post=37647"},{"taxonomy":"product_tag","embeddable":true,"href":"https:\/\/olemosaic.orbitalia.org\/pt-pt\/wp-json\/wp\/v2\/product_tag?post=37647"}],"curies":[{"name":"wp","href":"https:\/\/api.w.org\/{rel}","templated":true}]}}