{"id":37641,"date":"2025-02-20T23:38:32","date_gmt":"2025-02-20T22:38:32","guid":{"rendered":"https:\/\/olemosaic.orbitalia.org\/producto\/4-bols-de-coco-de-13-x-6-cm-toro-5\/"},"modified":"2025-07-25T19:43:40","modified_gmt":"2025-07-25T17:43:40","slug":"4-tacas-de-coco-de-13-x-6-cm-touro-5","status":"publish","type":"product","link":"https:\/\/olemosaic.orbitalia.org\/pt-pt\/produto\/4-tacas-de-coco-de-13-x-6-cm-touro-5\/","title":{"rendered":"4 Ta\u00e7as de coco de 13 x 6 cm. Touro. Padr\u00e3o cora\u00e7\u00f5es."},"content":{"rendered":"<p>Conjunto de 4 ta\u00e7as de coco decoradas com o ic\u00f3nico touro espanhol, ideal para capturar la ess\u00eancia do folclore e da cultura espanhola em qualquer casa. Cada ta\u00e7a, de dimens\u00f5es compactas (13 x 6 cm), apresenta uma cor vibrante: azul, vermelho, amarelo e rosa, o que confere um toque festivo e alegre \u00e0 sua apresenta\u00e7\u00e3o. No interior de cada ta\u00e7a, um elegante design de um touro destaca-se de forma audaz, convertendo cada pe\u00e7a num s\u00edmbolo da rica tradi\u00e7\u00e3o espanhola, especialmente na sua liga\u00e7\u00e3o com a tauromaquia, uma arte que tem suscitado admira\u00e7\u00e3o e debate ao longo dos anos no pa\u00eds.<\/p>\n<p>A base das ta\u00e7as mostra um encantador padr\u00e3o de cora\u00e7\u00f5es, que complementa a din\u00e2mica visual e proporciona um acabamento delicado e atraente. Elaboradas a partir de materiais naturais, estas ta\u00e7as s\u00e3o perfeitas tanto para servir aperitivos como para serem usadas como elementos decorativos em qualquer ocasi\u00e3o. A autenticidade destas ta\u00e7as de coco torna-as uma recorda\u00e7\u00e3o representativa, ideal para turistas que procuram souvenirs de qualidade e significativos que reflitam a sua experi\u00eancia em Espanha. Na Ol\u00e9 Mosaic, dedicamo-nos \u00e0 distribui\u00e7\u00e3o por grosso de produtos tradicionais, tornando estas ta\u00e7as uma excelente op\u00e7\u00e3o para lojas de presentes tur\u00edsticos que desejam oferecer artigos \u00fanicos e culturalmente significativos.<\/p>\n","protected":false},"excerpt":{"rendered":"<p>Conjunto de 4 ta\u00e7as de coco de 13 x 6 cm, decoradas com o ic\u00f3nico touro espanhol. Cada ta\u00e7a apresenta uma cor vibrante \u2014 azul, vermelho, amarelo e rosa \u2014, com um design do touro no seu interior. A base de cada ta\u00e7a mostra um padr\u00e3o de cora\u00e7\u00f5es, acrescentando um toque festivo. Elaboradas a partir de materiais naturais, estas ta\u00e7as s\u00e3o perfeitas para servir aperitivos ou como elementos decorativos, capturando a ess\u00eancia do folclore espanhol.<\/p>\n","protected":false},"featured_media":14216,"template":"","meta":{"_acf_changed":false},"product_brand":[],"product_cat":[513],"product_tag":[516],"class_list":{"0":"post-37641","1":"product","2":"type-product","3":"status-publish","4":"has-post-thumbnail","6":"product_cat-bols","7":"product_tag-animais","8":"pa_motivo-touros","10":"first","11":"instock","12":"shipping-taxable","13":"product-type-simple"},"acf":[],"_links":{"self":[{"href":"https:\/\/olemosaic.orbitalia.org\/pt-pt\/wp-json\/wp\/v2\/product\/37641","targetHints":{"allow":["GET"]}}],"collection":[{"href":"https:\/\/olemosaic.orbitalia.org\/pt-pt\/wp-json\/wp\/v2\/product"}],"about":[{"href":"https:\/\/olemosaic.orbitalia.org\/pt-pt\/wp-json\/wp\/v2\/types\/product"}],"wp:featuredmedia":[{"embeddable":true,"href":"https:\/\/olemosaic.orbitalia.org\/pt-pt\/wp-json\/wp\/v2\/media\/14216"}],"wp:attachment":[{"href":"https:\/\/olemosaic.orbitalia.org\/pt-pt\/wp-json\/wp\/v2\/media?parent=37641"}],"wp:term":[{"taxonomy":"product_brand","embeddable":true,"href":"https:\/\/olemosaic.orbitalia.org\/pt-pt\/wp-json\/wp\/v2\/product_brand?post=37641"},{"taxonomy":"product_cat","embeddable":true,"href":"https:\/\/olemosaic.orbitalia.org\/pt-pt\/wp-json\/wp\/v2\/product_cat?post=37641"},{"taxonomy":"product_tag","embeddable":true,"href":"https:\/\/olemosaic.orbitalia.org\/pt-pt\/wp-json\/wp\/v2\/product_tag?post=37641"}],"curies":[{"name":"wp","href":"https:\/\/api.w.org\/{rel}","templated":true}]}}