{"id":37639,"date":"2025-02-20T23:38:32","date_gmt":"2025-02-20T22:38:32","guid":{"rendered":"https:\/\/olemosaic.orbitalia.org\/producto\/4-bols-de-coco-de-13-x-6-cm-isla-salamandra-mallorca-2\/"},"modified":"2025-07-25T20:14:02","modified_gmt":"2025-07-25T18:14:02","slug":"4-tacas-de-coco-de-13-x-6-cm-ilha-salamandra-maiorca-pt-pt","status":"publish","type":"product","link":"https:\/\/olemosaic.orbitalia.org\/pt-pt\/produto\/4-tacas-de-coco-de-13-x-6-cm-ilha-salamandra-maiorca-pt-pt\/","title":{"rendered":"4 Ta\u00e7as de coco de 13 x 6 cm. Ilha + salamandra. Maiorca."},"content":{"rendered":"<p>Conjunto de quatro ta\u00e7as de coco decoradas com mosaicos coloridos e motivos de salamandras, evocando a ess\u00eancia de Maiorca. Este encantador conjunto de ta\u00e7as, cada uma com o tamanho de 13 x 6 cm, apresenta um design atraente pintado \u00e0 m\u00e3o que combina tons vibrantes de rosa, azul e amarelo sobre um elegante fundo branco. As inscri\u00e7\u00f5es &#8220;Mallorca&#8221; e a representa\u00e7\u00e3o de salamandras, simbolizando a fauna local, conferem um toque distintivo a cada ta\u00e7a.<\/p>\n<p>Perfeitas tanto para servir aperitivos como para decorar a casa, estas ta\u00e7as destacam-se pela sua autenticidade e elaborada t\u00e9cnica artesanal, refletindo a rica cultura da ilha. A salamandra \u00e9 um s\u00edmbolo popular em Maiorca, conhecida pela sua liga\u00e7\u00e3o \u00e0 natureza e ao calor do clima mediterr\u00e2nico, o que torna estas ta\u00e7as algo mais do que um utens\u00edlio pr\u00e1tico: s\u00e3o uma recorda\u00e7\u00e3o memor\u00e1vel da vida na ilha.<\/p>\n<p>Este conjunto de recorda\u00e7\u00f5es de Maiorca \u00e9 uma excelente op\u00e7\u00e3o para as lojas de presentes tur\u00edsticos que procuram oferecer produtos aut\u00eanticos e funcionais. Na Ol\u00e9 Mosaic, o nosso compromisso \u00e9 fornecer artigos de qualidade e relev\u00e2ncia cultural, oferecendo aos turistas uma forma de levar um pedacinho da beleza e tradi\u00e7\u00e3o de Maiorca. Como distribuidores de recorda\u00e7\u00f5es, garantimos que cada produto seja uma celebra\u00e7\u00e3o da identidade local.<\/p>\n","protected":false},"excerpt":{"rendered":"<p>Conjunto de 4 ta\u00e7as de coco de 13 x 6 cm, decoradas com mosaicos coloridos e motivos de salamandras, que evocam a ess\u00eancia de Maiorca. Estas atraentes ta\u00e7as destacam-se pelo seu design artesanal, pintado \u00e0 m\u00e3o, que combina tons vibrantes como rosa, azul e amarelo sobre um elegante fundo branco. Cada ta\u00e7a possui inscri\u00e7\u00f5es que refor\u00e7am a sua proveni\u00eancia, oferecendo um toque distintivo e funcional para qualquer casa ou cole\u00e7\u00e3o de recorda\u00e7\u00f5es. Perfeitas para servir aperitivos ou como elementos decorativos.<\/p>\n","protected":false},"featured_media":14212,"template":"","meta":{"_acf_changed":false},"product_brand":[],"product_cat":[513],"product_tag":[516],"class_list":{"0":"post-37639","1":"product","2":"type-product","3":"status-publish","4":"has-post-thumbnail","6":"product_cat-bols","7":"product_tag-animais","8":"pa_ciudad-mallorca","9":"pa_motivo-ilhas","10":"pa_pais-espana","12":"first","13":"instock","14":"shipping-taxable","15":"product-type-simple"},"acf":[],"_links":{"self":[{"href":"https:\/\/olemosaic.orbitalia.org\/pt-pt\/wp-json\/wp\/v2\/product\/37639","targetHints":{"allow":["GET"]}}],"collection":[{"href":"https:\/\/olemosaic.orbitalia.org\/pt-pt\/wp-json\/wp\/v2\/product"}],"about":[{"href":"https:\/\/olemosaic.orbitalia.org\/pt-pt\/wp-json\/wp\/v2\/types\/product"}],"wp:featuredmedia":[{"embeddable":true,"href":"https:\/\/olemosaic.orbitalia.org\/pt-pt\/wp-json\/wp\/v2\/media\/14212"}],"wp:attachment":[{"href":"https:\/\/olemosaic.orbitalia.org\/pt-pt\/wp-json\/wp\/v2\/media?parent=37639"}],"wp:term":[{"taxonomy":"product_brand","embeddable":true,"href":"https:\/\/olemosaic.orbitalia.org\/pt-pt\/wp-json\/wp\/v2\/product_brand?post=37639"},{"taxonomy":"product_cat","embeddable":true,"href":"https:\/\/olemosaic.orbitalia.org\/pt-pt\/wp-json\/wp\/v2\/product_cat?post=37639"},{"taxonomy":"product_tag","embeddable":true,"href":"https:\/\/olemosaic.orbitalia.org\/pt-pt\/wp-json\/wp\/v2\/product_tag?post=37639"}],"curies":[{"name":"wp","href":"https:\/\/api.w.org\/{rel}","templated":true}]}}