{"id":37636,"date":"2025-02-20T22:38:31","date_gmt":"2025-02-20T22:38:31","guid":{"rendered":"https:\/\/olemosaic.orbitalia.org\/producto\/salvamanteles-de-ceramica-mariposa-gran-canaria\/"},"modified":"2025-07-25T18:45:48","modified_gmt":"2025-07-25T16:45:48","slug":"descanso-de-pratos-em-ceramica-borboleta-gran-canaria","status":"publish","type":"product","link":"https:\/\/olemosaic.orbitalia.org\/pt-pt\/produto\/descanso-de-pratos-em-ceramica-borboleta-gran-canaria\/","title":{"rendered":"Descanso de pratos em cer\u00e2mica. Borboleta. Gran Canaria."},"content":{"rendered":"<p>Este descanso de pratos em cer\u00e2mica, inspirado na vibrante flora e fauna de Gran Canaria, \u00e9 uma pe\u00e7a \u00fanica que captura a ess\u00eancia das ilhas. Apresenta um design ilustrativo colorido de borboletas, ao estilo mosaico, com tons intensos de vermelho, azul, amarelo e verde que real\u00e7am a beleza natural do ambiente can\u00e1rio. As borboletas, com as suas asas estendidas, simbolizam a liberdade e a diversidade de esp\u00e9cies que habitam as ilhas, enquanto as flores que as rodeiam acrescentam um toque de frescura e alegria.<\/p>\n<p>O descanso de pratos \u00e9 protegido por um rebordo de corda que n\u00e3o s\u00f3 refor\u00e7a a sua durabilidade, mas tamb\u00e9m confere um encantador toque vintage, perfeito para decorar qualquer mesa com um ar r\u00fastico e acolhedor. Este artigo n\u00e3o \u00e9 apenas funcional, mas tamb\u00e9m se assume como uma recorda\u00e7\u00e3o representativa de Gran Canaria, evocando o esplendor natural das suas paisagens e a sua rica biodiversidade.<\/p>\n<p>Na Ol\u00e9 Mosaic, especializamo-nos na distribui\u00e7\u00e3o de recorda\u00e7\u00f5es por grosso, e este descanso de pratos \u00e9 uma excelente op\u00e7\u00e3o para lojas de presentes tur\u00edsticos que procuram produtos aut\u00eanticos e culturais. Ideal para os turistas que desejam levar para casa um peda\u00e7o da beleza can\u00e1ria, este descanso de pratos \u00e9 um s\u00edmbolo perfeito das recorda\u00e7\u00f5es de Gran Canaria.<\/p>\n","protected":false},"excerpt":{"rendered":"<p>Descanso de pratos em cer\u00e2mica inspirado na vibrante flora e fauna de Gran Canaria. Este design colorido apresenta borboletas num estilo mosaico, com tons intensos de vermelho, azul, amarelo e verde, rodeadas por flores que real\u00e7am a sua beleza. O descanso de pratos \u00e9 protegido por um rebordo de corda que confere durabilidade e um toque vintage. Ideal para decorar mesas e servir como recorda\u00e7\u00e3o do esplendor natural da ilha.<\/p>\n","protected":false},"featured_media":14208,"template":"","meta":{"_acf_changed":false},"product_brand":[],"product_cat":[830],"product_tag":[516,515],"class_list":{"0":"post-37636","1":"product","2":"type-product","3":"status-publish","4":"has-post-thumbnail","6":"product_cat-bases-para-pratos","7":"product_tag-animais","8":"product_tag-ceramica","9":"pa_ciudad-gran-canaria","10":"pa_motivo-borboletas","11":"pa_pais-espana","13":"first","14":"instock","15":"shipping-taxable","16":"product-type-simple"},"acf":[],"_links":{"self":[{"href":"https:\/\/olemosaic.orbitalia.org\/pt-pt\/wp-json\/wp\/v2\/product\/37636","targetHints":{"allow":["GET"]}}],"collection":[{"href":"https:\/\/olemosaic.orbitalia.org\/pt-pt\/wp-json\/wp\/v2\/product"}],"about":[{"href":"https:\/\/olemosaic.orbitalia.org\/pt-pt\/wp-json\/wp\/v2\/types\/product"}],"wp:featuredmedia":[{"embeddable":true,"href":"https:\/\/olemosaic.orbitalia.org\/pt-pt\/wp-json\/wp\/v2\/media\/14208"}],"wp:attachment":[{"href":"https:\/\/olemosaic.orbitalia.org\/pt-pt\/wp-json\/wp\/v2\/media?parent=37636"}],"wp:term":[{"taxonomy":"product_brand","embeddable":true,"href":"https:\/\/olemosaic.orbitalia.org\/pt-pt\/wp-json\/wp\/v2\/product_brand?post=37636"},{"taxonomy":"product_cat","embeddable":true,"href":"https:\/\/olemosaic.orbitalia.org\/pt-pt\/wp-json\/wp\/v2\/product_cat?post=37636"},{"taxonomy":"product_tag","embeddable":true,"href":"https:\/\/olemosaic.orbitalia.org\/pt-pt\/wp-json\/wp\/v2\/product_tag?post=37636"}],"curies":[{"name":"wp","href":"https:\/\/api.w.org\/{rel}","templated":true}]}}