{"id":37631,"date":"2025-02-20T23:38:30","date_gmt":"2025-02-20T22:38:30","guid":{"rendered":"https:\/\/olemosaic.orbitalia.org\/producto\/salvamanteles-de-ceramica-salamandra-mallorca-3\/"},"modified":"2025-07-25T20:09:26","modified_gmt":"2025-07-25T18:09:26","slug":"base-de-ceramica-salamandra-maiorca-3","status":"publish","type":"product","link":"https:\/\/olemosaic.orbitalia.org\/pt-pt\/produto\/base-de-ceramica-salamandra-maiorca-3\/","title":{"rendered":"Base de cer\u00e2mica. Salamandra. Maiorca. Motivos florais."},"content":{"rendered":"<p>Esta base de cer\u00e2mica, inspirada na cultura de Maiorca, \u00e9 uma aut\u00eantica amostra da riqueza artesanal da regi\u00e3o. O seu vibrante design apresenta uma salamandra, s\u00edmbolo de boa sorte e vitalidade na cultura mediterr\u00e2nica, rodeada de coloridas flores que adicionam um toque alegre e vivo. A t\u00e9cnica de mosaico aplicada \u00e9 excecional, combinando brilhantes tonalidades de verde, azul e vermelho, o que resulta num objeto decorativo, al\u00e9m de funcional, que convida \u00e0 conversa e evoca a ess\u00eancia de Maiorca.<\/p>\n<p>Um distintivo cord\u00e3o vermelho percorre a borda, complementando o design e oferecendo um acabamento cuidado e elegante que real\u00e7a a autenticidade do produto. A palavra &#8220;MALLORCA&#8221; apresenta-se com um estilo alegre, capturando a ess\u00eancia do folclore local e convertendo-o numa recorda\u00e7\u00e3o perfeita para os visitantes da ilha. Esta base \u00e9 ideal n\u00e3o s\u00f3 para proteger as superf\u00edcies, mas tamb\u00e9m como elemento decorativo em qualquer casa, conferindo um ar mediterr\u00e2nico.<\/p>\n<p>Na Ol\u00e9 Mosaic, como grossista de souvenirs, oferecemos esta base de cer\u00e2mica como uma excelente op\u00e7\u00e3o para lojas de recorda\u00e7\u00f5es tur\u00edsticas que procuram produtos aut\u00eanticos e representativos da cultura espanhola. A sua relev\u00e2ncia cultural e o seu design cuidado tornam-na numa recorda\u00e7\u00e3o inesquec\u00edvel para quem deseja levar um pedacinho de Maiorca.<\/p>\n","protected":false},"excerpt":{"rendered":"<p>Base de cer\u00e2mica inspirada na cultura de Maiorca, adornada com um vibrante design de salamandra. Este produto destaca-se pela sua t\u00e9cnica de mosaico, com cores brilhantes que incluem verdes, azuis e vermelhos, al\u00e9m de flores em tons contrastantes. Um cord\u00e3o vermelho na borda adiciona um toque distintivo. A palavra &#8220;MALLORCA&#8221; \u00e9 impressa com um estilo alegre, capturando a ess\u00eancia do folclore local em cada detalhe.<\/p>\n","protected":false},"featured_media":14203,"template":"","meta":{"_acf_changed":false},"product_brand":[],"product_cat":[830],"product_tag":[516,515],"class_list":{"0":"post-37631","1":"product","2":"type-product","3":"status-publish","4":"has-post-thumbnail","6":"product_cat-bases-para-pratos","7":"product_tag-animais","8":"product_tag-ceramica","9":"pa_ciudad-mallorca","10":"pa_motivo-salamandras","11":"pa_pais-espana","13":"first","14":"instock","15":"shipping-taxable","16":"product-type-simple"},"acf":[],"_links":{"self":[{"href":"https:\/\/olemosaic.orbitalia.org\/pt-pt\/wp-json\/wp\/v2\/product\/37631","targetHints":{"allow":["GET"]}}],"collection":[{"href":"https:\/\/olemosaic.orbitalia.org\/pt-pt\/wp-json\/wp\/v2\/product"}],"about":[{"href":"https:\/\/olemosaic.orbitalia.org\/pt-pt\/wp-json\/wp\/v2\/types\/product"}],"wp:featuredmedia":[{"embeddable":true,"href":"https:\/\/olemosaic.orbitalia.org\/pt-pt\/wp-json\/wp\/v2\/media\/14203"}],"wp:attachment":[{"href":"https:\/\/olemosaic.orbitalia.org\/pt-pt\/wp-json\/wp\/v2\/media?parent=37631"}],"wp:term":[{"taxonomy":"product_brand","embeddable":true,"href":"https:\/\/olemosaic.orbitalia.org\/pt-pt\/wp-json\/wp\/v2\/product_brand?post=37631"},{"taxonomy":"product_cat","embeddable":true,"href":"https:\/\/olemosaic.orbitalia.org\/pt-pt\/wp-json\/wp\/v2\/product_cat?post=37631"},{"taxonomy":"product_tag","embeddable":true,"href":"https:\/\/olemosaic.orbitalia.org\/pt-pt\/wp-json\/wp\/v2\/product_tag?post=37631"}],"curies":[{"name":"wp","href":"https:\/\/api.w.org\/{rel}","templated":true}]}}