{"id":37626,"date":"2025-02-20T22:38:30","date_gmt":"2025-02-20T22:38:30","guid":{"rendered":"https:\/\/olemosaic.orbitalia.org\/producto\/salvamanteles-de-ceramica-gato-gran-canaria\/"},"modified":"2025-07-25T19:05:13","modified_gmt":"2025-07-25T17:05:13","slug":"descanso-de-pratos-em-ceramica-gato-gran-canaria","status":"publish","type":"product","link":"https:\/\/olemosaic.orbitalia.org\/pt-pt\/produto\/descanso-de-pratos-em-ceramica-gato-gran-canaria\/","title":{"rendered":"Descanso de pratos em cer\u00e2mica. Gato. Gran Canaria."},"content":{"rendered":"<p>Este descanso de pratos em cer\u00e2mica, decorado com gatos alegres, \u00e9 um aut\u00eantico s\u00edmbolo do esp\u00edrito vibrante de Gran Canaria. Com um design \u00fanico em forma de diamante, cada pe\u00e7a \u00e9 elaborada com cer\u00e2mica de alta qualidade que real\u00e7a os gatos em mosaicos de cores brilhantes, dan\u00e7ando entre borboletas que acrescentam um toque l\u00fadico e alegre. A paleta crom\u00e1tica inclui tons intensos de azul, vermelho, verde e amarelo, capturando a ess\u00eancia da paisagem can\u00e1ria e a sua diversidade cultural. Este descanso de pratos tamb\u00e9m conta com um pr\u00e1tico cord\u00e3o vermelho em volta que n\u00e3o s\u00f3 confere um elemento est\u00e9tico, como tamb\u00e9m garante uma melhor ader\u00eancia e prote\u00e7\u00e3o para as superf\u00edcies.<\/p>\n<p>O gato \u00e9 um animal muito representativo das Ilhas Can\u00e1rias, onde a sua presen\u00e7a \u00e9 celebrada como animal de companhia e como s\u00edmbolo de boa sorte. Este souvenir n\u00e3o \u00e9 apenas funcional, mas tamb\u00e9m se torna uma pe\u00e7a decorativa que embeleza qualquer mesa, sendo ideal para quem procura uma recorda\u00e7\u00e3o aut\u00eantica da sua visita a Gran Canaria. Na Ol\u00e9 Mosaic, especializamo-nos na distribui\u00e7\u00e3o de souvenirs por grosso, e este descanso de pratos em cer\u00e2mica \u00e9 uma excelente op\u00e7\u00e3o para lojas de presentes tur\u00edsticos que desejem oferecer artigos representativos e de qualidade. Adicione um toque de tradi\u00e7\u00e3o can\u00e1ria \u00e0 sua oferta com este descanso de pratos original e cheio de car\u00e1cter.<\/p>\n","protected":false},"excerpt":{"rendered":"<p>Descanso de pratos em cer\u00e2mica decorado com gatos coloridos, que evocam o esp\u00edrito vibrante de Gran Canaria. Este descanso de pratos apresenta um design \u00fanico que combina mosaicos de cores brilhantes com borboletas, conferindo um toque l\u00fadico. A cer\u00e2mica \u00e9 debruada por um cord\u00e3o vermelho, que acrescenta um elemento pr\u00e1tico e est\u00e9tico. Ideal para proteger as superf\u00edcies e, ao mesmo tempo, embelezar qualquer mesa com um aut\u00eantico estilo can\u00e1rio.<\/p>\n","protected":false},"featured_media":14198,"template":"","meta":{"_acf_changed":false},"product_brand":[],"product_cat":[830],"product_tag":[516,515],"class_list":{"0":"post-37626","1":"product","2":"type-product","3":"status-publish","4":"has-post-thumbnail","6":"product_cat-bases-para-pratos","7":"product_tag-animais","8":"product_tag-ceramica","9":"pa_ciudad-gran-canaria","10":"pa_motivo-gatos","11":"pa_pais-espana","13":"first","14":"instock","15":"shipping-taxable","16":"product-type-simple"},"acf":[],"_links":{"self":[{"href":"https:\/\/olemosaic.orbitalia.org\/pt-pt\/wp-json\/wp\/v2\/product\/37626","targetHints":{"allow":["GET"]}}],"collection":[{"href":"https:\/\/olemosaic.orbitalia.org\/pt-pt\/wp-json\/wp\/v2\/product"}],"about":[{"href":"https:\/\/olemosaic.orbitalia.org\/pt-pt\/wp-json\/wp\/v2\/types\/product"}],"wp:featuredmedia":[{"embeddable":true,"href":"https:\/\/olemosaic.orbitalia.org\/pt-pt\/wp-json\/wp\/v2\/media\/14198"}],"wp:attachment":[{"href":"https:\/\/olemosaic.orbitalia.org\/pt-pt\/wp-json\/wp\/v2\/media?parent=37626"}],"wp:term":[{"taxonomy":"product_brand","embeddable":true,"href":"https:\/\/olemosaic.orbitalia.org\/pt-pt\/wp-json\/wp\/v2\/product_brand?post=37626"},{"taxonomy":"product_cat","embeddable":true,"href":"https:\/\/olemosaic.orbitalia.org\/pt-pt\/wp-json\/wp\/v2\/product_cat?post=37626"},{"taxonomy":"product_tag","embeddable":true,"href":"https:\/\/olemosaic.orbitalia.org\/pt-pt\/wp-json\/wp\/v2\/product_tag?post=37626"}],"curies":[{"name":"wp","href":"https:\/\/api.w.org\/{rel}","templated":true}]}}