{"id":37625,"date":"2025-02-20T22:38:29","date_gmt":"2025-02-20T22:38:29","guid":{"rendered":"https:\/\/olemosaic.orbitalia.org\/producto\/salvamanteles-de-ceramica-salamandra-y-flores-valencia\/"},"modified":"2025-07-25T20:11:12","modified_gmt":"2025-07-25T18:11:12","slug":"descanso-de-pratos-em-ceramica-salamandra-e-flores-valencia","status":"publish","type":"product","link":"https:\/\/olemosaic.orbitalia.org\/pt-pt\/produto\/descanso-de-pratos-em-ceramica-salamandra-e-flores-valencia\/","title":{"rendered":"Descanso de pratos em cer\u00e2mica. Salamandra e flores. Val\u00eancia."},"content":{"rendered":"<p>Este descanso de pratos em cer\u00e2mica, com o seu design vibrante, \u00e9 uma representa\u00e7\u00e3o excecional da cultura valenciana, ideal para real\u00e7ar a apresenta\u00e7\u00e3o dos seus pratos. Decorado com salamandras entrela\u00e7adas e grandes flores em tons de vermelho, amarelo, verde e azul, este atraente acess\u00f3rio \u00e9 um reflexo direto dos coloridos mosaicos que adornam a cidade. O fundo de padr\u00f5es geom\u00e9tricos acrescenta um toque moderno \u00e0 pe\u00e7a, enquanto a inscri\u00e7\u00e3o &#8220;Valencia&#8221; refor\u00e7a a sua liga\u00e7\u00e3o a esta regi\u00e3o rica em arte e tradi\u00e7\u00e3o.<\/p>\n<p>Fabricado em cer\u00e2mica de alta qualidade, este descanso de pratos n\u00e3o \u00e9 apenas funcional, protegendo as superf\u00edcies da sua casa, mas tamb\u00e9m atua como uma recorda\u00e7\u00e3o do esplendor cultural valenciano. As salamandras, s\u00edmbolos de transforma\u00e7\u00e3o e fogo, juntamente com as alegres flores, transmitem uma sensa\u00e7\u00e3o de energia e vida, tornando-o um presente perfeito para quem procura capturar a ess\u00eancia de Val\u00eancia num objeto \u00fanico.<\/p>\n<p>Este descanso de pratos \u00e9 uma excelente op\u00e7\u00e3o para aqueles que desejam levar para casa um pouco da autenticidade espanhola. Na Ol\u00e9 Mosaic, especializamo-nos na distribui\u00e7\u00e3o de souvenirs culturais por grosso, oferecendo produtos que destacam a riqueza do patrim\u00f3nio valenciano, o que o torna ideal para lojas de presentes tur\u00edsticos que apreciam a qualidade e a tradi\u00e7\u00e3o. Este descanso de pratos em cer\u00e2mica n\u00e3o \u00e9 apenas um excelente souvenir de Val\u00eancia, mas tamb\u00e9m uma pe\u00e7a que alegrar\u00e1 qualquer mesa com o seu design incr\u00edvel.<\/p>\n","protected":false},"excerpt":{"rendered":"<p>Descanso de pratos em cer\u00e2mica decorado com uma vibrante representa\u00e7\u00e3o de salamandras e flores, inspirado nos mosaicos valencianos. Este atraente descanso de pratos, com um design colorido em tons de vermelho, amarelo, verde e azul, mostra duas salamandras entrela\u00e7adas com flores alegres sobre um fundo de padr\u00f5es geom\u00e9tricos. A palavra &#8220;Valencia&#8221; est\u00e1 impressa, transformando este produto numa pe\u00e7a \u00fanica e cheia de cultura que real\u00e7ar\u00e1 a apresenta\u00e7\u00e3o dos seus pratos.<\/p>\n","protected":false},"featured_media":14197,"template":"","meta":{"_acf_changed":false},"product_brand":[],"product_cat":[830],"product_tag":[516,515],"class_list":{"0":"post-37625","1":"product","2":"type-product","3":"status-publish","4":"has-post-thumbnail","6":"product_cat-bases-para-pratos","7":"product_tag-animais","8":"product_tag-ceramica","9":"pa_ciudad-valencia","10":"pa_motivo-salamandras","11":"pa_pais-espana","13":"first","14":"instock","15":"shipping-taxable","16":"product-type-simple"},"acf":[],"_links":{"self":[{"href":"https:\/\/olemosaic.orbitalia.org\/pt-pt\/wp-json\/wp\/v2\/product\/37625","targetHints":{"allow":["GET"]}}],"collection":[{"href":"https:\/\/olemosaic.orbitalia.org\/pt-pt\/wp-json\/wp\/v2\/product"}],"about":[{"href":"https:\/\/olemosaic.orbitalia.org\/pt-pt\/wp-json\/wp\/v2\/types\/product"}],"wp:featuredmedia":[{"embeddable":true,"href":"https:\/\/olemosaic.orbitalia.org\/pt-pt\/wp-json\/wp\/v2\/media\/14197"}],"wp:attachment":[{"href":"https:\/\/olemosaic.orbitalia.org\/pt-pt\/wp-json\/wp\/v2\/media?parent=37625"}],"wp:term":[{"taxonomy":"product_brand","embeddable":true,"href":"https:\/\/olemosaic.orbitalia.org\/pt-pt\/wp-json\/wp\/v2\/product_brand?post=37625"},{"taxonomy":"product_cat","embeddable":true,"href":"https:\/\/olemosaic.orbitalia.org\/pt-pt\/wp-json\/wp\/v2\/product_cat?post=37625"},{"taxonomy":"product_tag","embeddable":true,"href":"https:\/\/olemosaic.orbitalia.org\/pt-pt\/wp-json\/wp\/v2\/product_tag?post=37625"}],"curies":[{"name":"wp","href":"https:\/\/api.w.org\/{rel}","templated":true}]}}