{"id":37613,"date":"2025-02-20T22:38:27","date_gmt":"2025-02-20T22:38:27","guid":{"rendered":"https:\/\/olemosaic.orbitalia.org\/producto\/salvamanteles-de-ceramica-salamandra-fuerteventura\/"},"modified":"2025-07-25T19:08:25","modified_gmt":"2025-07-25T17:08:25","slug":"base-de-ceramica-salamandra-fuerteventura","status":"publish","type":"product","link":"https:\/\/olemosaic.orbitalia.org\/pt-pt\/produto\/base-de-ceramica-salamandra-fuerteventura\/","title":{"rendered":"Base de cer\u00e2mica para tachos. Salamandra. Fuerteventura."},"content":{"rendered":"<p>Esta base de cer\u00e2mica para tachos, decorada com coloridas salamandras, \u00e9 uma pe\u00e7a emblem\u00e1tica de Fuerteventura, desenhada para conferir um toque vibrante a qualquer mesa. O seu design atraente apresenta salamandras em tons brilhantes como vermelho, verde, azul e amarelo, elaboradas com um detalhado efeito de mosaico que reflete a rica flora e fauna da ilha. O fundo branco contrasta maravilhosamente com as cores, fazendo com que cada detalhe se destaque e capte a aten\u00e7\u00e3o. A inscri\u00e7\u00e3o &#8220;FUERTEVENTURA&#8221; aparece numa tipografia alegre, acrescentando um toque distintivo e pessoal a este objeto funcional.<\/p>\n<p>A est\u00e9tica artesanal completa-se com uma borda de corda que n\u00e3o s\u00f3 emoldura o design, como tamb\u00e9m garante a durabilidade e praticidade necess\u00e1rias na cozinha. Esta base \u00e9 mais do que um simples acess\u00f3rio; \u00e9 uma recorda\u00e7\u00e3o aut\u00eantica que capta a ess\u00eancia do patrim\u00f3nio cultural de Fuerteventura. Ideal para quem procura lembran\u00e7as representativas da sua viagem, o seu design vibrante e colorido torna-a uma excelente op\u00e7\u00e3o para lojas de presentes tur\u00edsticos. Na Ol\u00e9 Mosaic, oferecemos bases de cer\u00e2mica para tachos por grosso, garantindo a autenticidade e qualidade em cada pe\u00e7a, perfeitas para aqueles que desejam levar um peda\u00e7o de Fuerteventura para casa.<\/p>\n","protected":false},"excerpt":{"rendered":"<p>Base de cer\u00e2mica para tachos decorada com coloridas salamandras, inspirada na flora e fauna de Fuerteventura. Esta atraente base apresenta um design vibrante com detalhes de mosaico e flores, combinando tons brilhantes como o vermelho, verde, azul e amarelo sobre um fundo branco. A inscri\u00e7\u00e3o &#8220;FUERTEVENTURA&#8221; acrescenta um toque distintivo ao produto, enquanto a borda de corda refor\u00e7a a sua est\u00e9tica artesanal e funcionalidade na cozinha.<\/p>\n","protected":false},"featured_media":14187,"template":"","meta":{"_acf_changed":false},"product_brand":[],"product_cat":[830],"product_tag":[516,515],"class_list":{"0":"post-37613","1":"product","2":"type-product","3":"status-publish","4":"has-post-thumbnail","6":"product_cat-bases-para-pratos","7":"product_tag-animais","8":"product_tag-ceramica","9":"pa_ciudad-fuerteventura","10":"pa_motivo-salamandras","11":"pa_pais-espana","13":"first","14":"instock","15":"shipping-taxable","16":"product-type-simple"},"acf":[],"_links":{"self":[{"href":"https:\/\/olemosaic.orbitalia.org\/pt-pt\/wp-json\/wp\/v2\/product\/37613","targetHints":{"allow":["GET"]}}],"collection":[{"href":"https:\/\/olemosaic.orbitalia.org\/pt-pt\/wp-json\/wp\/v2\/product"}],"about":[{"href":"https:\/\/olemosaic.orbitalia.org\/pt-pt\/wp-json\/wp\/v2\/types\/product"}],"wp:featuredmedia":[{"embeddable":true,"href":"https:\/\/olemosaic.orbitalia.org\/pt-pt\/wp-json\/wp\/v2\/media\/14187"}],"wp:attachment":[{"href":"https:\/\/olemosaic.orbitalia.org\/pt-pt\/wp-json\/wp\/v2\/media?parent=37613"}],"wp:term":[{"taxonomy":"product_brand","embeddable":true,"href":"https:\/\/olemosaic.orbitalia.org\/pt-pt\/wp-json\/wp\/v2\/product_brand?post=37613"},{"taxonomy":"product_cat","embeddable":true,"href":"https:\/\/olemosaic.orbitalia.org\/pt-pt\/wp-json\/wp\/v2\/product_cat?post=37613"},{"taxonomy":"product_tag","embeddable":true,"href":"https:\/\/olemosaic.orbitalia.org\/pt-pt\/wp-json\/wp\/v2\/product_tag?post=37613"}],"curies":[{"name":"wp","href":"https:\/\/api.w.org\/{rel}","templated":true}]}}