{"id":37612,"date":"2025-02-20T22:38:27","date_gmt":"2025-02-20T22:38:27","guid":{"rendered":"https:\/\/olemosaic.orbitalia.org\/producto\/salvamanteles-de-ceramica-mariposa-lanzarote\/"},"modified":"2025-07-25T19:52:44","modified_gmt":"2025-07-25T17:52:44","slug":"base-de-ceramica-borboleta-lanzarote","status":"publish","type":"product","link":"https:\/\/olemosaic.orbitalia.org\/pt-pt\/produto\/base-de-ceramica-borboleta-lanzarote\/","title":{"rendered":"Base de cer\u00e2mica para tachos. Borboleta. Lanzarote."},"content":{"rendered":"<p>Esta base de cer\u00e2mica para tachos, decorada com vibrantes borboletas e flores, \u00e9 uma representa\u00e7\u00e3o requintada da paisagem de Lanzarote, captando a ess\u00eancia \u00fanica desta ilha can\u00e1ria. Com um design em mosaico, esta base apresenta duas borboletas de cores brilhantes, em tons vermelhos, amarelos, azuis e verdes, rodeadas de pequenas flores numa paleta harmoniosa, tudo sobre um elegante fundo cinzento. O uso de cores vivas e a aten\u00e7\u00e3o ao detalhe em cada borboleta e flor fazem desta pe\u00e7a um verdadeiro espet\u00e1culo visual, ideal para embelezar qualquer mesa.<\/p>\n<p>A base \u00e9 rematada com uma borda de corda entran\u00e7ada, que lhe confere um toque r\u00fastico e aut\u00eantico, evocando as tradi\u00e7\u00f5es artesanais da regi\u00e3o. Esta pe\u00e7a n\u00e3o \u00e9 apenas funcional, mas tamb\u00e9m uma recorda\u00e7\u00e3o representativa de Lanzarote, um destino conhecido pela sua paisagem vulc\u00e2nica e pela sua rica flora. Ao escolher esta base como lembran\u00e7a, os turistas n\u00e3o s\u00f3 levam para casa um objeto pr\u00e1tico, como tamb\u00e9m uma parte da cultura can\u00e1ria que celebra a beleza natural da ilha.<\/p>\n<p>Na Ol\u00e9 Mosaic, como grossistas de lembran\u00e7as de cer\u00e2mica, oferecemos produtos aut\u00eanticos e cuidadosamente elaborados que destacam a tradi\u00e7\u00e3o e criatividade de Espanha. Esta base de Lanzarote \u00e9 uma excelente op\u00e7\u00e3o para lojas de presentes tur\u00edsticos que procuram lembran\u00e7as \u00fanicas e representativas da cultura local.<\/p>\n","protected":false},"excerpt":{"rendered":"<p>Base de cer\u00e2mica para tachos decorada com coloridas borboletas e flores, inspirada na vibrante paisagem de Lanzarote. Esta atraente base apresenta um design em mosaico, com borboletas em tons vermelhos, amarelos, azuis e verdes, rodeadas de pequenas flores numa paleta semelhante, tudo sobre um fundo cinzento. A pe\u00e7a \u00e9 rematada com uma borda de corda entran\u00e7ada, que lhe d\u00e1 um toque r\u00fastico e aut\u00eantico, ideal para qualquer mesa.<\/p>\n","protected":false},"featured_media":14186,"template":"","meta":{"_acf_changed":false},"product_brand":[],"product_cat":[830],"product_tag":[516,515],"class_list":{"0":"post-37612","1":"product","2":"type-product","3":"status-publish","4":"has-post-thumbnail","6":"product_cat-bases-para-pratos","7":"product_tag-animais","8":"product_tag-ceramica","9":"pa_ciudad-lanzarote","10":"pa_motivo-borboletas","11":"pa_pais-espana","13":"first","14":"instock","15":"shipping-taxable","16":"product-type-simple"},"acf":[],"_links":{"self":[{"href":"https:\/\/olemosaic.orbitalia.org\/pt-pt\/wp-json\/wp\/v2\/product\/37612","targetHints":{"allow":["GET"]}}],"collection":[{"href":"https:\/\/olemosaic.orbitalia.org\/pt-pt\/wp-json\/wp\/v2\/product"}],"about":[{"href":"https:\/\/olemosaic.orbitalia.org\/pt-pt\/wp-json\/wp\/v2\/types\/product"}],"wp:featuredmedia":[{"embeddable":true,"href":"https:\/\/olemosaic.orbitalia.org\/pt-pt\/wp-json\/wp\/v2\/media\/14186"}],"wp:attachment":[{"href":"https:\/\/olemosaic.orbitalia.org\/pt-pt\/wp-json\/wp\/v2\/media?parent=37612"}],"wp:term":[{"taxonomy":"product_brand","embeddable":true,"href":"https:\/\/olemosaic.orbitalia.org\/pt-pt\/wp-json\/wp\/v2\/product_brand?post=37612"},{"taxonomy":"product_cat","embeddable":true,"href":"https:\/\/olemosaic.orbitalia.org\/pt-pt\/wp-json\/wp\/v2\/product_cat?post=37612"},{"taxonomy":"product_tag","embeddable":true,"href":"https:\/\/olemosaic.orbitalia.org\/pt-pt\/wp-json\/wp\/v2\/product_tag?post=37612"}],"curies":[{"name":"wp","href":"https:\/\/api.w.org\/{rel}","templated":true}]}}