{"id":37605,"date":"2025-02-20T23:38:26","date_gmt":"2025-02-20T22:38:26","guid":{"rendered":"https:\/\/olemosaic.orbitalia.org\/producto\/salvamanteles-de-ceramica-salamandra-tenerife\/"},"modified":"2025-07-25T19:15:51","modified_gmt":"2025-07-25T17:15:51","slug":"bases-de-mesa-de-ceramica-salamandra-tenerife","status":"publish","type":"product","link":"https:\/\/olemosaic.orbitalia.org\/pt-pt\/produto\/bases-de-mesa-de-ceramica-salamandra-tenerife\/","title":{"rendered":"Bases de mesa de cer\u00e2mica. Salamandra. Tenerife."},"content":{"rendered":"<p>Esta base de mesa de cer\u00e2mica \u00e9 uma preciosa pe\u00e7a decorativa que captura a ess\u00eancia de Tenerife, uma joia do arquip\u00e9lago can\u00e1rio. Com um design vibrante que apresenta simp\u00e1ticas salamandras numa variedade de cores, esta pe\u00e7a aparenta ser pintada \u00e0 m\u00e3o com um estilo de mosaico que combina tons de azul, verde, vermelho e amarelo, rodeado de flores multicoloridas que conferem um ar festivo e alegre. O texto &#8220;TENERIFE&#8221; destaca-se num formato atrativo, integrando-se na perfei\u00e7\u00e3o na composi\u00e7\u00e3o art\u00edstica da base de mesa.<\/p>\n<p>Com o seu acabamento brilhante e a sua forma circular, esta base de mesa n\u00e3o s\u00f3 \u00e9 pr\u00e1tica para proteger superf\u00edcies na cozinha, como tamb\u00e9m funciona como um elemento decorativo colorido na mesa, conferindo um toque de alegria e autenticidade a qualquer casa. A salamandra, s\u00edmbolo da fauna can\u00e1ria, reflete a rica biodiversidade da regi\u00e3o e representa uma liga\u00e7\u00e3o cultural com o ambiente natural de Tenerife.<\/p>\n<p>Esta base de mesa \u00e9 uma excelente op\u00e7\u00e3o para os turistas que procuram souvenirs de cer\u00e2mica aut\u00eanticos e representativos da sua viagem \u00e0s Ilhas Can\u00e1rias. Na Ol\u00e9 Mosaic, somos especialistas na distribui\u00e7\u00e3o de souvenirs por grosso, oferecendo produtos \u00fanicos que celebram a cultura local. Como grossistas de artigos decorativos, garantimos qualidade, design e singularidade em cada pe\u00e7a, tornando-a ideal para lojas de presentes tur\u00edsticos.<\/p>\n","protected":false},"excerpt":{"rendered":"<p>Base de mesa de cer\u00e2mica com um design colorido de salamandras, que representam a fauna t\u00edpica de Tenerife. Esta pe\u00e7a decorativa, de design artesanal e pintada \u00e0 m\u00e3o, mostra um estilo mosaico vibrante com tons de azul, verde, vermelho e amarelo, rodeado de flores multicoloridas. A base de mesa inclui o texto &#8220;TENERIFE&#8221; num formato atrativo. O seu acabamento brilhante e a sua forma circular tornam-na ideal tanto para um uso pr\u00e1tico na cozinha como para adornar a mesa.<\/p>\n","protected":false},"featured_media":14181,"template":"","meta":{"_acf_changed":false},"product_brand":[],"product_cat":[830],"product_tag":[516,515],"class_list":{"0":"post-37605","1":"product","2":"type-product","3":"status-publish","4":"has-post-thumbnail","6":"product_cat-bases-para-pratos","7":"product_tag-animais","8":"product_tag-ceramica","9":"pa_ciudad-tenerife","10":"pa_motivo-salamandras","11":"pa_pais-espana","13":"first","14":"instock","15":"shipping-taxable","16":"product-type-simple"},"acf":[],"_links":{"self":[{"href":"https:\/\/olemosaic.orbitalia.org\/pt-pt\/wp-json\/wp\/v2\/product\/37605","targetHints":{"allow":["GET"]}}],"collection":[{"href":"https:\/\/olemosaic.orbitalia.org\/pt-pt\/wp-json\/wp\/v2\/product"}],"about":[{"href":"https:\/\/olemosaic.orbitalia.org\/pt-pt\/wp-json\/wp\/v2\/types\/product"}],"wp:featuredmedia":[{"embeddable":true,"href":"https:\/\/olemosaic.orbitalia.org\/pt-pt\/wp-json\/wp\/v2\/media\/14181"}],"wp:attachment":[{"href":"https:\/\/olemosaic.orbitalia.org\/pt-pt\/wp-json\/wp\/v2\/media?parent=37605"}],"wp:term":[{"taxonomy":"product_brand","embeddable":true,"href":"https:\/\/olemosaic.orbitalia.org\/pt-pt\/wp-json\/wp\/v2\/product_brand?post=37605"},{"taxonomy":"product_cat","embeddable":true,"href":"https:\/\/olemosaic.orbitalia.org\/pt-pt\/wp-json\/wp\/v2\/product_cat?post=37605"},{"taxonomy":"product_tag","embeddable":true,"href":"https:\/\/olemosaic.orbitalia.org\/pt-pt\/wp-json\/wp\/v2\/product_tag?post=37605"}],"curies":[{"name":"wp","href":"https:\/\/api.w.org\/{rel}","templated":true}]}}