{"id":37604,"date":"2025-02-20T22:38:26","date_gmt":"2025-02-20T22:38:26","guid":{"rendered":"https:\/\/olemosaic.orbitalia.org\/producto\/salvamanteles-de-ceramica-gato-fuerteventura\/"},"modified":"2025-07-25T19:30:21","modified_gmt":"2025-07-25T17:30:21","slug":"bases-de-mesa-de-ceramica-gato-fuerteventura","status":"publish","type":"product","link":"https:\/\/olemosaic.orbitalia.org\/pt-pt\/produto\/bases-de-mesa-de-ceramica-gato-fuerteventura\/","title":{"rendered":"Bases de mesa de cer\u00e2mica. Gato. Fuerteventura."},"content":{"rendered":"<p>Descubra esta cativante base de mesa de cer\u00e2mica, uma pe\u00e7a decorativa e funcional inspirada na beleza de Fuerteventura. A sua ilustra\u00e7\u00e3o vibrante apresenta gatos ador\u00e1veis numa colorida t\u00e9cnica de mosaico, que captura a ess\u00eancia mais alegre da ilha can\u00e1ria. Os felinos, representados em tonalidades brilhantes de vermelho, azul e verde, ganham vida sobre um fundo din\u00e2mico adornado com formas geom\u00e9tricas que evocam as paisagens art\u00edsticas de Fuerteventura. Na parte superior, o texto &#8220;Fuerteventura&#8221; destaca-se, tornando esta base de mesa num aut\u00eantico s\u00edmbolo da regi\u00e3o.<\/p>\n<p>Esta base de mesa n\u00e3o s\u00f3 protege a sua mesa, como tamb\u00e9m acrescenta um toque insular \u00e0 sua decora\u00e7\u00e3o, sendo um souvenir perfeito para quem deseja recordar a sua visita a esta ilha id\u00edlica. Os detalhes de borboletas decorativas que acompanham os gatos enriquecem ainda mais o design, criando uma liga\u00e7\u00e3o visual com a natureza vibrante de Fuerteventura. Este produto destaca-se pela sua autenticidade como souvenir e pela sua relev\u00e2ncia cultural, representando a heran\u00e7a art\u00edstica local.<\/p>\n<p>Na Ol\u00e9 Mosaic, somos distribuidores de souvenirs por grosso e oferecemos descontos atrativos para lojas de presentes tur\u00edsticos. Esta base de mesa de cer\u00e2mica \u00e9 uma excelente escolha para os comerciantes que procuram incorporar produtos artesanais e aut\u00eanticos na sua oferta, ideais para turistas que procuram recorda\u00e7\u00f5es \u00fanicas de Fuerteventura.<\/p>\n","protected":false},"excerpt":{"rendered":"<p>Base de mesa de cer\u00e2mica com um design colorido inspirado no encanto de Fuerteventura. Este produto apresenta uma ilustra\u00e7\u00e3o vibrante de gatos em t\u00e9cnica de mosaico, complementada por borboletas decorativas. Os gatos, representados numa variedade de cores brilhantes como vermelho, azul e verde, destacam-se sobre um fundo din\u00e2mico de formas geom\u00e9tricas que evocam a natureza art\u00edstica da ilha. Na parte superior, o texto &#8220;Fuerteventura&#8221; acrescenta um elemento distintivo, ideal para dar um toque insular \u00e0 sua mesa.<\/p>\n","protected":false},"featured_media":14180,"template":"","meta":{"_acf_changed":false},"product_brand":[],"product_cat":[830],"product_tag":[516,515],"class_list":{"0":"post-37604","1":"product","2":"type-product","3":"status-publish","4":"has-post-thumbnail","6":"product_cat-bases-para-pratos","7":"product_tag-animais","8":"product_tag-ceramica","9":"pa_ciudad-fuerteventura","10":"pa_motivo-gatos","11":"pa_pais-espana","13":"first","14":"instock","15":"shipping-taxable","16":"product-type-simple"},"acf":[],"_links":{"self":[{"href":"https:\/\/olemosaic.orbitalia.org\/pt-pt\/wp-json\/wp\/v2\/product\/37604","targetHints":{"allow":["GET"]}}],"collection":[{"href":"https:\/\/olemosaic.orbitalia.org\/pt-pt\/wp-json\/wp\/v2\/product"}],"about":[{"href":"https:\/\/olemosaic.orbitalia.org\/pt-pt\/wp-json\/wp\/v2\/types\/product"}],"wp:featuredmedia":[{"embeddable":true,"href":"https:\/\/olemosaic.orbitalia.org\/pt-pt\/wp-json\/wp\/v2\/media\/14180"}],"wp:attachment":[{"href":"https:\/\/olemosaic.orbitalia.org\/pt-pt\/wp-json\/wp\/v2\/media?parent=37604"}],"wp:term":[{"taxonomy":"product_brand","embeddable":true,"href":"https:\/\/olemosaic.orbitalia.org\/pt-pt\/wp-json\/wp\/v2\/product_brand?post=37604"},{"taxonomy":"product_cat","embeddable":true,"href":"https:\/\/olemosaic.orbitalia.org\/pt-pt\/wp-json\/wp\/v2\/product_cat?post=37604"},{"taxonomy":"product_tag","embeddable":true,"href":"https:\/\/olemosaic.orbitalia.org\/pt-pt\/wp-json\/wp\/v2\/product_tag?post=37604"}],"curies":[{"name":"wp","href":"https:\/\/api.w.org\/{rel}","templated":true}]}}