{"id":37602,"date":"2025-02-20T22:38:26","date_gmt":"2025-02-20T22:38:26","guid":{"rendered":"https:\/\/olemosaic.orbitalia.org\/producto\/posavasos-de-coco-surtidos\/"},"modified":"2025-07-25T19:47:41","modified_gmt":"2025-07-25T17:47:41","slug":"bases-para-copos-de-coco-sortidos","status":"publish","type":"product","link":"https:\/\/olemosaic.orbitalia.org\/pt-pt\/produto\/bases-para-copos-de-coco-sortidos\/","title":{"rendered":"Bases para copos de coco. Sortidos."},"content":{"rendered":"<p>Descubra as nossas bases para copos de coco sortidas, elaboradas com uma base de fibras naturais que evocam a riqueza do artesanato mediterr\u00e2nico. Cada base para copos \u00e9 uma obra-prima \u00fanica, adornada com mosaicos coloridos de cer\u00e2mica em tons vibrantes de rosa, azul e verde. Os designs, com motivos florais e geom\u00e9tricos, conferem um toque festivo e buc\u00f3lico a qualquer mesa, tornando estas bases para copos num acess\u00f3rio funcional e decorativo ideal para casas e eventos sociais. A t\u00e9cnica artesanal utilizada no seu fabrico real\u00e7a o compromisso com a sustentabilidade, o que as torna uma escolha consciente para quem valoriza o meio ambiente. Estas bases para copos n\u00e3o s\u00f3 protegem a superf\u00edcie das suas bebidas, como tamb\u00e9m contam hist\u00f3rias de tradi\u00e7\u00e3o e cultura, tornando-se o souvenir perfeito para turistas que procuram levar um pedacinho de Espanha. Na Ol\u00e9 Mosaic, como grossista de souvenirs de alta qualidade, oferecemos estas bases para copos de coco que destacam a autenticidade e a arte local, o que as torna uma excelente op\u00e7\u00e3o para lojas de presentes tur\u00edsticos. Ofere\u00e7a aos seus clientes a oportunidade de desfrutar destas encantadoras e coloridas recorda\u00e7\u00f5es que celebram a biodiversidade e o engenho da cultura mediterr\u00e2nica.<\/p>\n","protected":false},"excerpt":{"rendered":"<p>Bases para copos sortidas de coco, elaboradas com uma base de fibras naturais e decoradas com mosaicos coloridos de cer\u00e2mica. Cada base para copos apresenta um design exclusivo, com motivos florais e geom\u00e9tricos em tons vibrantes como rosa, azul e verde, que lhe conferem um toque artesanal e festivo. A sua t\u00e9cnica de elabora\u00e7\u00e3o destaca o uso de materiais sustent\u00e1veis, o que as torna um acess\u00f3rio decorativo e funcional, ideal para qualquer casa ou evento social.<\/p>\n","protected":false},"featured_media":5948,"template":"","meta":{"_acf_changed":false},"product_brand":[],"product_cat":[818],"product_tag":[],"class_list":{"0":"post-37602","1":"product","2":"type-product","3":"status-publish","4":"has-post-thumbnail","6":"product_cat-bases-de-copos","7":"pa_motivo-flores","9":"first","10":"instock","11":"shipping-taxable","12":"product-type-simple"},"acf":[],"_links":{"self":[{"href":"https:\/\/olemosaic.orbitalia.org\/pt-pt\/wp-json\/wp\/v2\/product\/37602","targetHints":{"allow":["GET"]}}],"collection":[{"href":"https:\/\/olemosaic.orbitalia.org\/pt-pt\/wp-json\/wp\/v2\/product"}],"about":[{"href":"https:\/\/olemosaic.orbitalia.org\/pt-pt\/wp-json\/wp\/v2\/types\/product"}],"wp:featuredmedia":[{"embeddable":true,"href":"https:\/\/olemosaic.orbitalia.org\/pt-pt\/wp-json\/wp\/v2\/media\/5948"}],"wp:attachment":[{"href":"https:\/\/olemosaic.orbitalia.org\/pt-pt\/wp-json\/wp\/v2\/media?parent=37602"}],"wp:term":[{"taxonomy":"product_brand","embeddable":true,"href":"https:\/\/olemosaic.orbitalia.org\/pt-pt\/wp-json\/wp\/v2\/product_brand?post=37602"},{"taxonomy":"product_cat","embeddable":true,"href":"https:\/\/olemosaic.orbitalia.org\/pt-pt\/wp-json\/wp\/v2\/product_cat?post=37602"},{"taxonomy":"product_tag","embeddable":true,"href":"https:\/\/olemosaic.orbitalia.org\/pt-pt\/wp-json\/wp\/v2\/product_tag?post=37602"}],"curies":[{"name":"wp","href":"https:\/\/api.w.org\/{rel}","templated":true}]}}