{"id":37600,"date":"2025-02-20T22:38:25","date_gmt":"2025-02-20T22:38:25","guid":{"rendered":"https:\/\/olemosaic.orbitalia.org\/producto\/posavasos-de-ceramica-sardinas-mallorca\/"},"modified":"2025-07-25T19:40:00","modified_gmt":"2025-07-25T17:40:00","slug":"descanso-de-copos-de-ceramica-sardinhas-maiorca","status":"publish","type":"product","link":"https:\/\/olemosaic.orbitalia.org\/pt-pt\/produto\/descanso-de-copos-de-ceramica-sardinhas-maiorca\/","title":{"rendered":"Descanso de copos de cer\u00e2mica. Sardinhas. Maiorca."},"content":{"rendered":"<p>Este descanso de copos redondo de cer\u00e2mica \u00e9 uma representa\u00e7\u00e3o vibrante da tradi\u00e7\u00e3o mar\u00edtima de Maiorca, desenhado para brilhar em qualquer ambiente. Com um fundo de azulejos brancos e azuis, evoca a ess\u00eancia do Mediterr\u00e2neo, enquanto quatro sardinhas coloridas nadam alegremente na superf\u00edcie. Cada sardinha \u00e9 elaborada com um estilo art\u00edstico cativante, utilizando tons vivos de azul, vermelho, amarelo e verde que contrastam maravilhosamente com a base. A palavra &#8220;MALLORCA&#8221; destaca-se na parte inferior, adicionando um toque aut\u00eantico e local que tornar\u00e1 este artigo uma recorda\u00e7\u00e3o memor\u00e1vel da ilha.<\/p>\n<p>A cer\u00e2mica deste descanso de copos n\u00e3o \u00e9 apenas funcional, protegendo as superf\u00edcies de manchas e riscos, mas tamb\u00e9m serve como pe\u00e7a decorativa que real\u00e7a o ambiente de qualquer casa ou espa\u00e7o. O seu design artesanal reflete a rica heran\u00e7a cultural de Maiorca, um destino que combina hist\u00f3ria, beleza natural e tradi\u00e7\u00f5es costeiras.<\/p>\n<p>Na Ol\u00e9 Mosaic, compreendemos a import\u00e2ncia de oferecer souvenirs que encapsulem a ess\u00eancia da sua origem, e este descanso de copos de cer\u00e2mica \u00e9 a escolha ideal para lojas de presentes tur\u00edsticos. Se procura um artigo aut\u00eantico e representativo de Maiorca, este descanso de copos \u00e9 uma excelente op\u00e7\u00e3o na nossa cole\u00e7\u00e3o de souvenirs de cer\u00e2mica, perfeitos para turistas que desejam levar um pedacinho da cultura local. Como distribuidores de artigos por grosso, garantimos qualidade e design em cada um dos nossos produtos, fazendo deste descanso de copos uma op\u00e7\u00e3o ideal para os amantes da cer\u00e2mica e das recorda\u00e7\u00f5es culturais.<\/p>\n","protected":false},"excerpt":{"rendered":"<p>Descansos de copos de cer\u00e2mica redondos inspirados na tradi\u00e7\u00e3o mar\u00edtima de Maiorca. Decorados com sardinhas coloridas, cada um apresenta vibrantes detalhes em tons de azul, vermelho, amarelo e verde, que contrastam com o fundo de azulejos brancos e azuis. A palavra &#8220;MALLORCA&#8221; destaca-se na parte inferior, conferindo um toque local e aut\u00eantico. Este artigo artesanal combina funcionalidade e arte, ideal para proteger as suas superf\u00edcies com estilo.<\/p>\n","protected":false},"featured_media":14178,"template":"","meta":{"_acf_changed":false},"product_brand":[],"product_cat":[818],"product_tag":[516,515],"class_list":{"0":"post-37600","1":"product","2":"type-product","3":"status-publish","4":"has-post-thumbnail","6":"product_cat-bases-de-copos","7":"product_tag-animais","8":"product_tag-ceramica","9":"pa_ciudad-mallorca","10":"pa_motivo-sardinhas","11":"pa_pais-espana","13":"first","14":"instock","15":"shipping-taxable","16":"product-type-simple"},"acf":[],"_links":{"self":[{"href":"https:\/\/olemosaic.orbitalia.org\/pt-pt\/wp-json\/wp\/v2\/product\/37600","targetHints":{"allow":["GET"]}}],"collection":[{"href":"https:\/\/olemosaic.orbitalia.org\/pt-pt\/wp-json\/wp\/v2\/product"}],"about":[{"href":"https:\/\/olemosaic.orbitalia.org\/pt-pt\/wp-json\/wp\/v2\/types\/product"}],"wp:featuredmedia":[{"embeddable":true,"href":"https:\/\/olemosaic.orbitalia.org\/pt-pt\/wp-json\/wp\/v2\/media\/14178"}],"wp:attachment":[{"href":"https:\/\/olemosaic.orbitalia.org\/pt-pt\/wp-json\/wp\/v2\/media?parent=37600"}],"wp:term":[{"taxonomy":"product_brand","embeddable":true,"href":"https:\/\/olemosaic.orbitalia.org\/pt-pt\/wp-json\/wp\/v2\/product_brand?post=37600"},{"taxonomy":"product_cat","embeddable":true,"href":"https:\/\/olemosaic.orbitalia.org\/pt-pt\/wp-json\/wp\/v2\/product_cat?post=37600"},{"taxonomy":"product_tag","embeddable":true,"href":"https:\/\/olemosaic.orbitalia.org\/pt-pt\/wp-json\/wp\/v2\/product_tag?post=37600"}],"curies":[{"name":"wp","href":"https:\/\/api.w.org\/{rel}","templated":true}]}}