{"id":37598,"date":"2025-02-20T23:38:25","date_gmt":"2025-02-20T22:38:25","guid":{"rendered":"https:\/\/olemosaic.orbitalia.org\/producto\/posavasos-de-ceramica-sardinas-alicante\/"},"modified":"2025-07-25T18:33:54","modified_gmt":"2025-07-25T16:33:54","slug":"descanso-de-copos-de-ceramica-sardinhas-alicante","status":"publish","type":"product","link":"https:\/\/olemosaic.orbitalia.org\/pt-pt\/produto\/descanso-de-copos-de-ceramica-sardinhas-alicante\/","title":{"rendered":"Descanso de copos de cer\u00e2mica. Sardinhas. Alicante."},"content":{"rendered":"<p>Este descanso de copos redondo de cer\u00e2mica \u00e9 uma celebra\u00e7\u00e3o da tradi\u00e7\u00e3o e da cor que caracteriza Alicante, uma cidade famosa pela sua rica cultura mar\u00edtima. Inspirado na gastronomia local, apresenta quatro sardinhas vibrantes em cores apelativas como vermelho, amarelo, azul e verde, nadando com alegria sobre um fundo decorativo que simula azulejos. Este fundo, adornado com um intrincado design floral em tons de branco e azul, cria um contraste atrativo que real\u00e7a a beleza do produto. Com a palavra &#8220;ALICANTE&#8221; impressa num estilo divertido, este descanso de copos pintado \u00e0 m\u00e3o torna-se uma recorda\u00e7\u00e3o aut\u00eantica e festiva, ideal para adornar qualquer mesa.<\/p>\n<p>A liga\u00e7\u00e3o cultural deste souvenir com Alicante n\u00e3o reside apenas nas suas belas cores, mas tamb\u00e9m na import\u00e2ncia das sardinhas na gastronomia local, que faz parte da identidade alicantina desde tempos imemoriais. Este descanso de copos n\u00e3o \u00e9 apenas funcional, mas tamb\u00e9m uma pe\u00e7a decorativa que presta homenagem \u00e0 rica heran\u00e7a cultural da regi\u00e3o. Na Ol\u00e9 Mosaic, somos especialistas na distribui\u00e7\u00e3o de souvenirs de cer\u00e2mica por grosso, oferecendo este descanso de copos como uma excelente op\u00e7\u00e3o para lojas de presentes tur\u00edsticos. Destacamos a sua autenticidade e relev\u00e2ncia cultural, fazendo deste descanso de copos de Alicante uma recorda\u00e7\u00e3o perfeita para os turistas que procuram levar para casa um peda\u00e7o da tradi\u00e7\u00e3o espanhola.<\/p>\n","protected":false},"excerpt":{"rendered":"<p>Descanso de copos de cer\u00e2mica redondo, inspirado na tradi\u00e7\u00e3o alicantina, que apresenta quatro sardinhas de cores vivas: vermelho, amarelo, azul e verde. O fundo decorativo simula azulejos com um design floral em tons de branco e azul, criando um contraste atrativo. Com a palavra &#8220;ALICANTE&#8221; impressa num estilo descontra\u00eddo, este descanso de copos de design artesanal, pintado \u00e0 m\u00e3o, \u00e9 uma excelente adi\u00e7\u00e3o para dar um toque cultural e festivo \u00e0s suas mesas.<\/p>\n","protected":false},"featured_media":14176,"template":"","meta":{"_acf_changed":false},"product_brand":[],"product_cat":[818],"product_tag":[516,515],"class_list":{"0":"post-37598","1":"product","2":"type-product","3":"status-publish","4":"has-post-thumbnail","6":"product_cat-bases-de-copos","7":"product_tag-animais","8":"product_tag-ceramica","9":"pa_ciudad-alicante","10":"pa_motivo-sardinhas","11":"pa_pais-espana","13":"first","14":"instock","15":"shipping-taxable","16":"product-type-simple"},"acf":[],"_links":{"self":[{"href":"https:\/\/olemosaic.orbitalia.org\/pt-pt\/wp-json\/wp\/v2\/product\/37598","targetHints":{"allow":["GET"]}}],"collection":[{"href":"https:\/\/olemosaic.orbitalia.org\/pt-pt\/wp-json\/wp\/v2\/product"}],"about":[{"href":"https:\/\/olemosaic.orbitalia.org\/pt-pt\/wp-json\/wp\/v2\/types\/product"}],"wp:featuredmedia":[{"embeddable":true,"href":"https:\/\/olemosaic.orbitalia.org\/pt-pt\/wp-json\/wp\/v2\/media\/14176"}],"wp:attachment":[{"href":"https:\/\/olemosaic.orbitalia.org\/pt-pt\/wp-json\/wp\/v2\/media?parent=37598"}],"wp:term":[{"taxonomy":"product_brand","embeddable":true,"href":"https:\/\/olemosaic.orbitalia.org\/pt-pt\/wp-json\/wp\/v2\/product_brand?post=37598"},{"taxonomy":"product_cat","embeddable":true,"href":"https:\/\/olemosaic.orbitalia.org\/pt-pt\/wp-json\/wp\/v2\/product_cat?post=37598"},{"taxonomy":"product_tag","embeddable":true,"href":"https:\/\/olemosaic.orbitalia.org\/pt-pt\/wp-json\/wp\/v2\/product_tag?post=37598"}],"curies":[{"name":"wp","href":"https:\/\/api.w.org\/{rel}","templated":true}]}}