{"id":37597,"date":"2025-02-20T23:38:25","date_gmt":"2025-02-20T22:38:25","guid":{"rendered":"https:\/\/olemosaic.orbitalia.org\/producto\/posavasos-de-ceramica-salamandra-y-flores-lanzarote\/"},"modified":"2025-07-25T19:54:51","modified_gmt":"2025-07-25T17:54:51","slug":"descanso-de-copos-de-ceramica-salamandra-e-flores-lanzarote","status":"publish","type":"product","link":"https:\/\/olemosaic.orbitalia.org\/pt-pt\/produto\/descanso-de-copos-de-ceramica-salamandra-e-flores-lanzarote\/","title":{"rendered":"Descanso de copos de cer\u00e2mica. Salamandra e flores. Lanzarote."},"content":{"rendered":"<p>Este colorido descanso de copos de cer\u00e2mica \u00e9 uma aut\u00eantica homenagem visual \u00e0 ess\u00eancia de Lanzarote, capturando a vitalidade vibrante da paisagem can\u00e1ria. Com o seu design pintado \u00e0 m\u00e3o, o descanso de copos apresenta uma encantadora salamandra em tons verdes e azuis, acompanhada por flores radiantes em vermelhos, amarelos e azuis, que evocam a natureza exuberante e a cultura local. A palavra &#8220;Lanzarote&#8221;, impressa com uma tipografia alegre, complementa perfeitamente esta pe\u00e7a, conferindo um toque de frescura e divers\u00e3o. O fundo de acabamento brilhante real\u00e7a os detalhes art\u00edsticos, criando um contraste apelativo que atrai o olhar e enriquece qualquer decora\u00e7\u00e3o.<\/p>\n<p>Este descanso de copos n\u00e3o \u00e9 apenas um acess\u00f3rio \u00fatil para proteger as suas superf\u00edcies, mas tamb\u00e9m atua como uma encantadora recorda\u00e7\u00e3o que celebra a rica heran\u00e7a cultural de Lanzarote. O seu design reflete a influ\u00eancia art\u00edstica da ilha, conhecida pela sua paisagem vulc\u00e2nica e pela sua flora vibrante, tornando-o um souvenir significativo para os turistas que desejem levar um peda\u00e7o desta joia can\u00e1ria para as suas casas.<\/p>\n<p>Na Ol\u00e9 Mosaic, especializamo-nos na distribui\u00e7\u00e3o de souvenirs por grosso e garantimos a autenticidade e qualidade de cada produto. Este descanso de copos de cer\u00e2mica \u00e9 uma excelente op\u00e7\u00e3o para lojas de presentes tur\u00edsticos que procuram oferecer artigos \u00fanicos, coloridos e representativos de Lanzarote. Como grossistas de souvenirs, estamos comprometidos em fornecer pe\u00e7as que n\u00e3o s\u00f3 embelezam, mas tamb\u00e9m contam hist\u00f3rias da rica cultura espanhola.<\/p>\n","protected":false},"excerpt":{"rendered":"<p>Descanso de copos de cer\u00e2mica com uma salamandra e flores coloridas, que evocam a ess\u00eancia de Lanzarote. Este produto destaca-se pelo seu design artesanal, pintado \u00e0 m\u00e3o, e um vibrante mosaico em tons verdes, vermelhos, amarelos e azuis, que captura a vitalidade da paisagem can\u00e1ria. A palavra &#8220;Lanzarote&#8221; est\u00e1 impressa com uma tipografia alegre, complementando o conjunto com um acabamento brilhante que real\u00e7a os motivos florais e a salamandra, tornando-o um souvenir atrativo.<\/p>\n","protected":false},"featured_media":14175,"template":"","meta":{"_acf_changed":false},"product_brand":[],"product_cat":[818],"product_tag":[516,515],"class_list":{"0":"post-37597","1":"product","2":"type-product","3":"status-publish","4":"has-post-thumbnail","6":"product_cat-bases-de-copos","7":"product_tag-animais","8":"product_tag-ceramica","9":"pa_ciudad-lanzarote","10":"pa_motivo-salamandras","11":"pa_pais-espana","13":"first","14":"instock","15":"shipping-taxable","16":"product-type-simple"},"acf":[],"_links":{"self":[{"href":"https:\/\/olemosaic.orbitalia.org\/pt-pt\/wp-json\/wp\/v2\/product\/37597","targetHints":{"allow":["GET"]}}],"collection":[{"href":"https:\/\/olemosaic.orbitalia.org\/pt-pt\/wp-json\/wp\/v2\/product"}],"about":[{"href":"https:\/\/olemosaic.orbitalia.org\/pt-pt\/wp-json\/wp\/v2\/types\/product"}],"wp:featuredmedia":[{"embeddable":true,"href":"https:\/\/olemosaic.orbitalia.org\/pt-pt\/wp-json\/wp\/v2\/media\/14175"}],"wp:attachment":[{"href":"https:\/\/olemosaic.orbitalia.org\/pt-pt\/wp-json\/wp\/v2\/media?parent=37597"}],"wp:term":[{"taxonomy":"product_brand","embeddable":true,"href":"https:\/\/olemosaic.orbitalia.org\/pt-pt\/wp-json\/wp\/v2\/product_brand?post=37597"},{"taxonomy":"product_cat","embeddable":true,"href":"https:\/\/olemosaic.orbitalia.org\/pt-pt\/wp-json\/wp\/v2\/product_cat?post=37597"},{"taxonomy":"product_tag","embeddable":true,"href":"https:\/\/olemosaic.orbitalia.org\/pt-pt\/wp-json\/wp\/v2\/product_tag?post=37597"}],"curies":[{"name":"wp","href":"https:\/\/api.w.org\/{rel}","templated":true}]}}