{"id":37586,"date":"2025-02-20T22:38:23","date_gmt":"2025-02-20T22:38:23","guid":{"rendered":"https:\/\/olemosaic.orbitalia.org\/producto\/posavasos-de-ceramica-salamandra-y-flores-tenerife\/"},"modified":"2025-07-25T19:08:22","modified_gmt":"2025-07-25T17:08:22","slug":"base-de-copos-de-ceramica-salamandra-e-flores-tenerife","status":"publish","type":"product","link":"https:\/\/olemosaic.orbitalia.org\/pt-pt\/produto\/base-de-copos-de-ceramica-salamandra-e-flores-tenerife\/","title":{"rendered":"Base de copos de cer\u00e2mica. Salamandra e flores. Tenerife."},"content":{"rendered":"<p>Esta base de copos de cer\u00e2mica decorada, inspirada na rica cultura de Tenerife, representa uma vibrante salamandra e uma alegre combina\u00e7\u00e3o de flores. Com um design colorido e atraente, a base de copos mistura tons vibrantes de verde, vermelho e amarelo que contrastam com um fundo cinzento, criando um efeito visual cativante. A ilustra\u00e7\u00e3o da salamandra, s\u00edmbolo da fauna local, desenrola-se com detalhes meticulosos, enquanto as flores emblem\u00e1ticas das Ilhas Can\u00e1rias conferem um ar fresco e estival. O texto &#8220;TENERIFE&#8221; destaca-se com uma tipografia divertida, conferindo-lhe um toque distintivo que real\u00e7a a sua origem e identidade cultural.<\/p>\n<p>Este produto n\u00e3o s\u00f3 \u00e9 funcional, como tamb\u00e9m \u00e9 uma excelente recorda\u00e7\u00e3o da beleza natural e da biodiversidade de Tenerife. Ideal para dar um toque can\u00e1rio aos seus momentos de relaxamento, esta base de copos \u00e9 perfeita para quem procura souvenirs aut\u00eanticos que captem a ess\u00eancia da sua viagem. Na Ol\u00e9 Mosaic, como distribuidores de souvenirs por grosso, oferecemos produtos aut\u00eanticos e representativos que destacam a riqueza cultural de Espanha. Esta base de copos de cer\u00e2mica n\u00e3o s\u00f3 embeleza os espa\u00e7os, como tamb\u00e9m convida a recordar o calor das Ilhas Can\u00e1rias em cada utiliza\u00e7\u00e3o, tornando-a uma op\u00e7\u00e3o ideal para lojas de presentes tur\u00edsticos que desejem oferecer uma experi\u00eancia \u00fanica.<\/p>\n","protected":false},"excerpt":{"rendered":"<p>Base de copos de cer\u00e2mica decorada com uma vibrante salamandra e flores, inspirada na rica cultura de Tenerife. Este design colorido e atraente apresenta um mosaico de tons verdes, vermelhos e amarelos, que contrastam com um fundo cinzento. A ilustra\u00e7\u00e3o real\u00e7a a fauna local e as flores emblem\u00e1ticas, enquanto o texto &#8220;TENERIFE&#8221; adiciona um toque distintivo. Ideal para dar um toque can\u00e1rio aos seus momentos de relaxamento.<\/p>\n","protected":false},"featured_media":14164,"template":"","meta":{"_acf_changed":false},"product_brand":[],"product_cat":[818],"product_tag":[516,515],"class_list":{"0":"post-37586","1":"product","2":"type-product","3":"status-publish","4":"has-post-thumbnail","6":"product_cat-bases-de-copos","7":"product_tag-animais","8":"product_tag-ceramica","9":"pa_ciudad-tenerife","10":"pa_motivo-salamandras","11":"pa_pais-espana","13":"first","14":"instock","15":"shipping-taxable","16":"product-type-simple"},"acf":[],"_links":{"self":[{"href":"https:\/\/olemosaic.orbitalia.org\/pt-pt\/wp-json\/wp\/v2\/product\/37586","targetHints":{"allow":["GET"]}}],"collection":[{"href":"https:\/\/olemosaic.orbitalia.org\/pt-pt\/wp-json\/wp\/v2\/product"}],"about":[{"href":"https:\/\/olemosaic.orbitalia.org\/pt-pt\/wp-json\/wp\/v2\/types\/product"}],"wp:featuredmedia":[{"embeddable":true,"href":"https:\/\/olemosaic.orbitalia.org\/pt-pt\/wp-json\/wp\/v2\/media\/14164"}],"wp:attachment":[{"href":"https:\/\/olemosaic.orbitalia.org\/pt-pt\/wp-json\/wp\/v2\/media?parent=37586"}],"wp:term":[{"taxonomy":"product_brand","embeddable":true,"href":"https:\/\/olemosaic.orbitalia.org\/pt-pt\/wp-json\/wp\/v2\/product_brand?post=37586"},{"taxonomy":"product_cat","embeddable":true,"href":"https:\/\/olemosaic.orbitalia.org\/pt-pt\/wp-json\/wp\/v2\/product_cat?post=37586"},{"taxonomy":"product_tag","embeddable":true,"href":"https:\/\/olemosaic.orbitalia.org\/pt-pt\/wp-json\/wp\/v2\/product_tag?post=37586"}],"curies":[{"name":"wp","href":"https:\/\/api.w.org\/{rel}","templated":true}]}}