{"id":37585,"date":"2025-02-20T22:38:22","date_gmt":"2025-02-20T22:38:22","guid":{"rendered":"https:\/\/olemosaic.orbitalia.org\/producto\/posavasos-de-ceramica-salamandra-y-flores-fuerteventura\/"},"modified":"2025-07-25T18:47:31","modified_gmt":"2025-07-25T16:47:31","slug":"base-de-copos-de-ceramica-salamandra-e-flores-fuerteventura","status":"publish","type":"product","link":"https:\/\/olemosaic.orbitalia.org\/pt-pt\/produto\/base-de-copos-de-ceramica-salamandra-e-flores-fuerteventura\/","title":{"rendered":"Base de copos de cer\u00e2mica. Salamandra e flores. Fuerteventura."},"content":{"rendered":"<p>Esta base de copos de cer\u00e2mica \u00e9 uma aut\u00eantica joia decorativa inspirada na biodiversidade e nas paisagens vibrantes de Fuerteventura. Apresenta uma chamativa ilustra\u00e7\u00e3o de uma salamandra, rodeada de flores exuberantes numa paleta de cores vivas que inclui verdes, vermelhos, amarelos e azuis. O fundo de mosaico, que evoca a arte tradicional can\u00e1ria, adiciona um toque aut\u00eantico e distintivo, convertendo cada base de copos numa representa\u00e7\u00e3o \u00fanica da cultura local. A palavra &#8220;Fuerteventura&#8221;, impressa na parte superior, refor\u00e7a o sentido de perten\u00e7a a esta maravilhosa ilha, oferecendo funcionalidade e um apelo visual que transformar\u00e1 qualquer mesa.<\/p>\n<p>Esta base de copos n\u00e3o s\u00f3 protege as superf\u00edcies de manchas, como tamb\u00e9m atua como uma encantadora recorda\u00e7\u00e3o da rica heran\u00e7a cultural de Fuerteventura, famosa pelas suas paisagens vulc\u00e2nicas, praias paradis\u00edacas e uma fauna singular. Na Ol\u00e9 Mosaic, orgulhamo-nos de oferecer souvenirs aut\u00eanticos que refletem a ess\u00eancia das regi\u00f5es que representam. Esta base de copos de cer\u00e2mica \u00e9 uma excelente op\u00e7\u00e3o para lojas de presentes tur\u00edsticos que procuram produtos \u00fanicos e representativos. Como grossistas de artigos decorativos de cer\u00e2mica, garantimos que cada pe\u00e7a combina qualidade e estilo, captando a beleza natural e a identidade de Fuerteventura de forma excecional.<\/p>\n","protected":false},"excerpt":{"rendered":"<p>Base de copos de cer\u00e2mica decorada com uma vibrante salamandra e flores, inspirada na beleza natural de Fuerteventura. Este design atraente apresenta uma ilustra\u00e7\u00e3o colorida em tons de verde, vermelho, amarelo e azul, sobre um fundo de mosaico que evoca a arte tradicional can\u00e1ria. Com a palavra \u00abFuerteventura\u00bb impressa na parte superior, esta base de copos n\u00e3o \u00e9 apenas funcional, mas tamb\u00e9m adiciona um toque de cor e cultura a qualquer mesa.<\/p>\n","protected":false},"featured_media":14163,"template":"","meta":{"_acf_changed":false},"product_brand":[],"product_cat":[818],"product_tag":[516,515],"class_list":{"0":"post-37585","1":"product","2":"type-product","3":"status-publish","4":"has-post-thumbnail","6":"product_cat-bases-de-copos","7":"product_tag-animais","8":"product_tag-ceramica","9":"pa_ciudad-fuerteventura","10":"pa_motivo-salamandras","11":"pa_pais-espana","13":"first","14":"instock","15":"shipping-taxable","16":"product-type-simple"},"acf":[],"_links":{"self":[{"href":"https:\/\/olemosaic.orbitalia.org\/pt-pt\/wp-json\/wp\/v2\/product\/37585","targetHints":{"allow":["GET"]}}],"collection":[{"href":"https:\/\/olemosaic.orbitalia.org\/pt-pt\/wp-json\/wp\/v2\/product"}],"about":[{"href":"https:\/\/olemosaic.orbitalia.org\/pt-pt\/wp-json\/wp\/v2\/types\/product"}],"wp:featuredmedia":[{"embeddable":true,"href":"https:\/\/olemosaic.orbitalia.org\/pt-pt\/wp-json\/wp\/v2\/media\/14163"}],"wp:attachment":[{"href":"https:\/\/olemosaic.orbitalia.org\/pt-pt\/wp-json\/wp\/v2\/media?parent=37585"}],"wp:term":[{"taxonomy":"product_brand","embeddable":true,"href":"https:\/\/olemosaic.orbitalia.org\/pt-pt\/wp-json\/wp\/v2\/product_brand?post=37585"},{"taxonomy":"product_cat","embeddable":true,"href":"https:\/\/olemosaic.orbitalia.org\/pt-pt\/wp-json\/wp\/v2\/product_cat?post=37585"},{"taxonomy":"product_tag","embeddable":true,"href":"https:\/\/olemosaic.orbitalia.org\/pt-pt\/wp-json\/wp\/v2\/product_tag?post=37585"}],"curies":[{"name":"wp","href":"https:\/\/api.w.org\/{rel}","templated":true}]}}