{"id":37581,"date":"2025-02-20T22:38:22","date_gmt":"2025-02-20T22:38:22","guid":{"rendered":"https:\/\/olemosaic.orbitalia.org\/producto\/posavasos-de-ceramica-toros-pamplona\/"},"modified":"2025-07-25T20:19:55","modified_gmt":"2025-07-25T18:19:55","slug":"descanso-copos-ceramica-touros-pamplona","status":"publish","type":"product","link":"https:\/\/olemosaic.orbitalia.org\/pt-pt\/produto\/descanso-copos-ceramica-touros-pamplona\/","title":{"rendered":"Descanso de copos de cer\u00e2mica. Touros. Pamplona."},"content":{"rendered":"<p>Este descanso de copos de cer\u00e2mica, decorado com um vibrante mosaico, \u00e9 uma representa\u00e7\u00e3o art\u00edstica do touro, s\u00edmbolo emblem\u00e1tico de Pamplona. O seu design colorido destaca-se sobre um fundo de tons brilhantes que evocam a energia e vitalidade da cultura de Navarra. No centro, um majestoso touro sobressai com um estilo moderno e divertido, fundindo cores intensas como o azul, verde, vermelho e amarelo, todos cuidadosamente pintados \u00e0 m\u00e3o, o que confere a cada pe\u00e7a um car\u00e1cter \u00fanico e irrepet\u00edvel. Complementando a imagem, apreciam-se belos detalhes florais e o texto \u201cPamplona-Iru\u00f1a\u201d na parte superior, que sublinha a sua liga\u00e7\u00e3o com esta hist\u00f3rica e festiva cidade.<\/p>\n<p>Este descanso de copos n\u00e3o \u00e9 apenas uma escolha decorativa, mas tamb\u00e9m uma recorda\u00e7\u00e3o cultural de Pamplona, ideal para os amantes do folclore espanhol que desejem levar para casa um peda\u00e7o da sua rica tradi\u00e7\u00e3o. O seu design capta a ess\u00eancia das festas de San Ferm\u00edn, real\u00e7ando a import\u00e2ncia do touro na cultura local. Na Ol\u00e9 Mosaic, orgulhamo-nos de oferecer souvenirs aut\u00eanticos e de qualidade por grosso, tornando este descanso de copos um excelente produto para lojas de presentes tur\u00edsticos que procuram oferecer aos seus clientes uma representa\u00e7\u00e3o aut\u00eantica e atraente de Navarra. Elegante, funcional e cheio de hist\u00f3ria, este souvenir \u00e9 perfeito para quem deseja recordar a sua visita a Pamplona de uma forma especial.<\/p>\n","protected":false},"excerpt":{"rendered":"<p>Descanso de copos de cer\u00e2mica decorado com um vibrante mosaico que representa um touro, s\u00edmbolo emblem\u00e1tico de Pamplona. Este colorido design inclui um fundo de cores brilhantes e detalhes florais, juntamente com o texto &#8220;Pamplona-Iru\u00f1a&#8221; na parte superior. A t\u00e9cnica utilizada \u00e9 a pintura \u00e0 m\u00e3o, o que lhe confere um car\u00e1cter \u00fanico. A mistura de tons luminosos e o estilo art\u00edstico evocam a tradi\u00e7\u00e3o cultural da cidade, ideal para qualquer amante do folclore espanhol.<\/p>\n","protected":false},"featured_media":14159,"template":"","meta":{"_acf_changed":false},"product_brand":[],"product_cat":[818],"product_tag":[516,515],"class_list":{"0":"post-37581","1":"product","2":"type-product","3":"status-publish","4":"has-post-thumbnail","6":"product_cat-bases-de-copos","7":"product_tag-animais","8":"product_tag-ceramica","9":"pa_ciudad-pamplona","10":"pa_motivo-touros","11":"pa_pais-espana","13":"first","14":"instock","15":"shipping-taxable","16":"product-type-simple"},"acf":[],"_links":{"self":[{"href":"https:\/\/olemosaic.orbitalia.org\/pt-pt\/wp-json\/wp\/v2\/product\/37581","targetHints":{"allow":["GET"]}}],"collection":[{"href":"https:\/\/olemosaic.orbitalia.org\/pt-pt\/wp-json\/wp\/v2\/product"}],"about":[{"href":"https:\/\/olemosaic.orbitalia.org\/pt-pt\/wp-json\/wp\/v2\/types\/product"}],"wp:featuredmedia":[{"embeddable":true,"href":"https:\/\/olemosaic.orbitalia.org\/pt-pt\/wp-json\/wp\/v2\/media\/14159"}],"wp:attachment":[{"href":"https:\/\/olemosaic.orbitalia.org\/pt-pt\/wp-json\/wp\/v2\/media?parent=37581"}],"wp:term":[{"taxonomy":"product_brand","embeddable":true,"href":"https:\/\/olemosaic.orbitalia.org\/pt-pt\/wp-json\/wp\/v2\/product_brand?post=37581"},{"taxonomy":"product_cat","embeddable":true,"href":"https:\/\/olemosaic.orbitalia.org\/pt-pt\/wp-json\/wp\/v2\/product_cat?post=37581"},{"taxonomy":"product_tag","embeddable":true,"href":"https:\/\/olemosaic.orbitalia.org\/pt-pt\/wp-json\/wp\/v2\/product_tag?post=37581"}],"curies":[{"name":"wp","href":"https:\/\/api.w.org\/{rel}","templated":true}]}}