{"id":37576,"date":"2025-02-20T22:38:21","date_gmt":"2025-02-20T22:38:21","guid":{"rendered":"https:\/\/olemosaic.orbitalia.org\/producto\/posavasos-de-ceramica-gato-tenerife\/"},"modified":"2025-07-25T20:09:39","modified_gmt":"2025-07-25T18:09:39","slug":"base-de-copos-de-ceramica-gato-tenerife","status":"publish","type":"product","link":"https:\/\/olemosaic.orbitalia.org\/pt-pt\/produto\/base-de-copos-de-ceramica-gato-tenerife\/","title":{"rendered":"Base de copos de cer\u00e2mica. Gato. Tenerife."},"content":{"rendered":"<p>Esta base de copos de cer\u00e2mica, decorada com um design felino vibrante, \u00e9 um souvenir colorido e divertido que capta a ess\u00eancia de Tenerife. Com um mosaico fascinante, apresenta tr\u00eas gatos em tons brilhantes de verde, azul e laranja, cada um sobre um fundo cheio de vida com borboletas que esvoa\u00e7am em tonalidades alegres. A palavra &#8220;Tenerife&#8221; destaca-se na parte superior, estampada com uma tipografia que irradia alegria, tornando este objeto n\u00e3o apenas um produto funcional, mas tamb\u00e9m uma aut\u00eantica pe\u00e7a de arte decorativa.<\/p>\n<p>O uso de cores intensas e padr\u00f5es nesta base de copos n\u00e3o s\u00f3 evoca a diversidade da flora e fauna can\u00e1ria, como tamb\u00e9m presta homenagem \u00e0 cultura vitivin\u00edcola da ilha, onde os gatos s\u00e3o apreciados pelo seu papel no controlo de roedores nas vinhas. Este souvenir \u00e9 perfeito para os turistas que procuram levar um peda\u00e7o da vibrante cultura de Tenerife para casa, destacando a sua autenticidade e liga\u00e7\u00e3o com a regi\u00e3o.<\/p>\n<p>Na Ol\u00e9 Mosaic, somos especialistas na distribui\u00e7\u00e3o de souvenirs por grosso, e esta base de copos de cer\u00e2mica \u00e9 uma excelente adi\u00e7\u00e3o para lojas de presentes tur\u00edsticos que procuram oferecer produtos \u00fanicos e representativos de Tenerife. Um presente ideal para quem deseja recordar o calor e a alegria desta bela ilha can\u00e1ria.<\/p>\n","protected":false},"excerpt":{"rendered":"<p>Base de copos de cer\u00e2mica com um design vibrante de gatos, inspirado na flora e fauna de Tenerife. Esta atraente base de copos apresenta um colorido mosaico com tr\u00eas gatos em tons brilhantes de verde, azul e laranja, acompanhados de borboletas sobre um fundo vivo que evoca a ilha can\u00e1ria. A palavra &#8220;Tenerife&#8221; est\u00e1 estampada com uma tipografia alegre, o que adiciona um toque distintivo e divertido a este pr\u00e1tico souvenir. Ideal para dar um toque de coloria a qualquer mesa.<\/p>\n","protected":false},"featured_media":14154,"template":"","meta":{"_acf_changed":false},"product_brand":[],"product_cat":[818],"product_tag":[516,515],"class_list":{"0":"post-37576","1":"product","2":"type-product","3":"status-publish","4":"has-post-thumbnail","6":"product_cat-bases-de-copos","7":"product_tag-animais","8":"product_tag-ceramica","9":"pa_ciudad-tenerife","10":"pa_motivo-gatos","11":"pa_pais-espana","13":"first","14":"instock","15":"shipping-taxable","16":"product-type-simple"},"acf":[],"_links":{"self":[{"href":"https:\/\/olemosaic.orbitalia.org\/pt-pt\/wp-json\/wp\/v2\/product\/37576","targetHints":{"allow":["GET"]}}],"collection":[{"href":"https:\/\/olemosaic.orbitalia.org\/pt-pt\/wp-json\/wp\/v2\/product"}],"about":[{"href":"https:\/\/olemosaic.orbitalia.org\/pt-pt\/wp-json\/wp\/v2\/types\/product"}],"wp:featuredmedia":[{"embeddable":true,"href":"https:\/\/olemosaic.orbitalia.org\/pt-pt\/wp-json\/wp\/v2\/media\/14154"}],"wp:attachment":[{"href":"https:\/\/olemosaic.orbitalia.org\/pt-pt\/wp-json\/wp\/v2\/media?parent=37576"}],"wp:term":[{"taxonomy":"product_brand","embeddable":true,"href":"https:\/\/olemosaic.orbitalia.org\/pt-pt\/wp-json\/wp\/v2\/product_brand?post=37576"},{"taxonomy":"product_cat","embeddable":true,"href":"https:\/\/olemosaic.orbitalia.org\/pt-pt\/wp-json\/wp\/v2\/product_cat?post=37576"},{"taxonomy":"product_tag","embeddable":true,"href":"https:\/\/olemosaic.orbitalia.org\/pt-pt\/wp-json\/wp\/v2\/product_tag?post=37576"}],"curies":[{"name":"wp","href":"https:\/\/api.w.org\/{rel}","templated":true}]}}