{"id":37574,"date":"2025-02-20T22:38:20","date_gmt":"2025-02-20T22:38:20","guid":{"rendered":"https:\/\/olemosaic.orbitalia.org\/producto\/posavasos-de-ceramica-flamencos-tenerife\/"},"modified":"2025-07-25T18:48:47","modified_gmt":"2025-07-25T16:48:47","slug":"base-de-copos-de-ceramica-flamingos-tenerife","status":"publish","type":"product","link":"https:\/\/olemosaic.orbitalia.org\/pt-pt\/produto\/base-de-copos-de-ceramica-flamingos-tenerife\/","title":{"rendered":"Base de copos de cer\u00e2mica. Flamingos. Tenerife."},"content":{"rendered":"<p>Esta base de copos de cer\u00e2mica decorada apresenta um design vibrante de flamingos, inspirado na beleza natural de Tenerife. A pe\u00e7a mostra uma ilustra\u00e7\u00e3o colorida com dois flamingos entrela\u00e7ando os seus pesco\u00e7os num gesto terno, sobre um fundo de mosaicos azuis que evoca um ambiente aqu\u00e1tico animado, e adornado com subtis detalhes em rosa que conferem calor e alegria. A inscri\u00e7\u00e3o &#8220;TENERIFE&#8221; real\u00e7a a origem deste requintado souvenir, adicionando um elemento distintivo e aut\u00eantico que o torna uma excelente op\u00e7\u00e3o para qualquer amante das Ilhas Can\u00e1rias.<\/p>\n<p>A cer\u00e2mica utilizada nesta base de copos n\u00e3o s\u00f3 proporciona durabilidade, como tamb\u00e9m confere um ar de eleg\u00e2ncia e qualidade a qualquer mesa, sendo perfeita para proteger as superf\u00edcies enquanto se adiciona um toque de estilo can\u00e1rio. Este produto \u00e9 um excelente souvenir que capta a ess\u00eancia do ecossistema da ilha, refletindo a rica fauna da regi\u00e3o e a sua liga\u00e7\u00e3o com a \u00e1gua, caracter\u00edsticas profundamente enraizadas na cultura de Tenerife.<\/p>\n<p>Na Ol\u00e9 Mosaic, somos especialistas na distribui\u00e7\u00e3o de souvenirs por grosso. Esta base de copos de flamingos \u00e9 ideal para lojas de presentes tur\u00edsticos que procuram oferecer artigos aut\u00eanticos e representativos da riqueza cultural can\u00e1ria. Sem d\u00favida, uma pe\u00e7a que encantar\u00e1 tanto turistas como locais, tornando-se uma recorda\u00e7\u00e3o memor\u00e1vel da sua visita.<\/p>\n","protected":false},"excerpt":{"rendered":"<p>Base de copos de cer\u00e2mica decorada com um design vibrante de flamingos, inspirado na beleza natural de Tenerife. Esta base de copos apresenta uma ilustra\u00e7\u00e3o colorida de dois flamingos entrela\u00e7ando os seus pesco\u00e7os sobre um fundo de mosaicos azuis e detalhes em rosa, que evocam um ambiente aqu\u00e1tico animado. Ideal para proteger superf\u00edcies e adicionar um toque can\u00e1rio com estilo a qualquer mesa, com a inscri\u00e7\u00e3o &#8220;TENERIFE&#8221; que destaca a sua origem.<\/p>\n","protected":false},"featured_media":14152,"template":"","meta":{"_acf_changed":false},"product_brand":[],"product_cat":[818],"product_tag":[516,515],"class_list":{"0":"post-37574","1":"product","2":"type-product","3":"status-publish","4":"has-post-thumbnail","6":"product_cat-bases-de-copos","7":"product_tag-animais","8":"product_tag-ceramica","9":"pa_ciudad-tenerife","10":"pa_motivo-flamingos","11":"pa_pais-espana","13":"first","14":"instock","15":"shipping-taxable","16":"product-type-simple"},"acf":[],"_links":{"self":[{"href":"https:\/\/olemosaic.orbitalia.org\/pt-pt\/wp-json\/wp\/v2\/product\/37574","targetHints":{"allow":["GET"]}}],"collection":[{"href":"https:\/\/olemosaic.orbitalia.org\/pt-pt\/wp-json\/wp\/v2\/product"}],"about":[{"href":"https:\/\/olemosaic.orbitalia.org\/pt-pt\/wp-json\/wp\/v2\/types\/product"}],"wp:featuredmedia":[{"embeddable":true,"href":"https:\/\/olemosaic.orbitalia.org\/pt-pt\/wp-json\/wp\/v2\/media\/14152"}],"wp:attachment":[{"href":"https:\/\/olemosaic.orbitalia.org\/pt-pt\/wp-json\/wp\/v2\/media?parent=37574"}],"wp:term":[{"taxonomy":"product_brand","embeddable":true,"href":"https:\/\/olemosaic.orbitalia.org\/pt-pt\/wp-json\/wp\/v2\/product_brand?post=37574"},{"taxonomy":"product_cat","embeddable":true,"href":"https:\/\/olemosaic.orbitalia.org\/pt-pt\/wp-json\/wp\/v2\/product_cat?post=37574"},{"taxonomy":"product_tag","embeddable":true,"href":"https:\/\/olemosaic.orbitalia.org\/pt-pt\/wp-json\/wp\/v2\/product_tag?post=37574"}],"curies":[{"name":"wp","href":"https:\/\/api.w.org\/{rel}","templated":true}]}}