{"id":37573,"date":"2025-02-20T23:38:20","date_gmt":"2025-02-20T22:38:20","guid":{"rendered":"https:\/\/olemosaic.orbitalia.org\/producto\/posavasos-de-ceramica-sardinas\/"},"modified":"2025-07-25T20:15:59","modified_gmt":"2025-07-25T18:15:59","slug":"base-de-copos-de-ceramica-sardinhas","status":"publish","type":"product","link":"https:\/\/olemosaic.orbitalia.org\/pt-pt\/produto\/base-de-copos-de-ceramica-sardinhas\/","title":{"rendered":"Base de copos de cer\u00e2mica. Sardinhas."},"content":{"rendered":"<p>Esta base de copos de cer\u00e2mica, decorada com sardinhas coloridas, \u00e9 uma pe\u00e7a vibrante que reflete a rica tradi\u00e7\u00e3o piscat\u00f3ria da costa espanhola. O design apresenta quatro sardinhas em tons de azul, amarelo, vermelho e verde, nadando sobre um fundo branco adornado com intrincados motivos florais azuis, que evocam as cer\u00e2micas t\u00edpicas das regi\u00f5es costeiras. Este acabamento esmaltado e pintado \u00e0 m\u00e3o garante que cada base de copos seja \u00fanica e funcional, ideal para real\u00e7ar a sua mesa com um toque de frescura marinha.<\/p>\n<p>A base de copos n\u00e3o s\u00f3 \u00e9 pr\u00e1tica, como tamb\u00e9m se torna um atraente elemento decorativo que celebrar\u00e1 a cultura mediterr\u00e2nica em qualquer lar. As sardinhas, essenciais na gastronomia espanhola, s\u00e3o um s\u00edmbolo da vida na costa, onde o ambiente marinho e a pesca fazem parte do dia a dia. Este souvenir \u00e9 uma representa\u00e7\u00e3o aut\u00eantica e colorida da ess\u00eancia costeira de Espanha, perfeito para turistas que procuram levar um pedacinho do mar.<\/p>\n<p>Na Ol\u00e9 Mosaic, especializamo-nos na distribui\u00e7\u00e3o por grosso de souvenirs de cer\u00e2mica de qualidade, ideais para lojas de presentes tur\u00edsticos que desejem oferecer produtos representativos e aut\u00eanticos. Esta base de copos de cer\u00e2mica n\u00e3o s\u00f3 \u00e9 um presente pr\u00e1tico, como uma recorda\u00e7\u00e3o indel\u00e9vel das tradi\u00e7\u00f5es piscat\u00f3rias espanholas, tornando-a uma excelente op\u00e7\u00e3o para o seu neg\u00f3cio.<\/p>\n","protected":false},"excerpt":{"rendered":"<p>Base de copos de cer\u00e2mica decorada com sardinhas coloridas, que representam a tradi\u00e7\u00e3o piscat\u00f3ria da costa espanhola. Esta atraente base de copos apresenta um design vibrante com sardinhas em tons de azul, amarelo, vermelho e verde, nadando sobre um fundo branco adornado com motivos florais azuis. O seu acabamento esmaltado e design artesanal, pintado \u00e0 m\u00e3o, assegura uma pe\u00e7a \u00fanica e funcional, ideal para adicionar um toque de frescura e car\u00e1cter a qualquer mesa.<\/p>\n","protected":false},"featured_media":8932,"template":"","meta":{"_acf_changed":false},"product_brand":[],"product_cat":[818],"product_tag":[516,515],"class_list":{"0":"post-37573","1":"product","2":"type-product","3":"status-publish","4":"has-post-thumbnail","6":"product_cat-bases-de-copos","7":"product_tag-animais","8":"product_tag-ceramica","9":"pa_motivo-sardinhas","11":"first","12":"instock","13":"shipping-taxable","14":"product-type-simple"},"acf":[],"_links":{"self":[{"href":"https:\/\/olemosaic.orbitalia.org\/pt-pt\/wp-json\/wp\/v2\/product\/37573","targetHints":{"allow":["GET"]}}],"collection":[{"href":"https:\/\/olemosaic.orbitalia.org\/pt-pt\/wp-json\/wp\/v2\/product"}],"about":[{"href":"https:\/\/olemosaic.orbitalia.org\/pt-pt\/wp-json\/wp\/v2\/types\/product"}],"wp:featuredmedia":[{"embeddable":true,"href":"https:\/\/olemosaic.orbitalia.org\/pt-pt\/wp-json\/wp\/v2\/media\/8932"}],"wp:attachment":[{"href":"https:\/\/olemosaic.orbitalia.org\/pt-pt\/wp-json\/wp\/v2\/media?parent=37573"}],"wp:term":[{"taxonomy":"product_brand","embeddable":true,"href":"https:\/\/olemosaic.orbitalia.org\/pt-pt\/wp-json\/wp\/v2\/product_brand?post=37573"},{"taxonomy":"product_cat","embeddable":true,"href":"https:\/\/olemosaic.orbitalia.org\/pt-pt\/wp-json\/wp\/v2\/product_cat?post=37573"},{"taxonomy":"product_tag","embeddable":true,"href":"https:\/\/olemosaic.orbitalia.org\/pt-pt\/wp-json\/wp\/v2\/product_tag?post=37573"}],"curies":[{"name":"wp","href":"https:\/\/api.w.org\/{rel}","templated":true}]}}