{"id":37567,"date":"2025-02-20T22:38:19","date_gmt":"2025-02-20T22:38:19","guid":{"rendered":"https:\/\/olemosaic.orbitalia.org\/producto\/posavasos-de-ceramica-mariposa-tenerife\/"},"modified":"2025-07-25T18:34:47","modified_gmt":"2025-07-25T16:34:47","slug":"descanso-de-copos-de-ceramica-borboleta-tenerife","status":"publish","type":"product","link":"https:\/\/olemosaic.orbitalia.org\/pt-pt\/produto\/descanso-de-copos-de-ceramica-borboleta-tenerife\/","title":{"rendered":"Descanso de copos de cer\u00e2mica. Borboleta. Tenerife."},"content":{"rendered":"<p>Este descanso de copos de cer\u00e2mica, com o seu design vibrante de borboletas, \u00e9 um aut\u00eantico reflexo da beleza natural de Tenerife. A sua forma redonda \u00e9 adornada com borboletas coloridas em tons de vermelho, amarelo, azul e verde, que parecem ganhar vida sobre um fundo texturizado que imita um mosaico delicado. A decora\u00e7\u00e3o floral que rodeia as borboletas acrescenta um toque alegre e fresco, evocando a exuber\u00e2ncia da flora can\u00e1ria, t\u00e3o pr\u00f3pria da ilha. Na parte superior, a palavra &#8220;TENERIFE&#8221; destaca-se com um design atraente, ligando esta recorda\u00e7\u00e3o a um dos destinos mais belos do arquip\u00e9lago can\u00e1rio.<\/p>\n<p>Este descanso de copos n\u00e3o \u00e9 apenas funcional, mas tamb\u00e9m uma recorda\u00e7\u00e3o encantadora que capta a ess\u00eancia da cultura de Tenerife. As borboletas, s\u00edmbolos de transforma\u00e7\u00e3o e beleza, representam a natureza que rodeia a ilha, onde a biodiversidade florece nas suas paisagens. Sendo uma recorda\u00e7\u00e3o de cer\u00e2mica, destaca-se pela sua autenticidade e qualidade artesanal, tornando-o uma excelente op\u00e7\u00e3o para quem procura um toque mediterr\u00e2nico para a sua casa.<\/p>\n<p>Na Ol\u00e9 Mosaic, especializamo-nos na distribui\u00e7\u00e3o de souvenirs por grosso, e este descanso de copos de borboletas \u00e9 uma oferta ideal para lojas de presentes tur\u00edsticos que procuram produtos que realcem a riqueza cultural e natural de Tenerife. Escolher os nossos descansos de copos \u00e9 optar por uma recorda\u00e7\u00e3o \u00fanica que encantar\u00e1 turistas e locais por igual.<\/p>\n","protected":false},"excerpt":{"rendered":"<p>Descanso de copos de cer\u00e2mica com um design vibrante de borboletas, inspiradas na beleza natural de Tenerife. Este produto redondo apresenta borboletas coloridas em tons vermelhos, amarelos, azuis e verdes, rodeadas de flores decorativas que acrescentam um toque alegre. O fundo mostra uma textura de mosaico que complementa o design colorido. A palavra &#8220;TENERIFE&#8221; aparece na parte superior, real\u00e7ando a liga\u00e7\u00e3o com esta preciosa ilha can\u00e1ria, ideal para dar um toque mediterr\u00e2nico a qualquer casa.<\/p>\n","protected":false},"featured_media":14146,"template":"","meta":{"_acf_changed":false},"product_brand":[],"product_cat":[818],"product_tag":[516,515],"class_list":{"0":"post-37567","1":"product","2":"type-product","3":"status-publish","4":"has-post-thumbnail","6":"product_cat-bases-de-copos","7":"product_tag-animais","8":"product_tag-ceramica","9":"pa_ciudad-tenerife","10":"pa_motivo-borboletas","11":"pa_pais-espana","13":"first","14":"instock","15":"shipping-taxable","16":"product-type-simple"},"acf":[],"_links":{"self":[{"href":"https:\/\/olemosaic.orbitalia.org\/pt-pt\/wp-json\/wp\/v2\/product\/37567","targetHints":{"allow":["GET"]}}],"collection":[{"href":"https:\/\/olemosaic.orbitalia.org\/pt-pt\/wp-json\/wp\/v2\/product"}],"about":[{"href":"https:\/\/olemosaic.orbitalia.org\/pt-pt\/wp-json\/wp\/v2\/types\/product"}],"wp:featuredmedia":[{"embeddable":true,"href":"https:\/\/olemosaic.orbitalia.org\/pt-pt\/wp-json\/wp\/v2\/media\/14146"}],"wp:attachment":[{"href":"https:\/\/olemosaic.orbitalia.org\/pt-pt\/wp-json\/wp\/v2\/media?parent=37567"}],"wp:term":[{"taxonomy":"product_brand","embeddable":true,"href":"https:\/\/olemosaic.orbitalia.org\/pt-pt\/wp-json\/wp\/v2\/product_brand?post=37567"},{"taxonomy":"product_cat","embeddable":true,"href":"https:\/\/olemosaic.orbitalia.org\/pt-pt\/wp-json\/wp\/v2\/product_cat?post=37567"},{"taxonomy":"product_tag","embeddable":true,"href":"https:\/\/olemosaic.orbitalia.org\/pt-pt\/wp-json\/wp\/v2\/product_tag?post=37567"}],"curies":[{"name":"wp","href":"https:\/\/api.w.org\/{rel}","templated":true}]}}