{"id":37560,"date":"2025-02-20T22:38:17","date_gmt":"2025-02-20T22:38:17","guid":{"rendered":"https:\/\/olemosaic.orbitalia.org\/producto\/posavasos-de-ceramica-sardinas-bilbao\/"},"modified":"2025-07-25T19:36:25","modified_gmt":"2025-07-25T17:36:25","slug":"base-de-copos-de-ceramica-sardinhas-bilbau","status":"publish","type":"product","link":"https:\/\/olemosaic.orbitalia.org\/pt-pt\/produto\/base-de-copos-de-ceramica-sardinhas-bilbau\/","title":{"rendered":"Base de copos de cer\u00e2mica. Sardinhas. Bilbau."},"content":{"rendered":"<p>Esta base de copos de cer\u00e2mica \u00e9 uma aut\u00eantica homenagem \u00e0 tradi\u00e7\u00e3o piscat\u00f3ria de Bilbau, ideal para quem procura uma recorda\u00e7\u00e3o que combine funcionalidade e arte. O seu design circular apresenta um vibrante fundo de azulejos em tons de azul e branco que evoca a rica heran\u00e7a cultural da regi\u00e3o. No centro, destacam-se quatro sardinhas ilustradas em cores vivas como vermelho, amarelo e verde, cada uma com um intrincado padr\u00e3o que real\u00e7a a qualidade artesanal do produto. A palavra &#8220;BILBAO&#8221; est\u00e1 impressa de forma l\u00fadica, adicionando um toque distintivo que a torna uma recorda\u00e7\u00e3o memor\u00e1vel.<\/p>\n<p>Esta base de copos n\u00e3o \u00e9 apenas uma pe\u00e7a decorativa, mas tamb\u00e9m proporciona uma solu\u00e7\u00e3o pr\u00e1tica para proteger as suas mesas de manchas e marcas, ideal para qualquer casa ou estabelecimento. A liga\u00e7\u00e3o cultural com Bilbau reflete-se na popularidade das sardinhas, um s\u00edmbolo culin\u00e1rio da regi\u00e3o, o que torna este artigo num detalhe representativo que celebra a gastronomia local.<\/p>\n<p>Na Ol\u00e9 Mosaic, especializamo-nos na distribui\u00e7\u00e3o de recorda\u00e7\u00f5es de cer\u00e2mica por grosso, e esta base de copos de Bilbau \u00e9 um excelente exemplo do nosso compromisso com a qualidade e a autenticidade. Perfeita para lojas de presentes tur\u00edsticos que procuram oferecer aos seus clientes uma recorda\u00e7\u00e3o aut\u00eantica e colorida, esta base de copos ser\u00e1, sem d\u00favida, um atrativo para os visitantes que desejem levar um pedacinho da cultura basca.<\/p>\n","protected":false},"excerpt":{"rendered":"<p>Base de copos de cer\u00e2mica com um design colorido que representa sardinhas, evocando a tradi\u00e7\u00e3o piscat\u00f3ria de Bilbau. Este artigo circular apresenta um fundo que imita azulejos com padr\u00f5es em tons de azul e branco, enquanto as sardinhas est\u00e3o ilustradas em cores vibrantes como vermelho, amarelo e verde. Com o texto &#8220;BILBAO&#8221; impresso, \u00e9 uma recorda\u00e7\u00e3o ideal que combina funcionalidade e um toque art\u00edstico, perfeito para dar um toque distintivo a qualquer mesa.<\/p>\n","protected":false},"featured_media":14139,"template":"","meta":{"_acf_changed":false},"product_brand":[],"product_cat":[818],"product_tag":[516,515],"class_list":{"0":"post-37560","1":"product","2":"type-product","3":"status-publish","4":"has-post-thumbnail","6":"product_cat-bases-de-copos","7":"product_tag-animais","8":"product_tag-ceramica","9":"pa_ciudad-bilbao","10":"pa_motivo-sardinhas","11":"pa_pais-espana","13":"first","14":"instock","15":"shipping-taxable","16":"product-type-simple"},"acf":[],"_links":{"self":[{"href":"https:\/\/olemosaic.orbitalia.org\/pt-pt\/wp-json\/wp\/v2\/product\/37560","targetHints":{"allow":["GET"]}}],"collection":[{"href":"https:\/\/olemosaic.orbitalia.org\/pt-pt\/wp-json\/wp\/v2\/product"}],"about":[{"href":"https:\/\/olemosaic.orbitalia.org\/pt-pt\/wp-json\/wp\/v2\/types\/product"}],"wp:featuredmedia":[{"embeddable":true,"href":"https:\/\/olemosaic.orbitalia.org\/pt-pt\/wp-json\/wp\/v2\/media\/14139"}],"wp:attachment":[{"href":"https:\/\/olemosaic.orbitalia.org\/pt-pt\/wp-json\/wp\/v2\/media?parent=37560"}],"wp:term":[{"taxonomy":"product_brand","embeddable":true,"href":"https:\/\/olemosaic.orbitalia.org\/pt-pt\/wp-json\/wp\/v2\/product_brand?post=37560"},{"taxonomy":"product_cat","embeddable":true,"href":"https:\/\/olemosaic.orbitalia.org\/pt-pt\/wp-json\/wp\/v2\/product_cat?post=37560"},{"taxonomy":"product_tag","embeddable":true,"href":"https:\/\/olemosaic.orbitalia.org\/pt-pt\/wp-json\/wp\/v2\/product_tag?post=37560"}],"curies":[{"name":"wp","href":"https:\/\/api.w.org\/{rel}","templated":true}]}}