{"id":37559,"date":"2025-02-20T22:38:16","date_gmt":"2025-02-20T22:38:16","guid":{"rendered":"https:\/\/olemosaic.orbitalia.org\/producto\/posavasos-de-ceramica-mosaico-mallorca\/"},"modified":"2025-07-25T20:24:29","modified_gmt":"2025-07-25T18:24:29","slug":"base-de-copos-de-ceramica-mosaico-maiorca","status":"publish","type":"product","link":"https:\/\/olemosaic.orbitalia.org\/pt-pt\/produto\/base-de-copos-de-ceramica-mosaico-maiorca\/","title":{"rendered":"Base de copos de cer\u00e2mica. Mosaico. Maiorca."},"content":{"rendered":"<p>Esta base de copos de cer\u00e2mica circular \u00e9 a pe\u00e7a ideal para quem deseja levar um pedacinho de Maiorca para casa. Inspirada nos vibrantes mosaicos mediterr\u00e2nicos, cada base de copos apresenta um elaborado design que captura a rica heran\u00e7a art\u00edstica da ilha. O motivo consiste numa variada combina\u00e7\u00e3o de padr\u00f5es geom\u00e9tricos e florais, exibindo uma paleta de cores que inclui vermelhos, amarelos, azuis e cinzentos, evocando o alegre ambiente balear. A palavra &#8220;Mallorca&#8221; est\u00e1 elegantemente impressa, adicionando um toque distintivo e de autenticidade \u00e0 pe\u00e7a.<\/p>\n<p>Este produto n\u00e3o s\u00f3 cumpre a sua fun\u00e7\u00e3o de proteger as superf\u00edcies de manchas, como tamb\u00e9m se torna o centro das aten\u00e7\u00f5es de qualquer mesa. O seu acabamento em cer\u00e2mica de alta qualidade garante durabilidade e resist\u00eancia, tornando esta base de copos um artigo pr\u00e1tico e decorativo. Ao ser realizada atrav\u00e9s de uma t\u00e9cnica tradicional, a pe\u00e7a presta homenagem \u00e0 rica cultura da cer\u00e2mica em Maiorca, onde os coloridos azulejos s\u00e3o parte essencial do patrim\u00f3nio art\u00edstico local.<\/p>\n<p>Na Ol\u00e9 Mosaic oferecemos esta requintada lembran\u00e7a de Maiorca, perfeita para turistas em busca de recorda\u00e7\u00f5es aut\u00eanticas e significativas. Ideal para lojas de presentes tur\u00edsticos, estas bases de copos n\u00e3o s\u00e3o apenas uma excelente adi\u00e7\u00e3o a qualquer estabelecimento, mas tamb\u00e9m representam um peda\u00e7o da cultura espanhola, tornando-se recorda\u00e7\u00f5es de cer\u00e2mica significativas que encantar\u00e3o qualquer visitante. Como grossistas de lembran\u00e7as, garantimos um produto que funde funcionalidade e beleza, ideal para quem deseja levar uma recorda\u00e7\u00e3o das suas viagens.<\/p>\n","protected":false},"excerpt":{"rendered":"<p>Bases de copos circulares de cer\u00e2mica inspiradas nos coloridos mosaicos de Maiorca. Estas bases de copos apresentam um design vibrante com padr\u00f5es geom\u00e9tricos e florais, em tons de vermelho, amarelo, azul e cinzento, que capturam a ess\u00eancia da arte balear. Cada pe\u00e7a reflete a t\u00e9cnica tradicional dos azulejos maiorquinos, com a palavra &#8220;Mallorca&#8221; elegantemente impressa. Perfeitas para adicionar um toque \u00fanico e cultural a qualquer mesa, ao mesmo tempo que protegem a superf\u00edcie.<\/p>\n","protected":false},"featured_media":14138,"template":"","meta":{"_acf_changed":false},"product_brand":[],"product_cat":[818],"product_tag":[515],"class_list":{"0":"post-37559","1":"product","2":"type-product","3":"status-publish","4":"has-post-thumbnail","6":"product_cat-bases-de-copos","7":"product_tag-ceramica","8":"pa_ciudad-mallorca","9":"pa_motivo-mosaico","10":"pa_pais-espana","12":"first","13":"instock","14":"shipping-taxable","15":"product-type-simple"},"acf":[],"_links":{"self":[{"href":"https:\/\/olemosaic.orbitalia.org\/pt-pt\/wp-json\/wp\/v2\/product\/37559","targetHints":{"allow":["GET"]}}],"collection":[{"href":"https:\/\/olemosaic.orbitalia.org\/pt-pt\/wp-json\/wp\/v2\/product"}],"about":[{"href":"https:\/\/olemosaic.orbitalia.org\/pt-pt\/wp-json\/wp\/v2\/types\/product"}],"wp:featuredmedia":[{"embeddable":true,"href":"https:\/\/olemosaic.orbitalia.org\/pt-pt\/wp-json\/wp\/v2\/media\/14138"}],"wp:attachment":[{"href":"https:\/\/olemosaic.orbitalia.org\/pt-pt\/wp-json\/wp\/v2\/media?parent=37559"}],"wp:term":[{"taxonomy":"product_brand","embeddable":true,"href":"https:\/\/olemosaic.orbitalia.org\/pt-pt\/wp-json\/wp\/v2\/product_brand?post=37559"},{"taxonomy":"product_cat","embeddable":true,"href":"https:\/\/olemosaic.orbitalia.org\/pt-pt\/wp-json\/wp\/v2\/product_cat?post=37559"},{"taxonomy":"product_tag","embeddable":true,"href":"https:\/\/olemosaic.orbitalia.org\/pt-pt\/wp-json\/wp\/v2\/product_tag?post=37559"}],"curies":[{"name":"wp","href":"https:\/\/api.w.org\/{rel}","templated":true}]}}