{"id":37556,"date":"2025-02-20T22:38:16","date_gmt":"2025-02-20T22:38:16","guid":{"rendered":"https:\/\/olemosaic.orbitalia.org\/producto\/plato-de-ceramica-de-15-cm-sardinas-blanco\/"},"modified":"2025-07-25T19:27:45","modified_gmt":"2025-07-25T17:27:45","slug":"prato-de-ceramica-de-15-cm-sardinhas-branco","status":"publish","type":"product","link":"https:\/\/olemosaic.orbitalia.org\/pt-pt\/produto\/prato-de-ceramica-de-15-cm-sardinhas-branco\/","title":{"rendered":"Prato de cer\u00e2mica de 15 cm. Sardinhas. Branco."},"content":{"rendered":"<p>Descubra o nosso encantador prato de cer\u00e2mica de 15 cm, decorado com sardinhas vibrantes sobre um fundo branco, adornado com detalhes em azul que evocam a tradi\u00e7\u00e3o mar\u00edtima da costa espanhola. Este prato destaca-se pelo seu design alegre e colorido, com sardinhas em tons brilhantes de laranja, vermelho, verde e azul, dispostas num estilo gr\u00e1fico distintivo que confere um toque de frescura e folclore mediterr\u00e2nico. Ideal tanto para decorar a mesa como para colecionar, este artigo n\u00e3o s\u00f3 embeleza a casa, como tamb\u00e9m reflete a rica cultura culin\u00e1ria de Espanha, onde o peixe \u00e9 um elemento imprescind\u00edvel na sua gastronomia.<\/p>\n<p>Cada prato \u00e9 uma homenagem \u00e0 heran\u00e7a piscat\u00f3ria das regi\u00f5es costeiras, recordando aos visitantes a import\u00e2ncia dos produtos do mar na dieta mediterr\u00e2nica. Esta recorda\u00e7\u00e3o representa a alegria da vida junto ao mar, tornando-se uma op\u00e7\u00e3o perfeita para turistas que procuram levar um peda\u00e7o da cultura espanhola. Na Ol\u00e9 Mosaic, como grossistas de pratos de cer\u00e2mica, oferecemos recorda\u00e7\u00f5es aut\u00eanticas que capturam a ess\u00eancia de cada canto de Espanha, ideais para lojas de presentes tur\u00edsticos que procuram produtos originais e de alta qualidade.<\/p>\n","protected":false},"excerpt":{"rendered":"<p>Prato de cer\u00e2mica de 15 cm, decorado com sardinhas coloridas sobre um fundo branco com detalhes azuis. Este encantador prato apresenta um design alegre e vibrante, com sardinhas em tons de laranja, vermelho, verde e azul a nadar num estilo gr\u00e1fico distintivo. Ideal para adicionar um toque de folclore mediterr\u00e2nico \u00e0 sua mesa ou como objeto decorativo, este artigo reflete a rica tradi\u00e7\u00e3o culin\u00e1ria da costa espanhola, tornando-se uma recorda\u00e7\u00e3o perfeita.<\/p>\n","protected":false},"featured_media":8894,"template":"","meta":{"_acf_changed":false},"product_brand":[],"product_cat":[629],"product_tag":[516,515],"class_list":{"0":"post-37556","1":"product","2":"type-product","3":"status-publish","4":"has-post-thumbnail","6":"product_cat-pratos-decorativos","7":"product_tag-animais","8":"product_tag-ceramica","9":"pa_motivo-sardinhas","11":"first","12":"instock","13":"shipping-taxable","14":"product-type-simple"},"acf":[],"_links":{"self":[{"href":"https:\/\/olemosaic.orbitalia.org\/pt-pt\/wp-json\/wp\/v2\/product\/37556","targetHints":{"allow":["GET"]}}],"collection":[{"href":"https:\/\/olemosaic.orbitalia.org\/pt-pt\/wp-json\/wp\/v2\/product"}],"about":[{"href":"https:\/\/olemosaic.orbitalia.org\/pt-pt\/wp-json\/wp\/v2\/types\/product"}],"wp:featuredmedia":[{"embeddable":true,"href":"https:\/\/olemosaic.orbitalia.org\/pt-pt\/wp-json\/wp\/v2\/media\/8894"}],"wp:attachment":[{"href":"https:\/\/olemosaic.orbitalia.org\/pt-pt\/wp-json\/wp\/v2\/media?parent=37556"}],"wp:term":[{"taxonomy":"product_brand","embeddable":true,"href":"https:\/\/olemosaic.orbitalia.org\/pt-pt\/wp-json\/wp\/v2\/product_brand?post=37556"},{"taxonomy":"product_cat","embeddable":true,"href":"https:\/\/olemosaic.orbitalia.org\/pt-pt\/wp-json\/wp\/v2\/product_cat?post=37556"},{"taxonomy":"product_tag","embeddable":true,"href":"https:\/\/olemosaic.orbitalia.org\/pt-pt\/wp-json\/wp\/v2\/product_tag?post=37556"}],"curies":[{"name":"wp","href":"https:\/\/api.w.org\/{rel}","templated":true}]}}