{"id":37552,"date":"2025-02-20T23:38:15","date_gmt":"2025-02-20T22:38:15","guid":{"rendered":"https:\/\/olemosaic.orbitalia.org\/producto\/mug-de-ceramica-sardinas-blanco-95-cm\/"},"modified":"2025-07-25T18:53:35","modified_gmt":"2025-07-25T16:53:35","slug":"caneca-de-ceramica-sardinhas-branco-9-5-cm","status":"publish","type":"product","link":"https:\/\/olemosaic.orbitalia.org\/pt-pt\/produto\/caneca-de-ceramica-sardinhas-branco-9-5-cm\/","title":{"rendered":"Caneca de cer\u00e2mica. Sardinhas. Branco. 9,5 cm."},"content":{"rendered":"<p>Esta caneca de cer\u00e2mica com um design vibrante de sardinhas \u00e9 um reflexo aut\u00eantico da rica tradi\u00e7\u00e3o piscat\u00f3ria de Portugal. Com uma altura de 9,5 cm, este artigo atraente combina funcionalidade e estilo, sendo ideal tanto para o uso di\u00e1rio como para ser exibido numa cole\u00e7\u00e3o de recorda\u00e7\u00f5es. O seu fundo branco, adornado com intrincados motivos azuis que evocam a azulejaria portuguesa, proporciona uma tela perfeita para as sardinhas coloridas, que se destacam em tons vibrantes de vermelho, amarelo, azul e laranja. Esta paleta de cores n\u00e3o s\u00f3 a torna um objeto decorativo, mas tamb\u00e9m uma homenagem \u00e0 diversidade e riqueza do mar Mediterr\u00e2neo.<\/p>\n<p>A asa da caneca, engenhosamente desenhada em forma de peixe, acrescenta um toque distintivo e artesanal que sublinha a autenticidade da recorda\u00e7\u00e3o. Esta caneca n\u00e3o \u00e9 apenas um artigo pr\u00e1tico, mas tamb\u00e9m uma lembran\u00e7a emblem\u00e1tica de Portugal, ideal para turistas que procuram levar para casa um peda\u00e7o da cultura local. Na Ol\u00e9 Mosaic, especializamo-nos na distribui\u00e7\u00e3o de recorda\u00e7\u00f5es por grosso, e esta caneca de sardinhas representa a liga\u00e7\u00e3o cultural entre o mar e a tradi\u00e7\u00e3o portuguesa, oferecendo aos seus clientes uma op\u00e7\u00e3o \u00fanica e colorida. Perfeita para lojas de presentes tur\u00edsticos que desejem oferecer produtos que celebrem o esp\u00edrito mediterr\u00e2nico.<\/p>\n","protected":false},"excerpt":{"rendered":"<p>Caneca de cer\u00e2mica com um design colorido de sardinhas que evoca a tradi\u00e7\u00e3o piscat\u00f3ria portuguesa. Com uma altura de 9,5 cm, esta pe\u00e7a apresenta um fundo branco decorado com intrincados motivos azuis, sobre o qual se destacam as sardinhas em tons vibrantes de vermelho, amarelo, azul e laranja. A elegante asa em forma de peixe acrescenta um toque distintivo e artesanal, tornando esta caneca uma recorda\u00e7\u00e3o atraente para os amantes do mar e da cultura mediterr\u00e2nica.<\/p>\n","protected":false},"featured_media":8918,"template":"","meta":{"_acf_changed":false},"product_brand":[],"product_cat":[726],"product_tag":[516,515],"class_list":{"0":"post-37552","1":"product","2":"type-product","3":"status-publish","4":"has-post-thumbnail","6":"product_cat-mugs","7":"product_tag-animais","8":"product_tag-ceramica","9":"pa_motivo-sardinhas","11":"first","12":"instock","13":"shipping-taxable","14":"product-type-simple"},"acf":[],"_links":{"self":[{"href":"https:\/\/olemosaic.orbitalia.org\/pt-pt\/wp-json\/wp\/v2\/product\/37552","targetHints":{"allow":["GET"]}}],"collection":[{"href":"https:\/\/olemosaic.orbitalia.org\/pt-pt\/wp-json\/wp\/v2\/product"}],"about":[{"href":"https:\/\/olemosaic.orbitalia.org\/pt-pt\/wp-json\/wp\/v2\/types\/product"}],"wp:featuredmedia":[{"embeddable":true,"href":"https:\/\/olemosaic.orbitalia.org\/pt-pt\/wp-json\/wp\/v2\/media\/8918"}],"wp:attachment":[{"href":"https:\/\/olemosaic.orbitalia.org\/pt-pt\/wp-json\/wp\/v2\/media?parent=37552"}],"wp:term":[{"taxonomy":"product_brand","embeddable":true,"href":"https:\/\/olemosaic.orbitalia.org\/pt-pt\/wp-json\/wp\/v2\/product_brand?post=37552"},{"taxonomy":"product_cat","embeddable":true,"href":"https:\/\/olemosaic.orbitalia.org\/pt-pt\/wp-json\/wp\/v2\/product_cat?post=37552"},{"taxonomy":"product_tag","embeddable":true,"href":"https:\/\/olemosaic.orbitalia.org\/pt-pt\/wp-json\/wp\/v2\/product_tag?post=37552"}],"curies":[{"name":"wp","href":"https:\/\/api.w.org\/{rel}","templated":true}]}}