{"id":37550,"date":"2025-02-20T23:38:15","date_gmt":"2025-02-20T22:38:15","guid":{"rendered":"https:\/\/olemosaic.orbitalia.org\/producto\/llavero-de-madera-toro-3\/"},"modified":"2025-07-25T18:44:39","modified_gmt":"2025-07-25T16:44:39","slug":"porta-chaves-de-madeira-touro-3","status":"publish","type":"product","link":"https:\/\/olemosaic.orbitalia.org\/pt-pt\/produto\/porta-chaves-de-madeira-touro-3\/","title":{"rendered":"Porta-chaves de madeira. Mosaico. Touro."},"content":{"rendered":"<p>Este porta-chaves de madeira com a figura estilizada de um touro \u00e9 uma emblem\u00e1tica recorda\u00e7\u00e3o da cultura espanhola. O seu design vibrante e impactante caracteriza-se por um mosaico colorido que combina tons verdes, vermelhos, amarelos e azuis, criando um efeito visual contempor\u00e2neo que atrai todos os olhares. A forma distintiva do touro, um s\u00edmbolo ic\u00f3nico da tradi\u00e7\u00e3o taurina espanhola, \u00e9 real\u00e7ada com a riqueza das cores, evocando a paix\u00e3o e o dinamismo que rodeiam esta antiga pr\u00e1tica cultural.<\/p>\n<p>O porta-chaves n\u00e3o \u00e9 apenas um acess\u00f3rio funcional, mas tamb\u00e9m serve como uma recorda\u00e7\u00e3o aut\u00eantica e representativa da diversidade cultural do pa\u00eds. A sua elabora\u00e7\u00e3o em madeira adiciona um toque artesanal que sublinha a qualidade do produto e a sua liga\u00e7\u00e3o com a tradi\u00e7\u00e3o espanhola, tornando-o uma pe\u00e7a perfeita para quem procura souvenirs que captem a ess\u00eancia da sua viagem.<\/p>\n<p>Na Ol\u00e9 Mosaic oferecemos este porta-chaves de touro como parte da nossa ampla gama de souvenirs de madeira, ideal para lojas de recorda\u00e7\u00f5es tur\u00edsticas que desejam proporcionar produtos aut\u00eanticos e memor\u00e1veis. Este porta-chaves \u00e9 uma excelente escolha para os turistas e, al\u00e9m disso, uma forma de levar consigo um peda\u00e7o de Espanha e a sua rica heran\u00e7a cultural. Como grossistas de souvenirs, garantimos um design atraente e divertido que encantar\u00e1 qualquer amante da cultura espanhola.<\/p>\n","protected":false},"excerpt":{"rendered":"<p>Porta-chaves de madeira com a figura estilizada de um touro, um s\u00edmbolo ic\u00f3nico da cultura espanhola. Este chamativo acess\u00f3rio \u00e9 elaborado com um design colorido que apresenta um mosaico vibrante, com tons verdes, vermelhos, amarelos e azuis, que cria um efeito visual contempor\u00e2neo. A sua forma distintiva e art\u00edstica representa a tradi\u00e7\u00e3o taurina de Espanha, tornando-o um souvenir \u00fanico para recordar a riqueza cultural do pa\u00eds.<\/p>\n","protected":false},"featured_media":10713,"template":"","meta":{"_acf_changed":false},"product_brand":[],"product_cat":[611],"product_tag":[516],"class_list":{"0":"post-37550","1":"product","2":"type-product","3":"status-publish","4":"has-post-thumbnail","6":"product_cat-porta-chaves","7":"product_tag-animais","8":"pa_motivo-touros","10":"first","11":"instock","12":"shipping-taxable","13":"product-type-simple"},"acf":[],"_links":{"self":[{"href":"https:\/\/olemosaic.orbitalia.org\/pt-pt\/wp-json\/wp\/v2\/product\/37550","targetHints":{"allow":["GET"]}}],"collection":[{"href":"https:\/\/olemosaic.orbitalia.org\/pt-pt\/wp-json\/wp\/v2\/product"}],"about":[{"href":"https:\/\/olemosaic.orbitalia.org\/pt-pt\/wp-json\/wp\/v2\/types\/product"}],"wp:featuredmedia":[{"embeddable":true,"href":"https:\/\/olemosaic.orbitalia.org\/pt-pt\/wp-json\/wp\/v2\/media\/10713"}],"wp:attachment":[{"href":"https:\/\/olemosaic.orbitalia.org\/pt-pt\/wp-json\/wp\/v2\/media?parent=37550"}],"wp:term":[{"taxonomy":"product_brand","embeddable":true,"href":"https:\/\/olemosaic.orbitalia.org\/pt-pt\/wp-json\/wp\/v2\/product_brand?post=37550"},{"taxonomy":"product_cat","embeddable":true,"href":"https:\/\/olemosaic.orbitalia.org\/pt-pt\/wp-json\/wp\/v2\/product_cat?post=37550"},{"taxonomy":"product_tag","embeddable":true,"href":"https:\/\/olemosaic.orbitalia.org\/pt-pt\/wp-json\/wp\/v2\/product_tag?post=37550"}],"curies":[{"name":"wp","href":"https:\/\/api.w.org\/{rel}","templated":true}]}}