{"id":37546,"date":"2025-02-20T23:38:14","date_gmt":"2025-02-20T22:38:14","guid":{"rendered":"https:\/\/olemosaic.orbitalia.org\/producto\/4-bols-de-coco-de-13-x-6-cm-salamandra-barcelona-5\/"},"modified":"2025-07-25T19:33:55","modified_gmt":"2025-07-25T17:33:55","slug":"4-tacas-de-coco-de-13-x-6-cm-salamandra-barcelona-5","status":"publish","type":"product","link":"https:\/\/olemosaic.orbitalia.org\/pt-pt\/produto\/4-tacas-de-coco-de-13-x-6-cm-salamandra-barcelona-5\/","title":{"rendered":"4 Ta\u00e7as de coco de 13 x 6 cm. Mosaico. Salamandra. Barcelona."},"content":{"rendered":"<p>Este conjunto de 4 ta\u00e7as de coco \u00e9 uma maravilhosa representa\u00e7\u00e3o da riqueza cultural barcelonesa, desenhado para captar a aten\u00e7\u00e3o e levar um peda\u00e7o desta vibrante cidade a qualquer lar. Cada ta\u00e7a, de 13 x 6 cm, destaca-se pelas suas cores vibrantes: azul, laranja, vermelho e rosa, que evocam a energia e a criatividade que caracterizam a capital catal\u00e3. A emblem\u00e1tica salamandra, s\u00edmbolo da obra de Antoni Gaud\u00ed, adorna cada pe\u00e7a de forma elegante, criando um design pintado \u00e0 m\u00e3o que presta homenagem ao famoso trencad\u00eds e ao modernismo catal\u00e3o. Este acabamento, que simula um mosaico desgastado, n\u00e3o s\u00f3 embeleza cada ta\u00e7a, como tamb\u00e9m une arte e funcionalidade, tornando-as uma recorda\u00e7\u00e3o perfeita para os turistas.<\/p>\n<p>A palavra &#8220;Barcelona&#8221;, claramente marcada, reivindica a sua ess\u00eancia e liga\u00e7\u00e3o cultural com a cidade. Estas ta\u00e7as n\u00e3o s\u00e3o apenas um acess\u00f3rio, mas uma aut\u00eantica recorda\u00e7\u00e3o da mestria art\u00edstica de Gaud\u00ed, ideal para quem procura recorda\u00e7\u00f5es \u00fanicas de Barcelona. Na Ol\u00e9 Mosaic, orgulhamo-nos de oferecer recorda\u00e7\u00f5es de alta qualidade que representam a autenticidade e a arte da regi\u00e3o. Este conjunto de ta\u00e7as de coco \u00e9 uma excelente op\u00e7\u00e3o para lojas de presentes tur\u00edsticos, garantindo uma escolha apelativa e relevante para os visitantes que desejam levar um peda\u00e7o de Barcelona no cora\u00e7\u00e3o. Como grossistas de recorda\u00e7\u00f5es, oferecemos produtos que combinam tradi\u00e7\u00e3o, est\u00e9tica e significado cultural.<\/p>\n","protected":false},"excerpt":{"rendered":"<p>Conjunto de 4 ta\u00e7as de coco, de 13 x 6 cm, decoradas com a emblem\u00e1tica salamandra de Barcelona. Cada ta\u00e7a apresenta uma cor vibrante: azul, laranja, vermelho e rosa, com um acabamento que simula um mosaico inspirado no famoso trencad\u00eds de Gaud\u00ed. Cada pe\u00e7a est\u00e1 marcada com a palavra &#8220;Barcelona&#8221;, fundindo arte e funcionalidade num design artesanal, pintado \u00e0 m\u00e3o, que captura a ess\u00eancia do modernismo catal\u00e3o e a sua rica cultura.<\/p>\n","protected":false},"featured_media":14134,"template":"","meta":{"_acf_changed":false},"product_brand":[],"product_cat":[513],"product_tag":[516],"class_list":{"0":"post-37546","1":"product","2":"type-product","3":"status-publish","4":"has-post-thumbnail","6":"product_cat-bols","7":"product_tag-animais","8":"pa_ciudad-barcelona","9":"pa_motivo-salamandras","10":"pa_pais-espana","12":"first","13":"instock","14":"shipping-taxable","15":"product-type-simple"},"acf":[],"_links":{"self":[{"href":"https:\/\/olemosaic.orbitalia.org\/pt-pt\/wp-json\/wp\/v2\/product\/37546","targetHints":{"allow":["GET"]}}],"collection":[{"href":"https:\/\/olemosaic.orbitalia.org\/pt-pt\/wp-json\/wp\/v2\/product"}],"about":[{"href":"https:\/\/olemosaic.orbitalia.org\/pt-pt\/wp-json\/wp\/v2\/types\/product"}],"wp:featuredmedia":[{"embeddable":true,"href":"https:\/\/olemosaic.orbitalia.org\/pt-pt\/wp-json\/wp\/v2\/media\/14134"}],"wp:attachment":[{"href":"https:\/\/olemosaic.orbitalia.org\/pt-pt\/wp-json\/wp\/v2\/media?parent=37546"}],"wp:term":[{"taxonomy":"product_brand","embeddable":true,"href":"https:\/\/olemosaic.orbitalia.org\/pt-pt\/wp-json\/wp\/v2\/product_brand?post=37546"},{"taxonomy":"product_cat","embeddable":true,"href":"https:\/\/olemosaic.orbitalia.org\/pt-pt\/wp-json\/wp\/v2\/product_cat?post=37546"},{"taxonomy":"product_tag","embeddable":true,"href":"https:\/\/olemosaic.orbitalia.org\/pt-pt\/wp-json\/wp\/v2\/product_tag?post=37546"}],"curies":[{"name":"wp","href":"https:\/\/api.w.org\/{rel}","templated":true}]}}