{"id":37544,"date":"2025-02-20T23:38:14","date_gmt":"2025-02-20T22:38:14","guid":{"rendered":"https:\/\/olemosaic.orbitalia.org\/producto\/4-bols-de-coco-de-13-x-6-cm-mano-5\/"},"modified":"2025-07-25T20:20:02","modified_gmt":"2025-07-25T18:20:02","slug":"4-tacas-de-coco-de-13-x-6-cm-mao-5","status":"publish","type":"product","link":"https:\/\/olemosaic.orbitalia.org\/pt-pt\/produto\/4-tacas-de-coco-de-13-x-6-cm-mao-5\/","title":{"rendered":"4 Ta\u00e7as de coco de 13 x 6 cm. M\u00e3o de F\u00e1tima."},"content":{"rendered":"<p>Este conjunto de 4 ta\u00e7as de coco pintadas \u00e0 m\u00e3o \u00e9 uma magn\u00edfica amostra do artesanato mediterr\u00e2neo, perfeito para quem procura recorda\u00e7\u00f5es aut\u00eanticas que tragam um toque ex\u00f3tico ao seu lar. Cada ta\u00e7a, de 13 x 6 cm, \u00e9 meticulosamente decorada em tons vibrantes de azul, vermelho, laranja e rosa, criando um conjunto cheio de vida que \u00e9, simultaneamente, funcional e uma pe\u00e7a decorativa impressionante. O simbolismo da m\u00e3o de F\u00e1tima, presente em cada ta\u00e7a, evoca prote\u00e7\u00e3o e fortuna, transformando estes objetos em algo mais do que utens\u00edlios: s\u00e3o amuletos culturais que ligam \u00e0 rica heran\u00e7a mediterr\u00e2nea.<\/p>\n<p>Os detalhes art\u00edsticos das ta\u00e7as combinam-se com um fundo colorido que real\u00e7a o design \u00fanico e o acabamento polido, garantindo que cada pe\u00e7a seja exclusiva. Ideais para servir aperitivos ou como elementos decorativos em prateleiras ou mesas, estas ta\u00e7as s\u00e3o perfeitas para turistas que procuram recorda\u00e7\u00f5es aut\u00eanticas da sua experi\u00eancia na regi\u00e3o. Na Ol\u00e9 Mosaic, somos distribuidores de recorda\u00e7\u00f5es por grosso, oferecendo produtos que celebram a autenticidade e o engenho cultural. Estas ta\u00e7as de coco n\u00e3o s\u00f3 capturam a ess\u00eancia mediterr\u00e2nea, como tamb\u00e9m s\u00e3o uma op\u00e7\u00e3o atrativa para lojas de presentes tur\u00edsticos que procuram artigos distintivos com um toque de tradi\u00e7\u00e3o.<\/p>\n","protected":false},"excerpt":{"rendered":"<p>Conjunto de quatro ta\u00e7as de coco pintadas \u00e0 m\u00e3o, de 13 x 6 cm cada uma, perfeitas para dar um toque ex\u00f3tico ao seu lar. Apresentam um design colorido em tons de azul, vermelho, laranja e rosa, adornados com o s\u00edmbolo da m\u00e3o de F\u00e1tima, conhecido pelo seu significado protetor. Cada ta\u00e7a est\u00e1 detalhadamente decorada com motivos que evocam a heran\u00e7a cultural mediterr\u00e2nea, criando um conjunto vibrante e cheio de vida. Ideais para servir aperitivos ou como pe\u00e7as decorativas.<\/p>\n","protected":false},"featured_media":14132,"template":"","meta":{"_acf_changed":false},"product_brand":[],"product_cat":[513],"product_tag":[],"class_list":{"0":"post-37544","1":"product","2":"type-product","3":"status-publish","4":"has-post-thumbnail","6":"product_cat-bols","7":"pa_motivo-maos","9":"first","10":"instock","11":"shipping-taxable","12":"product-type-simple"},"acf":[],"_links":{"self":[{"href":"https:\/\/olemosaic.orbitalia.org\/pt-pt\/wp-json\/wp\/v2\/product\/37544","targetHints":{"allow":["GET"]}}],"collection":[{"href":"https:\/\/olemosaic.orbitalia.org\/pt-pt\/wp-json\/wp\/v2\/product"}],"about":[{"href":"https:\/\/olemosaic.orbitalia.org\/pt-pt\/wp-json\/wp\/v2\/types\/product"}],"wp:featuredmedia":[{"embeddable":true,"href":"https:\/\/olemosaic.orbitalia.org\/pt-pt\/wp-json\/wp\/v2\/media\/14132"}],"wp:attachment":[{"href":"https:\/\/olemosaic.orbitalia.org\/pt-pt\/wp-json\/wp\/v2\/media?parent=37544"}],"wp:term":[{"taxonomy":"product_brand","embeddable":true,"href":"https:\/\/olemosaic.orbitalia.org\/pt-pt\/wp-json\/wp\/v2\/product_brand?post=37544"},{"taxonomy":"product_cat","embeddable":true,"href":"https:\/\/olemosaic.orbitalia.org\/pt-pt\/wp-json\/wp\/v2\/product_cat?post=37544"},{"taxonomy":"product_tag","embeddable":true,"href":"https:\/\/olemosaic.orbitalia.org\/pt-pt\/wp-json\/wp\/v2\/product_tag?post=37544"}],"curies":[{"name":"wp","href":"https:\/\/api.w.org\/{rel}","templated":true}]}}