{"id":37542,"date":"2025-02-20T23:38:13","date_gmt":"2025-02-20T22:38:13","guid":{"rendered":"https:\/\/olemosaic.orbitalia.org\/producto\/4-bols-de-coco-de-13-x-6-cm-tortuga-menorca\/"},"modified":"2025-07-25T20:35:28","modified_gmt":"2025-07-25T18:35:28","slug":"4-tacas-de-coco-de-13-x-6-cm-tartaruga-menorca","status":"publish","type":"product","link":"https:\/\/olemosaic.orbitalia.org\/pt-pt\/produto\/4-tacas-de-coco-de-13-x-6-cm-tartaruga-menorca\/","title":{"rendered":"4 Ta\u00e7as de coco de 13 x 6 cm. Tartaruga. Menorca."},"content":{"rendered":"<p>Este conjunto de 4 ta\u00e7as de coco \u00e9 uma encantadora homenagem \u00e0 beleza natural de Menorca, ideal para quem procura recorda\u00e7\u00f5es aut\u00eanticas e de qualidade para as suas lojas de presentes tur\u00edsticos. Com dimens\u00f5es de 13 x 6 cm, cada ta\u00e7a destaca-se pelo seu design exclusivo, onde um motivo de tartaruga adorna elegantemente a base. As pe\u00e7as apresentam um acabamento vibrante em tons de azul, rosa e amarelo, evocando as cores do mar e da flora da ilha, e est\u00e3o decoradas com detalhes pintados \u00e0 m\u00e3o que simbolizam a rica vida marinha de Menorca.<\/p>\n<p>A tartaruga, emblem\u00e1tica da regi\u00e3o, n\u00e3o \u00e9 apenas um s\u00edmbolo de prote\u00e7\u00e3o do meio ambiente, mas tamb\u00e9m real\u00e7a a liga\u00e7\u00e3o de Menorca com o mar Mediterr\u00e2neo e a sua biodiversidade. O design leve e compacto destas ta\u00e7as torna-as um excelente recurso tanto para servir aperitivos como para adicionar um toque distintivo na decora\u00e7\u00e3o de qualquer espa\u00e7o da casa. Este conjunto n\u00e3o \u00e9 apenas uma recorda\u00e7\u00e3o perfeita, mas tamb\u00e9m representa um peda\u00e7o da cultura menorquina, capturando a ess\u00eancia das suas paisagens e tradi\u00e7\u00f5es.<\/p>\n<p>Na Ol\u00e9 Mosaic, como distribuidores de recorda\u00e7\u00f5es de alta qualidade por grosso, oferecemos este conjunto de ta\u00e7as de coco, que constitui uma op\u00e7\u00e3o ideal para os clientes que procuram artigos aut\u00eanticos e significativos. Com estas ta\u00e7as, leva um peda\u00e7o de Menorca para qualquer parte do mundo.<\/p>\n","protected":false},"excerpt":{"rendered":"<p>Conjunto de 4 ta\u00e7as de coco de 13 x 6 cm decoradas com um encantador motivo de tartaruga, que representa a beleza natural de Menorca. Cada ta\u00e7a apresenta um acabamento colorido em tons de azul, rosa e amarelo, com detalhes pintados \u00e0 m\u00e3o que simbolizam a vida marinha. O seu design leve e compacto torna-as perfeitas para servir aperitivos ou decorar qualquer espa\u00e7o, adicionando um toque distintivo da cultura menorquina ao seu lar.<\/p>\n","protected":false},"featured_media":14130,"template":"","meta":{"_acf_changed":false},"product_brand":[],"product_cat":[513],"product_tag":[516],"class_list":{"0":"post-37542","1":"product","2":"type-product","3":"status-publish","4":"has-post-thumbnail","6":"product_cat-bols","7":"product_tag-animais","8":"pa_ciudad-menorca","9":"pa_motivo-tartarugas","10":"pa_pais-espana","12":"first","13":"instock","14":"shipping-taxable","15":"product-type-simple"},"acf":[],"_links":{"self":[{"href":"https:\/\/olemosaic.orbitalia.org\/pt-pt\/wp-json\/wp\/v2\/product\/37542","targetHints":{"allow":["GET"]}}],"collection":[{"href":"https:\/\/olemosaic.orbitalia.org\/pt-pt\/wp-json\/wp\/v2\/product"}],"about":[{"href":"https:\/\/olemosaic.orbitalia.org\/pt-pt\/wp-json\/wp\/v2\/types\/product"}],"wp:featuredmedia":[{"embeddable":true,"href":"https:\/\/olemosaic.orbitalia.org\/pt-pt\/wp-json\/wp\/v2\/media\/14130"}],"wp:attachment":[{"href":"https:\/\/olemosaic.orbitalia.org\/pt-pt\/wp-json\/wp\/v2\/media?parent=37542"}],"wp:term":[{"taxonomy":"product_brand","embeddable":true,"href":"https:\/\/olemosaic.orbitalia.org\/pt-pt\/wp-json\/wp\/v2\/product_brand?post=37542"},{"taxonomy":"product_cat","embeddable":true,"href":"https:\/\/olemosaic.orbitalia.org\/pt-pt\/wp-json\/wp\/v2\/product_cat?post=37542"},{"taxonomy":"product_tag","embeddable":true,"href":"https:\/\/olemosaic.orbitalia.org\/pt-pt\/wp-json\/wp\/v2\/product_tag?post=37542"}],"curies":[{"name":"wp","href":"https:\/\/api.w.org\/{rel}","templated":true}]}}