{"id":37535,"date":"2025-02-20T23:38:12","date_gmt":"2025-02-20T22:38:12","guid":{"rendered":"https:\/\/olemosaic.orbitalia.org\/producto\/iman-de-resina-toro-y-bailaora-sevilla\/"},"modified":"2025-07-25T19:26:01","modified_gmt":"2025-07-25T17:26:01","slug":"iman-de-resina-touro-e-bailarina-sevilha","status":"publish","type":"product","link":"https:\/\/olemosaic.orbitalia.org\/pt-pt\/produto\/iman-de-resina-touro-e-bailarina-sevilha\/","title":{"rendered":"\u00cdman de resina. Touro e bailarina. Sevilha."},"content":{"rendered":"<p>Este \u00edman de resina, que representa um majestoso touro e uma bailarina, \u00e9 uma aut\u00eantica joia do folclore sevilhano, ideal para captar a ess\u00eancia de Sevilha num \u00fanico objeto. O seu design vibrante e moderno destaca-se pelo uso de tonalidades intensas que contrastam sobre um fundo branco. A figura do touro, representada numa mistura harmoniosa de cores quentes e frias, simboliza a for\u00e7a e o orgulho da tradi\u00e7\u00e3o espanhola. Junto a ele, a bailarina, vestida com um espetacular traje de folhos vermelhos, capta o dinamismo e a paix\u00e3o do flamenco, mostrando uma pose divertida e en\u00e9rgica que evoca a emo\u00e7\u00e3o de uma atua\u00e7\u00e3o ao vivo.<\/p>\n<p>A palavra &#8220;Sevilha&#8221; impressa na base do \u00edman refor\u00e7a a sua liga\u00e7\u00e3o cultural, tornando-o numa recorda\u00e7\u00e3o perfeita para quem deseja levar um pedacinho da rica heran\u00e7a andaluza. Este \u00edman n\u00e3o \u00e9 apenas uma representa\u00e7\u00e3o art\u00edstica, mas uma forma de desfrutar e partilhar a alma de uma das cidades mais emblem\u00e1ticas de Espanha. Na Ol\u00e9 Mosaic, especializamo-nos na distribui\u00e7\u00e3o de souvenirs por grosso, e este \u00edman \u00e9 uma excelente op\u00e7\u00e3o para lojas de presentes tur\u00edsticos que procuram produtos aut\u00eanticos e representativos da cultura sevilhana. Descubra a magia de Sevilha com este \u00edman que transcender\u00e1 o tempo como uma recorda\u00e7\u00e3o inesquec\u00edvel.<\/p>\n","protected":false},"excerpt":{"rendered":"<p>\u00cdman que representa um majestoso touro e uma bailarina, s\u00edmbolos do folclore sevilhano. Este atraente \u00edman apresenta um design colorido e moderno, com tonalidades vibrantes sobre um fundo branco. A bailarina, vestida com um traje de folhos vermelhos, complementa a figura do touro, que se mostra numa gama de cores quentes e frias. Com a palavra &#8220;Sevilha&#8221; impressa na base, \u00e9 uma recorda\u00e7\u00e3o ideal para evocar a rica cultura andaluza.<\/p>\n","protected":false},"featured_media":14123,"template":"","meta":{"_acf_changed":false},"product_brand":[],"product_cat":[699],"product_tag":[516],"class_list":{"0":"post-37535","1":"product","2":"type-product","3":"status-publish","4":"has-post-thumbnail","6":"product_cat-imanes","7":"product_tag-animais","8":"pa_ciudad-sevilla","9":"pa_motivo-touros","10":"pa_pais-espana","12":"first","13":"instock","14":"shipping-taxable","15":"product-type-simple"},"acf":[],"_links":{"self":[{"href":"https:\/\/olemosaic.orbitalia.org\/pt-pt\/wp-json\/wp\/v2\/product\/37535","targetHints":{"allow":["GET"]}}],"collection":[{"href":"https:\/\/olemosaic.orbitalia.org\/pt-pt\/wp-json\/wp\/v2\/product"}],"about":[{"href":"https:\/\/olemosaic.orbitalia.org\/pt-pt\/wp-json\/wp\/v2\/types\/product"}],"wp:featuredmedia":[{"embeddable":true,"href":"https:\/\/olemosaic.orbitalia.org\/pt-pt\/wp-json\/wp\/v2\/media\/14123"}],"wp:attachment":[{"href":"https:\/\/olemosaic.orbitalia.org\/pt-pt\/wp-json\/wp\/v2\/media?parent=37535"}],"wp:term":[{"taxonomy":"product_brand","embeddable":true,"href":"https:\/\/olemosaic.orbitalia.org\/pt-pt\/wp-json\/wp\/v2\/product_brand?post=37535"},{"taxonomy":"product_cat","embeddable":true,"href":"https:\/\/olemosaic.orbitalia.org\/pt-pt\/wp-json\/wp\/v2\/product_cat?post=37535"},{"taxonomy":"product_tag","embeddable":true,"href":"https:\/\/olemosaic.orbitalia.org\/pt-pt\/wp-json\/wp\/v2\/product_tag?post=37535"}],"curies":[{"name":"wp","href":"https:\/\/api.w.org\/{rel}","templated":true}]}}