{"id":37525,"date":"2025-02-20T23:38:10","date_gmt":"2025-02-20T22:38:10","guid":{"rendered":"https:\/\/olemosaic.orbitalia.org\/producto\/iman-de-resina-panoramica-barcelona-22\/"},"modified":"2025-07-25T20:09:18","modified_gmt":"2025-07-25T18:09:18","slug":"iman-de-resina-panoramica-barcelona-22-pt-pt","status":"publish","type":"product","link":"https:\/\/olemosaic.orbitalia.org\/pt-pt\/produto\/iman-de-resina-panoramica-barcelona-22-pt-pt\/","title":{"rendered":"\u00cdman de resina. Panor\u00e2mica. Barcelona. Azul e Amarelo."},"content":{"rendered":"<p>Este \u00edman de resina oferece uma colorida panor\u00e2mica de Barcelona, captando a ess\u00eancia vibrante desta emblem\u00e1tica cidade espanhola. No centro da cena ergue-se a ic\u00f3nica Sagrada Fam\u00edlia, com as suas impressionantes torres que desafiam o c\u00e9u, rodeada de uma diversidade arquitet\u00f3nica que inclui outros edif\u00edcios emblem\u00e1ticos como La Pedrera e a Casa Batll\u00f3. As cores azul e amarelo predominam, evocando o clima quente mediterr\u00e2nico e a luminosidade que caracteriza Barcelona. Ao fundo, as palmeiras balan\u00e7am suavemente, complementando um sol radiante que irradia alegria e energia.<\/p>\n<p>O design apresenta o texto &#8220;Barcelona&#8221; numa tipografia atrativa, destacando a ess\u00eancia l\u00fadica e tur\u00edstica deste \u00edman, ideal tanto para decorar o frigor\u00edfico como para levar um peda\u00e7o de Barcelona para casa. Este souvenir n\u00e3o s\u00f3 \u00e9 uma representa\u00e7\u00e3o visual da cidade, como tamb\u00e9m uma liga\u00e7\u00e3o cultural que recorda a sua rica hist\u00f3ria art\u00edstica e arquitet\u00f3nica, tornando-o uma recorda\u00e7\u00e3o perfeita para os turistas que desejem levar consigo um fragmento desta m\u00e1gica cidade.<\/p>\n<p>Na Ol\u00e9 Mosaic, sabemos que os souvenirs devem ser aut\u00eanticos e representativos. Este \u00edman de Barcelona \u00e9 uma excelente op\u00e7\u00e3o para lojas de presentes tur\u00edsticos que procuram oferecer produtos de qualidade, refletindo a singularidade da cidade. Como grossistas de souvenirs, partilhamos consigo a riqueza da cultura espanhola, garantindo que cada pe\u00e7a conte uma hist\u00f3ria.<\/p>\n","protected":false},"excerpt":{"rendered":"<p>\u00cdman que mostra uma colorida panor\u00e2mica de Barcelona, com a ic\u00f3nica Sagrada Fam\u00edlia e outros edif\u00edcios emblem\u00e1ticos da cidade. Este atrativo \u00edman apresenta uma cena vibrante com tons azuis e amarelos que evocam o Mediterr\u00e2neo, com palmeiras e um sol radiante. O texto &#8220;Barcelona&#8221; destaca-se num design chamativo, criando uma recorda\u00e7\u00e3o perfeita desta bela cidade espanhola. Ideal para decorar o frigor\u00edfico ou como souvenir.<\/p>\n","protected":false},"featured_media":14113,"template":"","meta":{"_acf_changed":false},"product_brand":[],"product_cat":[699],"product_tag":[],"class_list":{"0":"post-37525","1":"product","2":"type-product","3":"status-publish","4":"has-post-thumbnail","6":"product_cat-imanes","7":"pa_ciudad-barcelona","8":"pa_motivo-panoramas","9":"pa_pais-espana","11":"first","12":"instock","13":"shipping-taxable","14":"product-type-simple"},"acf":[],"_links":{"self":[{"href":"https:\/\/olemosaic.orbitalia.org\/pt-pt\/wp-json\/wp\/v2\/product\/37525","targetHints":{"allow":["GET"]}}],"collection":[{"href":"https:\/\/olemosaic.orbitalia.org\/pt-pt\/wp-json\/wp\/v2\/product"}],"about":[{"href":"https:\/\/olemosaic.orbitalia.org\/pt-pt\/wp-json\/wp\/v2\/types\/product"}],"wp:featuredmedia":[{"embeddable":true,"href":"https:\/\/olemosaic.orbitalia.org\/pt-pt\/wp-json\/wp\/v2\/media\/14113"}],"wp:attachment":[{"href":"https:\/\/olemosaic.orbitalia.org\/pt-pt\/wp-json\/wp\/v2\/media?parent=37525"}],"wp:term":[{"taxonomy":"product_brand","embeddable":true,"href":"https:\/\/olemosaic.orbitalia.org\/pt-pt\/wp-json\/wp\/v2\/product_brand?post=37525"},{"taxonomy":"product_cat","embeddable":true,"href":"https:\/\/olemosaic.orbitalia.org\/pt-pt\/wp-json\/wp\/v2\/product_cat?post=37525"},{"taxonomy":"product_tag","embeddable":true,"href":"https:\/\/olemosaic.orbitalia.org\/pt-pt\/wp-json\/wp\/v2\/product_tag?post=37525"}],"curies":[{"name":"wp","href":"https:\/\/api.w.org\/{rel}","templated":true}]}}