{"id":37510,"date":"2025-02-20T23:38:07","date_gmt":"2025-02-20T22:38:07","guid":{"rendered":"https:\/\/olemosaic.orbitalia.org\/producto\/iman-de-resina-toro-y-bailaora\/"},"modified":"2025-07-25T18:50:26","modified_gmt":"2025-07-25T16:50:26","slug":"iman-de-resina-touro-e-bailarina","status":"publish","type":"product","link":"https:\/\/olemosaic.orbitalia.org\/pt-pt\/produto\/iman-de-resina-touro-e-bailarina\/","title":{"rendered":"\u00cdman de resina. Touro e bailarina."},"content":{"rendered":"<p>Este \u00edman de resina capta a vibrante ess\u00eancia de Espanha com um design cativante que representa um touro e uma bailarina. Com cores vivas e um estilo de mosaico, este \u00edman n\u00e3o s\u00f3 decora, como narra uma hist\u00f3ria rica em cultura. O touro, s\u00edmbolo emblem\u00e1tico da tradi\u00e7\u00e3o espanhola, destaca-se em tons azuis e verdes, enquanto a bailarina, com o seu vestido de folhos vermelhos e detalhes elegantes, dan\u00e7a com gra\u00e7a, evocando a paix\u00e3o do flamenco. O design inclui a palavra &#8220;ESPANHA&#8221; numa tipografia que acentua ainda mais a liga\u00e7\u00e3o cultural com a regi\u00e3o.<\/p>\n<p>Este atraente \u00edman \u00e9 ideal para personalizar qualquer superf\u00edcie met\u00e1lica, tornando-se uma recorda\u00e7\u00e3o tang\u00edvel da sua viagem a esta bela na\u00e7\u00e3o. Al\u00e9m da sua funcionalidade, atua como uma pe\u00e7a decorativa que celebra o folclore espanhol, tornando-o um souvenir exclusivo que cativar\u00e1 tanto turistas como colecionadores. Na Ol\u00e9 Mosaic, oferecemos souvenirs de qualidade aut\u00eantica que real\u00e7am a diversidade cultural do pa\u00eds. Este \u00edman \u00e9 uma excelente op\u00e7\u00e3o para lojas de presentes tur\u00edsticos que procuram produtos memor\u00e1veis e representativos. Como grossistas de souvenirs, garantimos a autenticidade e o car\u00e1ter distintivo que cada pe\u00e7a deve ter.<\/p>\n","protected":false},"excerpt":{"rendered":"<p>\u00cdman que capta a ess\u00eancia de Espanha, apresentado com um design vibrante que mostra um touro e uma bailarina. Este atraente \u00edman est\u00e1 decorado com cores vivas e um estilo de mosaico que d\u00e1 vida aos elegantes movimentos da bailarina, trajada com um vestido de folhos vermelhos. Sob a imagem, destaca-se a palavra &#8220;ESPANHA&#8221;, um toque representativo da cultura espanhola. Ideal para adornar qualquer superf\u00edcie met\u00e1lica e levar um peda\u00e7o de Espanha para o seu lar.<\/p>\n","protected":false},"featured_media":14098,"template":"","meta":{"_acf_changed":false},"product_brand":[],"product_cat":[699],"product_tag":[516],"class_list":{"0":"post-37510","1":"product","2":"type-product","3":"status-publish","4":"has-post-thumbnail","6":"product_cat-imanes","7":"product_tag-animais","8":"pa_motivo-touros","10":"first","11":"instock","12":"shipping-taxable","13":"product-type-simple"},"acf":[],"_links":{"self":[{"href":"https:\/\/olemosaic.orbitalia.org\/pt-pt\/wp-json\/wp\/v2\/product\/37510","targetHints":{"allow":["GET"]}}],"collection":[{"href":"https:\/\/olemosaic.orbitalia.org\/pt-pt\/wp-json\/wp\/v2\/product"}],"about":[{"href":"https:\/\/olemosaic.orbitalia.org\/pt-pt\/wp-json\/wp\/v2\/types\/product"}],"wp:featuredmedia":[{"embeddable":true,"href":"https:\/\/olemosaic.orbitalia.org\/pt-pt\/wp-json\/wp\/v2\/media\/14098"}],"wp:attachment":[{"href":"https:\/\/olemosaic.orbitalia.org\/pt-pt\/wp-json\/wp\/v2\/media?parent=37510"}],"wp:term":[{"taxonomy":"product_brand","embeddable":true,"href":"https:\/\/olemosaic.orbitalia.org\/pt-pt\/wp-json\/wp\/v2\/product_brand?post=37510"},{"taxonomy":"product_cat","embeddable":true,"href":"https:\/\/olemosaic.orbitalia.org\/pt-pt\/wp-json\/wp\/v2\/product_cat?post=37510"},{"taxonomy":"product_tag","embeddable":true,"href":"https:\/\/olemosaic.orbitalia.org\/pt-pt\/wp-json\/wp\/v2\/product_tag?post=37510"}],"curies":[{"name":"wp","href":"https:\/\/api.w.org\/{rel}","templated":true}]}}