{"id":37497,"date":"2025-02-20T23:38:05","date_gmt":"2025-02-20T22:38:05","guid":{"rendered":"https:\/\/olemosaic.orbitalia.org\/producto\/iman-de-resina-letrero-mojacar\/"},"modified":"2025-07-25T18:43:54","modified_gmt":"2025-07-25T16:43:54","slug":"iman-de-resina-letreiro-mojacar","status":"publish","type":"product","link":"https:\/\/olemosaic.orbitalia.org\/pt-pt\/produto\/iman-de-resina-letreiro-mojacar\/","title":{"rendered":"\u00cdman de resina. Letreiro. Moj\u00e1car."},"content":{"rendered":"<p>\u00cdman de resina de Moj\u00e1car<\/p>\n<p>Este vibrante \u00edman de resina, com forma de letreiro, capta a ess\u00eancia e a beleza de Moj\u00e1car, uma aldeia andaluza com paisagens impressionantes e uma rica heran\u00e7a cultural. Com o nome &#8220;MOJ\u00c1CAR&#8221; em letras coloridas e festivas, o \u00edman destaca-se sobre um fundo que imita um mosaico em tons cinzentos, evocando a autenticidade e a arte do folclore espanhol. Cada letra sobressai com cores intensas, criando um efeito visual atraente que transforma qualquer espa\u00e7o numa recorda\u00e7\u00e3o da vibrante cultura andaluza.<\/p>\n<p>O \u00edman foi concebido com precis\u00e3o artesanal, e os detalhes nas cores e na textura do fundo conferem um toque art\u00edstico e festivo. Este souvenir \u00e9 perfeito para quem deseja levar um peda\u00e7o da magia de Moj\u00e1car. \u00c9 ideal para decorar frigor\u00edficos, quadros ou qualquer superf\u00edcie met\u00e1lica, conferindo um ar aut\u00eantico e acolhedor ao seu lar.<\/p>\n<p>Na Ol\u00e9 Mosaic, especializamo-nos na distribui\u00e7\u00e3o de lembran\u00e7as por grosso, e este \u00edman \u00e9 una excelente op\u00e7\u00e3o para lojas de presentes tur\u00edsticos que procuram produtos representativos e aut\u00eanticos. Com o seu encanto e singularidade, o \u00edman de Moj\u00e1car \u00e9 uma recorda\u00e7\u00e3o perfeita para quem visita este lugar emblem\u00e1tico, tornando-se um s\u00edmbolo das suas aventuras na bela Andaluzia.<\/p>\n","protected":false},"excerpt":{"rendered":"<p>\u00cdman com forma de letreiro, inspirado na beleza de Moj\u00e1car. Este colorido \u00edman mostra o nome &#8220;MOJ\u00c1CAR&#8221; em letras vibrantes sobre un fundo de mosaico em tons cinzentos. Os detalhes de cores intensas conferem um toque art\u00edstico e festivo, evocando a ess\u00eancia da aldeia andaluza. Ideal para recordar as suas visitas ou decorar qualquer espa\u00e7o com um toque aut\u00eantico do folclore espanhol.<\/p>\n","protected":false},"featured_media":14085,"template":"","meta":{"_acf_changed":false},"product_brand":[],"product_cat":[699],"product_tag":[],"class_list":{"0":"post-37497","1":"product","2":"type-product","3":"status-publish","4":"has-post-thumbnail","6":"product_cat-imanes","7":"pa_ciudad-mojacar","8":"pa_motivo-letreiros-de-cidades","9":"pa_pais-espana","11":"first","12":"instock","13":"shipping-taxable","14":"product-type-simple"},"acf":[],"_links":{"self":[{"href":"https:\/\/olemosaic.orbitalia.org\/pt-pt\/wp-json\/wp\/v2\/product\/37497","targetHints":{"allow":["GET"]}}],"collection":[{"href":"https:\/\/olemosaic.orbitalia.org\/pt-pt\/wp-json\/wp\/v2\/product"}],"about":[{"href":"https:\/\/olemosaic.orbitalia.org\/pt-pt\/wp-json\/wp\/v2\/types\/product"}],"wp:featuredmedia":[{"embeddable":true,"href":"https:\/\/olemosaic.orbitalia.org\/pt-pt\/wp-json\/wp\/v2\/media\/14085"}],"wp:attachment":[{"href":"https:\/\/olemosaic.orbitalia.org\/pt-pt\/wp-json\/wp\/v2\/media?parent=37497"}],"wp:term":[{"taxonomy":"product_brand","embeddable":true,"href":"https:\/\/olemosaic.orbitalia.org\/pt-pt\/wp-json\/wp\/v2\/product_brand?post=37497"},{"taxonomy":"product_cat","embeddable":true,"href":"https:\/\/olemosaic.orbitalia.org\/pt-pt\/wp-json\/wp\/v2\/product_cat?post=37497"},{"taxonomy":"product_tag","embeddable":true,"href":"https:\/\/olemosaic.orbitalia.org\/pt-pt\/wp-json\/wp\/v2\/product_tag?post=37497"}],"curies":[{"name":"wp","href":"https:\/\/api.w.org\/{rel}","templated":true}]}}