{"id":37491,"date":"2025-02-20T23:38:04","date_gmt":"2025-02-20T22:38:04","guid":{"rendered":"https:\/\/olemosaic.orbitalia.org\/producto\/iman-de-resina-letrero-tenerife-azul-11-cm\/"},"modified":"2025-07-25T19:29:57","modified_gmt":"2025-07-25T17:29:57","slug":"iman-de-resina-placa-tenerife-azul-11-cm","status":"publish","type":"product","link":"https:\/\/olemosaic.orbitalia.org\/pt-pt\/produto\/iman-de-resina-placa-tenerife-azul-11-cm\/","title":{"rendered":"\u00cdman de resina. Placa. Tenerife. Azul. 11 cm."},"content":{"rendered":"<p>Este \u00edman de resina com forma de placa \u00e9 uma recorda\u00e7\u00e3o encantadora de Tenerife que captura a ess\u00eancia vibrante desta ilha can\u00e1ria. Com um tamanho de 11 cm, apresenta a palavra &#8220;TENERIFE&#8221; em letras coloridas, evocando a alegria e a diversidade cultural da regi\u00e3o. O fundo azul vibrante foi desenhado com texturas que recordam a arte tradicional do mosaico can\u00e1rio, evocando os ic\u00f3nicos azulejos que adornam muitos edif\u00edcios da ilha. No extremo direito, um simp\u00e1tico lagarto, s\u00edmbolo da fauna local, adiciona um toque l\u00fadico e aut\u00eantico \u00e0 pe\u00e7a. Este \u00edman n\u00e3o \u00e9 apenas um elemento decorativo atraente, mas tamb\u00e9m uma recorda\u00e7\u00e3o ideal para quem deseja levar um peda\u00e7o da beleza das Ilhas Can\u00e1rias para as suas casas. A sua est\u00e9tica, que combina modernidade e tradi\u00e7\u00e3o, torna-o um excelente souvenir para turistas que procuram produtos representativos de Tenerife. Na Ol\u00e9 Mosaic, como distribuidores de souvenirs por grosso, oferecemos \u00edmanes aut\u00eanticos que refletem a cultura e o encanto de Espanha. Este produto \u00e9 uma excelente escolha para lojas de presentes tur\u00edsticos que desejem oferecer artigos de qualidade e com significado cultural.<\/p>\n","protected":false},"excerpt":{"rendered":"<p>\u00cdman com forma de placa que destaca a palavra &#8220;TENERIFE&#8221; em letras coloridas sobre um fundo azul vibrante. Este produto de 11 cm apresenta um design que evoca a arte do mosaico tradicional, com texturas que recordam os azulejos can\u00e1rios. Completa a sua est\u00e9tica um simp\u00e1tico lagarto no extremo direito, que simboliza a fauna local. Ideal para levar um peda\u00e7o de Tenerife para casa e recordar a beleza das Ilhas Can\u00e1rias.<\/p>\n","protected":false},"featured_media":14079,"template":"","meta":{"_acf_changed":false},"product_brand":[],"product_cat":[699],"product_tag":[],"class_list":{"0":"post-37491","1":"product","2":"type-product","3":"status-publish","4":"has-post-thumbnail","6":"product_cat-imanes","7":"pa_ciudad-tenerife","8":"pa_motivo-letreiros-de-cidades","9":"pa_pais-espana","11":"first","12":"instock","13":"shipping-taxable","14":"product-type-simple"},"acf":[],"_links":{"self":[{"href":"https:\/\/olemosaic.orbitalia.org\/pt-pt\/wp-json\/wp\/v2\/product\/37491","targetHints":{"allow":["GET"]}}],"collection":[{"href":"https:\/\/olemosaic.orbitalia.org\/pt-pt\/wp-json\/wp\/v2\/product"}],"about":[{"href":"https:\/\/olemosaic.orbitalia.org\/pt-pt\/wp-json\/wp\/v2\/types\/product"}],"wp:featuredmedia":[{"embeddable":true,"href":"https:\/\/olemosaic.orbitalia.org\/pt-pt\/wp-json\/wp\/v2\/media\/14079"}],"wp:attachment":[{"href":"https:\/\/olemosaic.orbitalia.org\/pt-pt\/wp-json\/wp\/v2\/media?parent=37491"}],"wp:term":[{"taxonomy":"product_brand","embeddable":true,"href":"https:\/\/olemosaic.orbitalia.org\/pt-pt\/wp-json\/wp\/v2\/product_brand?post=37491"},{"taxonomy":"product_cat","embeddable":true,"href":"https:\/\/olemosaic.orbitalia.org\/pt-pt\/wp-json\/wp\/v2\/product_cat?post=37491"},{"taxonomy":"product_tag","embeddable":true,"href":"https:\/\/olemosaic.orbitalia.org\/pt-pt\/wp-json\/wp\/v2\/product_tag?post=37491"}],"curies":[{"name":"wp","href":"https:\/\/api.w.org\/{rel}","templated":true}]}}