{"id":37490,"date":"2025-02-20T23:38:04","date_gmt":"2025-02-20T22:38:04","guid":{"rendered":"https:\/\/olemosaic.orbitalia.org\/producto\/iman-de-resina-letrero-barcelona-11-cm-3\/"},"modified":"2025-07-25T18:48:51","modified_gmt":"2025-07-25T16:48:51","slug":"iman-de-resina-placa-barcelona-11-cm-3","status":"publish","type":"product","link":"https:\/\/olemosaic.orbitalia.org\/pt-pt\/produto\/iman-de-resina-placa-barcelona-11-cm-3\/","title":{"rendered":"\u00cdman de resina. Placa. Mosaico. Barcelona. 11 cm."},"content":{"rendered":"<p>Este \u00edman de resina com a forma da placa &#8220;Barcelona&#8221; \u00e9 uma recorda\u00e7\u00e3o vibrante e aut\u00eantica da capital catal\u00e3, perfeito para quem quer levar um peda\u00e7o desta fascinante cidade para casa. Com dimens\u00f5es de 11 cm, este \u00edman destaca-se pelo seu design que evoca as coloridas obras de arte em mosaico de Gaud\u00ed, caracter\u00edstica da arquitetura modernista barcelonesa. O fundo, com tonalidades cinzentas, contrasta magnificamente com as letras da placa, que brilham em cores vivas como o vermelho, amarelo, verde e azul, capturando a ess\u00eancia din\u00e2mica e alegre da cidade.<\/p>\n<p>Cada letra do nome &#8220;Barcelona&#8221; est\u00e1 emoldurada por um fundo que imita as cer\u00e2micas de mosaico, um s\u00edmbolo ic\u00f3nico que todos associam ao Park G\u00fcell e a outros recantos emblem\u00e1ticos da cidade. A inclus\u00e3o de elementos decorativos que recordam a arte de Gaud\u00ed refor\u00e7a a liga\u00e7\u00e3o cultural deste souvenir, tornando-o um excelente presente para turistas e amantes da arquitetura.<\/p>\n<p>Perfeito para adornar qualquer superf\u00edcie met\u00e1lica em casa, este \u00edman n\u00e3o serve apenas como um objeto decorativo \u00fatil, mas tamb\u00e9m como uma recorda\u00e7\u00e3o permanente dos momentos vividos em Barcelona. Na Ol\u00e9 Mosaic, especializamo-nos na distribui\u00e7\u00e3o de souvenirs de resina por grosso, oferecendo produtos aut\u00eanticos que representam a rica heran\u00e7a cultural de Espanha. Este \u00edman \u00e9 uma op\u00e7\u00e3o ideal para estabelecimentos que procuram souvenirs de Barcelona \u00fanicos e coloridos.<\/p>\n","protected":false},"excerpt":{"rendered":"<p>\u00cdman com forma de placa que destaca o nome &#8220;Barcelona&#8221; em cores vivas, com um design que imita o mosaico caracter\u00edstico da cidade. Com dimens\u00f5es de 11 cm, apresenta um fundo acinzentado e elementos decorativos em amarelo, vermelho e verde que evocam a arte de Gaud\u00ed. Este \u00edman \u00e9 ideal para personalizar qualquer superf\u00edcie met\u00e1lica e recordar o encanto da capital catal\u00e3.<\/p>\n","protected":false},"featured_media":14078,"template":"","meta":{"_acf_changed":false},"product_brand":[],"product_cat":[699],"product_tag":[],"class_list":{"0":"post-37490","1":"product","2":"type-product","3":"status-publish","4":"has-post-thumbnail","6":"product_cat-imanes","7":"pa_ciudad-barcelona","8":"pa_motivo-letreiros-de-cidades","9":"pa_pais-espana","11":"first","12":"instock","13":"shipping-taxable","14":"product-type-simple"},"acf":[],"_links":{"self":[{"href":"https:\/\/olemosaic.orbitalia.org\/pt-pt\/wp-json\/wp\/v2\/product\/37490","targetHints":{"allow":["GET"]}}],"collection":[{"href":"https:\/\/olemosaic.orbitalia.org\/pt-pt\/wp-json\/wp\/v2\/product"}],"about":[{"href":"https:\/\/olemosaic.orbitalia.org\/pt-pt\/wp-json\/wp\/v2\/types\/product"}],"wp:featuredmedia":[{"embeddable":true,"href":"https:\/\/olemosaic.orbitalia.org\/pt-pt\/wp-json\/wp\/v2\/media\/14078"}],"wp:attachment":[{"href":"https:\/\/olemosaic.orbitalia.org\/pt-pt\/wp-json\/wp\/v2\/media?parent=37490"}],"wp:term":[{"taxonomy":"product_brand","embeddable":true,"href":"https:\/\/olemosaic.orbitalia.org\/pt-pt\/wp-json\/wp\/v2\/product_brand?post=37490"},{"taxonomy":"product_cat","embeddable":true,"href":"https:\/\/olemosaic.orbitalia.org\/pt-pt\/wp-json\/wp\/v2\/product_cat?post=37490"},{"taxonomy":"product_tag","embeddable":true,"href":"https:\/\/olemosaic.orbitalia.org\/pt-pt\/wp-json\/wp\/v2\/product_tag?post=37490"}],"curies":[{"name":"wp","href":"https:\/\/api.w.org\/{rel}","templated":true}]}}