{"id":37488,"date":"2025-02-20T23:38:04","date_gmt":"2025-02-20T22:38:04","guid":{"rendered":"https:\/\/olemosaic.orbitalia.org\/producto\/iman-de-resina-letrero-pamplona-11-cm\/"},"modified":"2025-07-25T19:38:27","modified_gmt":"2025-07-25T17:38:27","slug":"iman-de-resina-placa-pamplona-11-cm","status":"publish","type":"product","link":"https:\/\/olemosaic.orbitalia.org\/pt-pt\/produto\/iman-de-resina-placa-pamplona-11-cm\/","title":{"rendered":"\u00cdman de resina. Placa. Pamplona. 11 cm."},"content":{"rendered":"<p>Este \u00edman de resina com a forma de uma placa &#8220;Pamplona&#8221; \u00e9 uma recorda\u00e7\u00e3o vibrante e atraente que captura a ess\u00eancia festiva desta emblem\u00e1tica cidade navarra. Com dimens\u00f5es de 11 cm, este colorido \u00edman apresenta um design moderno, onde as letras da palavra &#8220;Pamplona&#8221; s\u00e3o real\u00e7adas com tons vivos de azul, vermelho, verde e amarelo, infundindo alegria e dinamismo a qualquer espa\u00e7o. Acompanhando esta palavra, um simp\u00e1tico touro multicolor integra-se no design, simbolizando a tradi\u00e7\u00e3o taurina que caracteriza as famosas festas de San Ferm\u00edn, que se celebram todos os meses de julho na cidade.<\/p>\n<p>O fundo branco apresenta um delicado padr\u00e3o de mosaico que real\u00e7a ainda mais a vivacidade das cores e confere um toque art\u00edstico ao conjunto. Este \u00edman n\u00e3o \u00e9 apenas decorativo, mas tamb\u00e9m se ergue como um s\u00edmbolo representativo da cultura navarra e das festas que evocam o esp\u00edrito festivo de Pamplona. Perfeito como souvenir, este \u00edman ser\u00e1 uma excelente recorda\u00e7\u00e3o para quem visita esta cidade hist\u00f3rica e procura levar um peda\u00e7o da sua ess\u00eancia. Na Ol\u00e9 Mosaic, especializamo-nos na distribui\u00e7\u00e3o de souvenirs por grosso, oferecendo uma ampla variedade de produtos que destacam a autenticidade e o valor cultural de cada regi\u00e3o. Este \u00edman de Pamplona \u00e9 uma op\u00e7\u00e3o ideal para lojas de presentes tur\u00edsticos que desejem oferecer souvenirs chamativos e representativos da rica tradi\u00e7\u00e3o espanhola.<\/p>\n","protected":false},"excerpt":{"rendered":"<p>\u00cdman com forma de placa que diz &#8220;Pamplona&#8221;, de 11 cm. Este colorido \u00edman apresenta um design atraente e moderno, com letras em tons vibrantes como azul, vermelho, verde e amarelo, e um simp\u00e1tico touro multicolor que representa a ess\u00eancia festiva da cidade. O fundo branco com detalhes de mosaico real\u00e7a as cores, tornando-o uma recorda\u00e7\u00e3o ideal para evocar a tradi\u00e7\u00e3o de San Ferm\u00edn e o encanto de Navarra.<\/p>\n","protected":false},"featured_media":14076,"template":"","meta":{"_acf_changed":false},"product_brand":[],"product_cat":[699],"product_tag":[516],"class_list":{"0":"post-37488","1":"product","2":"type-product","3":"status-publish","4":"has-post-thumbnail","6":"product_cat-imanes","7":"product_tag-animais","8":"pa_ciudad-pamplona","9":"pa_motivo-letreiros-de-cidades","10":"pa_pais-espana","12":"first","13":"instock","14":"shipping-taxable","15":"product-type-simple"},"acf":[],"_links":{"self":[{"href":"https:\/\/olemosaic.orbitalia.org\/pt-pt\/wp-json\/wp\/v2\/product\/37488","targetHints":{"allow":["GET"]}}],"collection":[{"href":"https:\/\/olemosaic.orbitalia.org\/pt-pt\/wp-json\/wp\/v2\/product"}],"about":[{"href":"https:\/\/olemosaic.orbitalia.org\/pt-pt\/wp-json\/wp\/v2\/types\/product"}],"wp:featuredmedia":[{"embeddable":true,"href":"https:\/\/olemosaic.orbitalia.org\/pt-pt\/wp-json\/wp\/v2\/media\/14076"}],"wp:attachment":[{"href":"https:\/\/olemosaic.orbitalia.org\/pt-pt\/wp-json\/wp\/v2\/media?parent=37488"}],"wp:term":[{"taxonomy":"product_brand","embeddable":true,"href":"https:\/\/olemosaic.orbitalia.org\/pt-pt\/wp-json\/wp\/v2\/product_brand?post=37488"},{"taxonomy":"product_cat","embeddable":true,"href":"https:\/\/olemosaic.orbitalia.org\/pt-pt\/wp-json\/wp\/v2\/product_cat?post=37488"},{"taxonomy":"product_tag","embeddable":true,"href":"https:\/\/olemosaic.orbitalia.org\/pt-pt\/wp-json\/wp\/v2\/product_tag?post=37488"}],"curies":[{"name":"wp","href":"https:\/\/api.w.org\/{rel}","templated":true}]}}