{"id":37479,"date":"2025-02-20T23:38:02","date_gmt":"2025-02-20T22:38:02","guid":{"rendered":"https:\/\/olemosaic.orbitalia.org\/producto\/iman-de-resina-letrero-pamplona\/"},"modified":"2025-07-25T20:15:33","modified_gmt":"2025-07-25T18:15:33","slug":"iman-de-resina-letreiro-pamplona","status":"publish","type":"product","link":"https:\/\/olemosaic.orbitalia.org\/pt-pt\/produto\/iman-de-resina-letreiro-pamplona\/","title":{"rendered":"\u00cdman de resina. Letreiro. Pamplona."},"content":{"rendered":"<p>Este \u00edman decorativo de resina, com o vibrante letreiro &#8220;Pamplona&#8221;, \u00e9 uma pe\u00e7a excecional que capta a ess\u00eancia desta hist\u00f3rica cidade espanhola. Com as suas cores chamativas em tons de vermelho, azul, verde e amarelo, as letras destacam-se sobre um fundo que simula um mosaico de cer\u00e2mica, evocando a rica tradi\u00e7\u00e3o art\u00edstica da regi\u00e3o. O seu design, al\u00e9m de ser visualmente atraente, inclui um distintivo touro, s\u00edmbolo emblem\u00e1tico da cultura de Pamplona e da famosa festa de San Ferm\u00edn. Este \u00edman, ideal para adornar qualquer superf\u00edcie magn\u00e9tica, \u00e9 a recorda\u00e7\u00e3o perfeita para quem deseja levar consigo um pouco da energia vibrante de Pamplona.<\/p>\n<p>O \u00edman n\u00e3o \u00e9 apenas um artigo pr\u00e1tico para a casa, mas tamb\u00e9m representa um v\u00ednculo cultural com as ic\u00f3nicas tradi\u00e7\u00f5es e festividades da cidade. Os turistas consider\u00e1-lo-\u00e3o uma homenagem \u00e0 alegria e ao esp\u00edrito festivo de San Ferm\u00edn, oferecendo uma forma de recordar as emo\u00e7\u00f5es vividas nas suas ruas. Na Ol\u00e9 Mosaic, orgulhamo-nos de oferecer souvenirs aut\u00eanticos e representativos, e este \u00edman de Pamplona destaca-se entre os souvenirs recomendados, sendo uma valiosa adi\u00e7\u00e3o ao cat\u00e1logo de qualquer loja de presentes tur\u00edsticos. Como grossistas de souvenirs, garantimos a qualidade e a originalidade de todas as nossas pe\u00e7as, ideais para quem procura uma recorda\u00e7\u00e3o distintiva e cultural.<\/p>\n","protected":false},"excerpt":{"rendered":"<p>\u00cdman decorativo com um letreiro vibrante que diz &#8220;Pamplona&#8221;. Este atraente \u00edman apresenta letras coloridas em tons de vermelho, azul, verde e amarelo, sobre um fundo que simula um mosaico de cer\u00e2mica. Um distintivo touro adorna tamb\u00e9m o design, conferindo um toque tradicional a esta pe\u00e7a. Ideal para recordar a famosa festa de San Ferm\u00edn e como recorda\u00e7\u00e3o da encantadora cidade de Pamplona.<\/p>\n","protected":false},"featured_media":14067,"template":"","meta":{"_acf_changed":false},"product_brand":[],"product_cat":[699],"product_tag":[516],"class_list":{"0":"post-37479","1":"product","2":"type-product","3":"status-publish","4":"has-post-thumbnail","6":"product_cat-imanes","7":"product_tag-animais","8":"pa_ciudad-pamplona","9":"pa_motivo-letreiros-de-cidades","10":"pa_pais-espana","12":"first","13":"instock","14":"shipping-taxable","15":"product-type-simple"},"acf":[],"_links":{"self":[{"href":"https:\/\/olemosaic.orbitalia.org\/pt-pt\/wp-json\/wp\/v2\/product\/37479","targetHints":{"allow":["GET"]}}],"collection":[{"href":"https:\/\/olemosaic.orbitalia.org\/pt-pt\/wp-json\/wp\/v2\/product"}],"about":[{"href":"https:\/\/olemosaic.orbitalia.org\/pt-pt\/wp-json\/wp\/v2\/types\/product"}],"wp:featuredmedia":[{"embeddable":true,"href":"https:\/\/olemosaic.orbitalia.org\/pt-pt\/wp-json\/wp\/v2\/media\/14067"}],"wp:attachment":[{"href":"https:\/\/olemosaic.orbitalia.org\/pt-pt\/wp-json\/wp\/v2\/media?parent=37479"}],"wp:term":[{"taxonomy":"product_brand","embeddable":true,"href":"https:\/\/olemosaic.orbitalia.org\/pt-pt\/wp-json\/wp\/v2\/product_brand?post=37479"},{"taxonomy":"product_cat","embeddable":true,"href":"https:\/\/olemosaic.orbitalia.org\/pt-pt\/wp-json\/wp\/v2\/product_cat?post=37479"},{"taxonomy":"product_tag","embeddable":true,"href":"https:\/\/olemosaic.orbitalia.org\/pt-pt\/wp-json\/wp\/v2\/product_tag?post=37479"}],"curies":[{"name":"wp","href":"https:\/\/api.w.org\/{rel}","templated":true}]}}