{"id":37472,"date":"2025-02-20T23:38:00","date_gmt":"2025-02-20T22:38:00","guid":{"rendered":"https:\/\/olemosaic.orbitalia.org\/producto\/iman-de-resina-salamandra-y-flores-gran-canaria-2\/"},"modified":"2025-07-25T19:13:27","modified_gmt":"2025-07-25T17:13:27","slug":"iman-de-resina-salamandra-e-flores-gran-canaria-2","status":"publish","type":"product","link":"https:\/\/olemosaic.orbitalia.org\/pt-pt\/produto\/iman-de-resina-salamandra-e-flores-gran-canaria-2\/","title":{"rendered":"\u00cdman de resina. Mosaico. Salamandra e flores. Gran Canaria."},"content":{"rendered":"<p>\u00cdman de resina decorado com salamandras e flores de Gran Canaria. Este vibrante \u00edman apresenta um design que evoca o colorido e a diversidade da paisagem can\u00e1ria, com duas chamativas salamandras que lhe d\u00e3o um toque alegre e distintivo. Sobre um fundo branco que real\u00e7a os motivos, o \u00edman exibe um mosaico de formas geom\u00e9tricas em tons de vermelho, verde, azul e amarelo, imitando o estilo da famosa cer\u00e2mica local. Ao redor, flores brilhantes de diversas cores completam a composi\u00e7\u00e3o, criando uma pe\u00e7a atraente e representativa da flora can\u00e1ria.<\/p>\n<p>Este \u00edman n\u00e3o \u00e9 apenas um acess\u00f3rio pr\u00e1tico para o lar, mas tamb\u00e9m uma aut\u00eantica recorda\u00e7\u00e3o de Gran Canaria, que captura a ess\u00eancia da sua exuberante natureza e das suas tradi\u00e7\u00f5es art\u00edsticas. O seu design vibrante torna-o uma excelente op\u00e7\u00e3o para os turistas que procuram souvenirs aut\u00eanticos, permitindo-lhes levar um peda\u00e7o da beleza can\u00e1ria para qualquer lugar. Na Ol\u00e9 Mosaic, distribu\u00edmos souvenirs de alta qualidade, garantindo que cada \u00edman seja um reflexo significativo da cultura local. Este produto \u00e9 ideal para lojas de presentes tur\u00edsticos que desejem oferecer aos seus clientes recorda\u00e7\u00f5es que realcem a riqueza cultural de Gran Canaria.<\/p>\n","protected":false},"excerpt":{"rendered":"<p>\u00cdman decorado com duas chamativas salamandras e flores, inspirado na vibrante paisagem de Gran Canaria. Este colorido \u00edman apresenta um design que simula um mosaico com formas geom\u00e9tricas em tons de vermelho, verde, azul e amarelo, rodeado de flores brilhantes sobre um fundo branco. Ideal para recordar a beleza natural da ilha, este souvenir combina arte e cultura can\u00e1ria num acess\u00f3rio pr\u00e1tico para o lar.<\/p>\n","protected":false},"featured_media":14060,"template":"","meta":{"_acf_changed":false},"product_brand":[],"product_cat":[699],"product_tag":[516],"class_list":{"0":"post-37472","1":"product","2":"type-product","3":"status-publish","4":"has-post-thumbnail","6":"product_cat-imanes","7":"product_tag-animais","8":"pa_ciudad-gran-canaria","9":"pa_motivo-salamandras","10":"pa_pais-espana","12":"first","13":"instock","14":"shipping-taxable","15":"product-type-simple"},"acf":[],"_links":{"self":[{"href":"https:\/\/olemosaic.orbitalia.org\/pt-pt\/wp-json\/wp\/v2\/product\/37472","targetHints":{"allow":["GET"]}}],"collection":[{"href":"https:\/\/olemosaic.orbitalia.org\/pt-pt\/wp-json\/wp\/v2\/product"}],"about":[{"href":"https:\/\/olemosaic.orbitalia.org\/pt-pt\/wp-json\/wp\/v2\/types\/product"}],"wp:featuredmedia":[{"embeddable":true,"href":"https:\/\/olemosaic.orbitalia.org\/pt-pt\/wp-json\/wp\/v2\/media\/14060"}],"wp:attachment":[{"href":"https:\/\/olemosaic.orbitalia.org\/pt-pt\/wp-json\/wp\/v2\/media?parent=37472"}],"wp:term":[{"taxonomy":"product_brand","embeddable":true,"href":"https:\/\/olemosaic.orbitalia.org\/pt-pt\/wp-json\/wp\/v2\/product_brand?post=37472"},{"taxonomy":"product_cat","embeddable":true,"href":"https:\/\/olemosaic.orbitalia.org\/pt-pt\/wp-json\/wp\/v2\/product_cat?post=37472"},{"taxonomy":"product_tag","embeddable":true,"href":"https:\/\/olemosaic.orbitalia.org\/pt-pt\/wp-json\/wp\/v2\/product_tag?post=37472"}],"curies":[{"name":"wp","href":"https:\/\/api.w.org\/{rel}","templated":true}]}}