{"id":37470,"date":"2025-02-20T23:38:00","date_gmt":"2025-02-20T22:38:00","guid":{"rendered":"https:\/\/olemosaic.orbitalia.org\/producto\/iman-de-resina-toros-mojacar\/"},"modified":"2025-07-25T20:23:52","modified_gmt":"2025-07-25T18:23:52","slug":"iman-de-resina-touros-mojacar","status":"publish","type":"product","link":"https:\/\/olemosaic.orbitalia.org\/pt-pt\/produto\/iman-de-resina-touros-mojacar\/","title":{"rendered":"\u00cdman de resina. Touros. Moj\u00e1car."},"content":{"rendered":"<p>\u00cdman de resina de Moj\u00e1car, um souvenir colorido que captura a ess\u00eancia vibrante desta pitoresca vila andaluza. Este atraente \u00edman destaca-se pelo seu design evocativo da arte do mosaico, com um touro representado numa explos\u00e3o de cores intensas, como vermelhos, verdes e azuis, que simbolizam a rica cultura taurom\u00e1quica de Espanha. Na parte superior, um sol estilizado irradia energia e alegria, enquanto na parte inferior, umas belas flores real\u00e7am a beleza natural da regi\u00e3o.<\/p>\n<p>A palavra &#8220;Moj\u00e1car&#8221; apresenta-se em letras coloridas, acrescentando um elemento l\u00fadico que converte este \u00edman n\u00e3o apenas num objeto decorativo, mas numa verdadeira recorda\u00e7\u00e3o da identidade cultural da vila. Esta pe\u00e7a \u00e9 perfeita para adornar qualquer superf\u00edcie met\u00e1lica, seja em casa ou no escrit\u00f3rio, conferindo um toque de alegria e cor ao seu ambiente.<\/p>\n<p>Na Ol\u00e9 Mosaic, orgulhamo-nos de oferecer souvenirs aut\u00eanticos que refletem a cultura e as tradi\u00e7\u00f5es locais. Este \u00edman de resina de Moj\u00e1car \u00e9 uma excelente op\u00e7\u00e3o para lojas de presentes tur\u00edsticos que procuram produtos \u00fanicos e significativos. Como distribuidores de souvenirs, garantimos a qualidade e a originalidade em cada um dos nossos produtos, tornando este \u00edman numa recorda\u00e7\u00e3o ideal para aqueles que desejam levar um peda\u00e7o da m\u00e1gica Andaluzia.<\/p>\n","protected":false},"excerpt":{"rendered":"<p>\u00cdman de Moj\u00e1car, que representa um touro colorido com vibrantes detalhes em tons vermelhos, verdes e azuis. Este atraente souvenir inclui um sol estilizado e flores na parte inferior, tudo com um design que evoca a arte do mosaico. A palavra &#8220;Moj\u00e1car&#8221; destaca-se com letras coloridas, tornando este \u00edman numa pe\u00e7a decorativa ideal para recordar a ess\u00eancia desta encantadora vila andaluza. Perfeito para adornar qualquer superf\u00edcie met\u00e1lica.<\/p>\n","protected":false},"featured_media":14058,"template":"","meta":{"_acf_changed":false},"product_brand":[],"product_cat":[699],"product_tag":[516],"class_list":{"0":"post-37470","1":"product","2":"type-product","3":"status-publish","4":"has-post-thumbnail","6":"product_cat-imanes","7":"product_tag-animais","8":"pa_ciudad-mojacar","9":"pa_motivo-touros","10":"pa_pais-espana","12":"first","13":"instock","14":"shipping-taxable","15":"product-type-simple"},"acf":[],"_links":{"self":[{"href":"https:\/\/olemosaic.orbitalia.org\/pt-pt\/wp-json\/wp\/v2\/product\/37470","targetHints":{"allow":["GET"]}}],"collection":[{"href":"https:\/\/olemosaic.orbitalia.org\/pt-pt\/wp-json\/wp\/v2\/product"}],"about":[{"href":"https:\/\/olemosaic.orbitalia.org\/pt-pt\/wp-json\/wp\/v2\/types\/product"}],"wp:featuredmedia":[{"embeddable":true,"href":"https:\/\/olemosaic.orbitalia.org\/pt-pt\/wp-json\/wp\/v2\/media\/14058"}],"wp:attachment":[{"href":"https:\/\/olemosaic.orbitalia.org\/pt-pt\/wp-json\/wp\/v2\/media?parent=37470"}],"wp:term":[{"taxonomy":"product_brand","embeddable":true,"href":"https:\/\/olemosaic.orbitalia.org\/pt-pt\/wp-json\/wp\/v2\/product_brand?post=37470"},{"taxonomy":"product_cat","embeddable":true,"href":"https:\/\/olemosaic.orbitalia.org\/pt-pt\/wp-json\/wp\/v2\/product_cat?post=37470"},{"taxonomy":"product_tag","embeddable":true,"href":"https:\/\/olemosaic.orbitalia.org\/pt-pt\/wp-json\/wp\/v2\/product_tag?post=37470"}],"curies":[{"name":"wp","href":"https:\/\/api.w.org\/{rel}","templated":true}]}}