{"id":37469,"date":"2025-02-20T23:38:00","date_gmt":"2025-02-20T22:38:00","guid":{"rendered":"https:\/\/olemosaic.orbitalia.org\/producto\/iman-de-resina-cordoba\/"},"modified":"2025-07-25T18:56:16","modified_gmt":"2025-07-25T16:56:16","slug":"iman-de-resina-cordova","status":"publish","type":"product","link":"https:\/\/olemosaic.orbitalia.org\/pt-pt\/produto\/iman-de-resina-cordova\/","title":{"rendered":"\u00cdman de resina. C\u00f3rdova."},"content":{"rendered":"<p>\u00cdman de resina que representa a emblem\u00e1tica cidade de C\u00f3rdova. Este atraente \u00edman captura a majestade da Mesquita-Catedral, um monumento que encarna a fus\u00e3o da heran\u00e7a isl\u00e2mica e crist\u00e3. A cuidada ilustra\u00e7\u00e3o mostra os ic\u00f3nicos arcos coloridos, com as suas elegantes linhas e detalhes arquitet\u00f3nicos que real\u00e7am a rica hist\u00f3ria da cidade. Rodeado de palmeiras que evocam o sol brilhante da Andaluzia, este \u00edman inclui um sol radiante no c\u00e9u, simbolizando o clima quente e acolhedor da regi\u00e3o. O nome &#8220;C\u00d3RDOVA&#8221;, apresentado numa tipografia colorida e vibrante, real\u00e7a a alegria e o esp\u00edrito desta cidade andaluza. Este \u00edman n\u00e3o \u00e9 apenas um pr\u00e1tico artigo de uso di\u00e1rio para decorar o seu frigor\u00edfico, mas tamb\u00e9m serve como uma encantadora recorda\u00e7\u00e3o da beleza andaluza. Ideal para turistas que procuram levar um peda\u00e7o da rica cultura cordovesa, este souvenir destaca-se pela sua autenticidade e apelo visual. Na Ol\u00e9 Mosaic, oferecemos este \u00edman de C\u00f3rdova como parte da nossa cole\u00e7\u00e3o de souvenirs de alta qualidade, perfeita para lojas de presentes tur\u00edsticos que procuram um produto representativo e espetacular.<\/p>\n","protected":false},"excerpt":{"rendered":"<p>\u00cdman de C\u00f3rdova, que representa a majestade da Mesquita-Catedral e o seu emblem\u00e1tico p\u00e1tio andaluz. O design vibrante inclui arcos em tons terracota e um sol radiante que ilumina o fundo. A palavra &#8220;C\u00d3RDOVA&#8221; aparece em cores alegres, capturando a ess\u00eancia da cidade. Este souvenir destaca-se pelos seus detalhes decorativos e pela sua t\u00e9cnica de moldagem, perfeito para recordar a beleza do patrim\u00f3nio cultural cordov\u00eas.<\/p>\n","protected":false},"featured_media":14057,"template":"","meta":{"_acf_changed":false},"product_brand":[],"product_cat":[699],"product_tag":[],"class_list":{"0":"post-37469","1":"product","2":"type-product","3":"status-publish","4":"has-post-thumbnail","6":"product_cat-imanes","7":"pa_ciudad-cordoba","8":"pa_pais-espana","10":"first","11":"instock","12":"shipping-taxable","13":"product-type-simple"},"acf":[],"_links":{"self":[{"href":"https:\/\/olemosaic.orbitalia.org\/pt-pt\/wp-json\/wp\/v2\/product\/37469","targetHints":{"allow":["GET"]}}],"collection":[{"href":"https:\/\/olemosaic.orbitalia.org\/pt-pt\/wp-json\/wp\/v2\/product"}],"about":[{"href":"https:\/\/olemosaic.orbitalia.org\/pt-pt\/wp-json\/wp\/v2\/types\/product"}],"wp:featuredmedia":[{"embeddable":true,"href":"https:\/\/olemosaic.orbitalia.org\/pt-pt\/wp-json\/wp\/v2\/media\/14057"}],"wp:attachment":[{"href":"https:\/\/olemosaic.orbitalia.org\/pt-pt\/wp-json\/wp\/v2\/media?parent=37469"}],"wp:term":[{"taxonomy":"product_brand","embeddable":true,"href":"https:\/\/olemosaic.orbitalia.org\/pt-pt\/wp-json\/wp\/v2\/product_brand?post=37469"},{"taxonomy":"product_cat","embeddable":true,"href":"https:\/\/olemosaic.orbitalia.org\/pt-pt\/wp-json\/wp\/v2\/product_cat?post=37469"},{"taxonomy":"product_tag","embeddable":true,"href":"https:\/\/olemosaic.orbitalia.org\/pt-pt\/wp-json\/wp\/v2\/product_tag?post=37469"}],"curies":[{"name":"wp","href":"https:\/\/api.w.org\/{rel}","templated":true}]}}