{"id":37453,"date":"2025-02-20T23:37:57","date_gmt":"2025-02-20T22:37:57","guid":{"rendered":"https:\/\/olemosaic.orbitalia.org\/producto\/iman-de-resina-panoramica-sevilla\/"},"modified":"2025-07-25T20:15:10","modified_gmt":"2025-07-25T18:15:10","slug":"iman-de-resina-panoramica-sevilha","status":"publish","type":"product","link":"https:\/\/olemosaic.orbitalia.org\/pt-pt\/produto\/iman-de-resina-panoramica-sevilha\/","title":{"rendered":"\u00cdman de resina. Panor\u00e2mica. Sevilha."},"content":{"rendered":"<p>Este \u00edman de resina de Sevilha \u00e9 uma representa\u00e7\u00e3o vibrante e colorida da ess\u00eancia desta majestosa cidade espanhola. Com uma panor\u00e2mica detalhada que captura os seus monumentos mais emblem\u00e1ticos, destaca a Giralda e o Alc\u00e1zar, constru\u00e7\u00f5es emblem\u00e1ticas que refletem a rica heran\u00e7a cultural de Sevilha. Os elementos decorativos, como o sol brilhante e as palmeiras que emolduram a cena, evocam o clima mediterr\u00e2nico caracter\u00edstico da regi\u00e3o, acrescentando um toque quente e atraente.<\/p>\n<p>O design inclui a palavra &#8220;SEVILLA&#8221; em letras multicoloridas, o que confere um aspeto alegre e festivo que atrai a aten\u00e7\u00e3o de qualquer amante de souvenirs. Esta pe\u00e7a n\u00e3o \u00e9 apenas uma decora\u00e7\u00e3o funcional para a casa, mas tamb\u00e9m uma recorda\u00e7\u00e3o tang\u00edvel da beleza e do encanto de Sevilha, ideal para quem deseja levar um pedacinho desta hist\u00f3rica cidade.<\/p>\n<p>Na Ol\u00e9 Mosaic, somos l\u00edderes na distribui\u00e7\u00e3o de souvenirs por grosso, e este \u00edman representa a autenticidade e o valor cultural que procuramos oferecer. \u00c9 um souvenir perfeito para lojas de presentes tur\u00edsticos que desejam proporcionar aos seus clientes uma recorda\u00e7\u00e3o genu\u00edna de Sevilha, combinando arte, emo\u00e7\u00e3o e tradi\u00e7\u00e3o num \u00fanico objeto.<\/p>\n","protected":false},"excerpt":{"rendered":"<p>\u00cdman com uma colorida panor\u00e2mica de Sevilha que destaca os seus emblem\u00e1ticos monumentos e a beleza da sua cultura. O design inclui elementos ic\u00f3nicos como a Giralda e o Alc\u00e1zar, complementados por um sol vibrante e palmeiras, s\u00edmbolos do clima andaluz. A palavra &#8220;SEVILLA&#8221; em letras multicoloridas acrescenta um toque alegre e atraente. Este \u00edman \u00e9 a recorda\u00e7\u00e3o perfeita para os amantes desta hist\u00f3rica cidade espanhola.<\/p>\n","protected":false},"featured_media":14041,"template":"","meta":{"_acf_changed":false},"product_brand":[],"product_cat":[699],"product_tag":[],"class_list":{"0":"post-37453","1":"product","2":"type-product","3":"status-publish","4":"has-post-thumbnail","6":"product_cat-imanes","7":"pa_ciudad-sevilla","8":"pa_motivo-panoramas","9":"pa_pais-espana","11":"first","12":"instock","13":"shipping-taxable","14":"product-type-simple"},"acf":[],"_links":{"self":[{"href":"https:\/\/olemosaic.orbitalia.org\/pt-pt\/wp-json\/wp\/v2\/product\/37453","targetHints":{"allow":["GET"]}}],"collection":[{"href":"https:\/\/olemosaic.orbitalia.org\/pt-pt\/wp-json\/wp\/v2\/product"}],"about":[{"href":"https:\/\/olemosaic.orbitalia.org\/pt-pt\/wp-json\/wp\/v2\/types\/product"}],"wp:featuredmedia":[{"embeddable":true,"href":"https:\/\/olemosaic.orbitalia.org\/pt-pt\/wp-json\/wp\/v2\/media\/14041"}],"wp:attachment":[{"href":"https:\/\/olemosaic.orbitalia.org\/pt-pt\/wp-json\/wp\/v2\/media?parent=37453"}],"wp:term":[{"taxonomy":"product_brand","embeddable":true,"href":"https:\/\/olemosaic.orbitalia.org\/pt-pt\/wp-json\/wp\/v2\/product_brand?post=37453"},{"taxonomy":"product_cat","embeddable":true,"href":"https:\/\/olemosaic.orbitalia.org\/pt-pt\/wp-json\/wp\/v2\/product_cat?post=37453"},{"taxonomy":"product_tag","embeddable":true,"href":"https:\/\/olemosaic.orbitalia.org\/pt-pt\/wp-json\/wp\/v2\/product_tag?post=37453"}],"curies":[{"name":"wp","href":"https:\/\/api.w.org\/{rel}","templated":true}]}}