{"id":37443,"date":"2025-02-20T23:37:55","date_gmt":"2025-02-20T22:37:55","guid":{"rendered":"https:\/\/olemosaic.orbitalia.org\/producto\/iman-de-resina-letrero-marbella-azul\/"},"modified":"2025-07-25T18:37:28","modified_gmt":"2025-07-25T16:37:28","slug":"iman-de-resina-letreiro-marbella-azul","status":"publish","type":"product","link":"https:\/\/olemosaic.orbitalia.org\/pt-pt\/produto\/iman-de-resina-letreiro-marbella-azul\/","title":{"rendered":"\u00cdman de resina. Letreiro. Marbella. Azul."},"content":{"rendered":"<p>Este \u00edman de resina com o vibrante letreiro &#8220;MARBELLA&#8221; \u00e9 uma representa\u00e7\u00e3o colorida e aut\u00eantica da ic\u00f3nica cidade da Costa del Sol. Com letras que brilham em tons chamativos como amarelo, vermelho, verde e azul, o design destaca-se pelo seu fundo azul mosaico, que evoca a tradi\u00e7\u00e3o artesanal andaluza presente em cada recanto de Marbella. As letras, com um design \u00fanico cada uma, conferem dinamismo visual, enquanto um flamingo vermelho adiciona um toque de folclore local, simbolizando a rica cultura espanhola.<\/p>\n<p>Este \u00edman n\u00e3o \u00e9 apenas uma forma de recordar a beleza e o calor de Marbella, mas tamb\u00e9m um souvenir ideal para os turistas que desejam levar um pedacinho da costa andaluza para casa. O seu acabamento em resina assegura durabilidade, tornando-o um acess\u00f3rio perfeito para qualquer frigor\u00edfico ou superf\u00edcie met\u00e1lica, capaz de resistir ao passar do tempo.<\/p>\n<p>Na Ol\u00e9 Mosaic, especializamo-nos na distribui\u00e7\u00e3o de souvenirs representativos e aut\u00eanticos. Este \u00edman de Marbella \u00e9 uma excelente op\u00e7\u00e3o para lojas de presentes tur\u00edsticos, pois oferece uma liga\u00e7\u00e3o emocional atrav\u00e9s da arte e da cultura, ideal para quem deseja recordar a sua visita a esta encantadora cidade. Como grossistas de souvenirs de Marbella, garantimos designs que captam a ess\u00eancia da regi\u00e3o, assegurando a satisfa\u00e7\u00e3o em cada compra.<\/p>\n","protected":false},"excerpt":{"rendered":"<p>\u00cdman com um letreiro vibrante que destaca a palavra &#8220;MARBELLA&#8221; em cores chamativas como amarelo, vermelho, verde e azul. O design, inspirado no artesanato andaluz, apresenta um fundo azul mosaico que complementa o texto, criando um efeito visual atraente. Al\u00e9m disso, inclui um detalhe decorativo de um flamingo vermelho brilhante, que confere um toque de folclore local. Ideal para recordar esta encantadora cidade da Costa del Sol.<\/p>\n","protected":false},"featured_media":14031,"template":"","meta":{"_acf_changed":false},"product_brand":[],"product_cat":[699],"product_tag":[],"class_list":{"0":"post-37443","1":"product","2":"type-product","3":"status-publish","4":"has-post-thumbnail","6":"product_cat-imanes","7":"pa_ciudad-marbella","8":"pa_motivo-letreiros-de-cidades","9":"pa_pais-espana","11":"first","12":"instock","13":"shipping-taxable","14":"product-type-simple"},"acf":[],"_links":{"self":[{"href":"https:\/\/olemosaic.orbitalia.org\/pt-pt\/wp-json\/wp\/v2\/product\/37443","targetHints":{"allow":["GET"]}}],"collection":[{"href":"https:\/\/olemosaic.orbitalia.org\/pt-pt\/wp-json\/wp\/v2\/product"}],"about":[{"href":"https:\/\/olemosaic.orbitalia.org\/pt-pt\/wp-json\/wp\/v2\/types\/product"}],"wp:featuredmedia":[{"embeddable":true,"href":"https:\/\/olemosaic.orbitalia.org\/pt-pt\/wp-json\/wp\/v2\/media\/14031"}],"wp:attachment":[{"href":"https:\/\/olemosaic.orbitalia.org\/pt-pt\/wp-json\/wp\/v2\/media?parent=37443"}],"wp:term":[{"taxonomy":"product_brand","embeddable":true,"href":"https:\/\/olemosaic.orbitalia.org\/pt-pt\/wp-json\/wp\/v2\/product_brand?post=37443"},{"taxonomy":"product_cat","embeddable":true,"href":"https:\/\/olemosaic.orbitalia.org\/pt-pt\/wp-json\/wp\/v2\/product_cat?post=37443"},{"taxonomy":"product_tag","embeddable":true,"href":"https:\/\/olemosaic.orbitalia.org\/pt-pt\/wp-json\/wp\/v2\/product_tag?post=37443"}],"curies":[{"name":"wp","href":"https:\/\/api.w.org\/{rel}","templated":true}]}}