{"id":37439,"date":"2025-02-20T23:37:54","date_gmt":"2025-02-20T22:37:54","guid":{"rendered":"https:\/\/olemosaic.orbitalia.org\/producto\/iman-de-resina-letrero-tenerife-azul\/"},"modified":"2025-07-25T18:41:39","modified_gmt":"2025-07-25T16:41:39","slug":"iman-de-resina-letreiro-tenerife-azul","status":"publish","type":"product","link":"https:\/\/olemosaic.orbitalia.org\/pt-pt\/produto\/iman-de-resina-letreiro-tenerife-azul\/","title":{"rendered":"\u00cdman de resina. Letreiro. Tenerife. Azul."},"content":{"rendered":"<p>O \u00edman de resina &#8220;Tenerife&#8221; \u00e9 uma recorda\u00e7\u00e3o vibrante que captura a ess\u00eancia desta bela ilha can\u00e1ria. Este \u00edman reproduz um r\u00f3tulo com o nome &#8220;Tenerife&#8221;, cujas letras s\u00e3o desenhadas com um colorido estilo mosaico que reflete a rica cultura e o car\u00e1cter art\u00edstico da ilha. O fundo azul, que evoca as profundezas do oceano Atl\u00e2ntico que banha Tenerife, proporciona um contraste perfeito, real\u00e7ando ainda mais a vivacidade das letras. Cada letra, com os seus tons alegres e formas criativas, simboliza o calor e a diversidade da vida na ilha.<\/p>\n<p>Al\u00e9m disso, o detalhe de um lagarto pintado num canto do \u00edman acrescenta um toque distintivo e aut\u00eantico, que recorda a fauna local que habita nas terras can\u00e1rias. Este \u00edman n\u00e3o \u00e9 apenas um acess\u00f3rio decorativo, mas tamb\u00e9m uma pe\u00e7a cultural que evoca mem\u00f3rias de praias ensolaradas, paisagens montanhosas e uma rica heran\u00e7a cultural que caracteriza Tenerife. Ideal para colecionadores ou como presente para quem deseja conservar um pedacinho da ilha, este \u00edman de resina \u00e9 uma excelente recorda\u00e7\u00e3o que liga os turistas \u00e0 sua experi\u00eancia em Tenerife. Na Ol\u00e9 Mosaic, como grossistas de souvenirs, orgulhamo-nos de oferecer produtos aut\u00eanticos que refletem a beleza do patrim\u00f3nio espanhol e satisfazem as exig\u00eancias das lojas de presentes tur\u00edsticos.<\/p>\n","protected":false},"excerpt":{"rendered":"<p>\u00cdman com um letreiro vibrante que diz &#8220;Tenerife&#8221;, ideal para recordar a sua visita a esta preciosa ilha can\u00e1ria. O fundo azul evoca o oceano, enquanto as letras coloridas, desenhadas num estilo mosaico, refletem a riqueza cultural de Tenerife. Detalhes de um lagarto pintado acrescentam um toque distintivo, tornando este \u00edman numa pe\u00e7a decorativa que real\u00e7a a ess\u00eancia da ilha. Perfeito para colecionadores ou como presente.<\/p>\n","protected":false},"featured_media":14027,"template":"","meta":{"_acf_changed":false},"product_brand":[],"product_cat":[699],"product_tag":[],"class_list":{"0":"post-37439","1":"product","2":"type-product","3":"status-publish","4":"has-post-thumbnail","6":"product_cat-imanes","7":"pa_ciudad-tenerife","8":"pa_motivo-letreiros-de-cidades","9":"pa_pais-espana","11":"first","12":"instock","13":"shipping-taxable","14":"product-type-simple"},"acf":[],"_links":{"self":[{"href":"https:\/\/olemosaic.orbitalia.org\/pt-pt\/wp-json\/wp\/v2\/product\/37439","targetHints":{"allow":["GET"]}}],"collection":[{"href":"https:\/\/olemosaic.orbitalia.org\/pt-pt\/wp-json\/wp\/v2\/product"}],"about":[{"href":"https:\/\/olemosaic.orbitalia.org\/pt-pt\/wp-json\/wp\/v2\/types\/product"}],"wp:featuredmedia":[{"embeddable":true,"href":"https:\/\/olemosaic.orbitalia.org\/pt-pt\/wp-json\/wp\/v2\/media\/14027"}],"wp:attachment":[{"href":"https:\/\/olemosaic.orbitalia.org\/pt-pt\/wp-json\/wp\/v2\/media?parent=37439"}],"wp:term":[{"taxonomy":"product_brand","embeddable":true,"href":"https:\/\/olemosaic.orbitalia.org\/pt-pt\/wp-json\/wp\/v2\/product_brand?post=37439"},{"taxonomy":"product_cat","embeddable":true,"href":"https:\/\/olemosaic.orbitalia.org\/pt-pt\/wp-json\/wp\/v2\/product_cat?post=37439"},{"taxonomy":"product_tag","embeddable":true,"href":"https:\/\/olemosaic.orbitalia.org\/pt-pt\/wp-json\/wp\/v2\/product_tag?post=37439"}],"curies":[{"name":"wp","href":"https:\/\/api.w.org\/{rel}","templated":true}]}}