{"id":37435,"date":"2025-02-20T23:37:53","date_gmt":"2025-02-20T22:37:53","guid":{"rendered":"https:\/\/olemosaic.orbitalia.org\/producto\/iman-de-resina-letrero-malaga\/"},"modified":"2025-07-25T19:41:20","modified_gmt":"2025-07-25T17:41:20","slug":"iman-de-resina-letreiro-malaga","status":"publish","type":"product","link":"https:\/\/olemosaic.orbitalia.org\/pt-pt\/produto\/iman-de-resina-letreiro-malaga\/","title":{"rendered":"\u00cdman de resina. Letreiro. M\u00e1laga."},"content":{"rendered":"<p>Este \u00edman de resina com o nome de M\u00e1laga \u00e9 uma recorda\u00e7\u00e3o colorida e vibrante que captura a ess\u00eancia desta bela cidade andaluza. Com um design atraente e divertido, o \u00edman apresenta a palavra &#8220;M\u00c1LAGA&#8221; em letras grandes e chamativas, com uma paleta de cores brilhantes em vermelho, azul, amarelo e verde. Estas letras est\u00e3o dispostas sobre um fundo que simula o estilo do trencad\u00eds, uma t\u00e9cnica de mosaico caracter\u00edstica da arte andaluza, que acrescenta um toque de autenticidade e sabor local.<\/p>\n<p>O \u00edman inclui um desenho detalhado de uma bailarina de flamenco com um elegante vestido vermelho, que simboliza a rica tradi\u00e7\u00e3o cultural da regi\u00e3o e o esp\u00edrito festivo que a caracteriza. Esta representa\u00e7\u00e3o do flamenco, arte declarada Patrim\u00f3nio Imaterial da Humanidade pela UNESCO, torna o \u00edman uma excelente op\u00e7\u00e3o para quem deseja levar um pouco da cultura de M\u00e1laga para casa.<\/p>\n<p>Na Ol\u00e9 Mosaic, dedicamo-nos a oferecer souvenirs aut\u00eanticos e de qualidade por grosso, como este \u00edman de resina que se destaca pelo seu design e simbolismo cultural. Ideal para lojas de presentes tur\u00edsticos, este \u00edman \u00e9 uma excelente recorda\u00e7\u00e3o de M\u00e1laga, perfeito para quem procura uma pe\u00e7a que capture a beleza e o folclore da regi\u00e3o.<\/p>\n","protected":false},"excerpt":{"rendered":"<p>\u00cdman com um letreiro vibrante que celebra M\u00e1laga. Este colorido \u00edman destaca-se pelas suas letras brilhantes em vermelho, azul, amarelo e verde, dispostas sobre um fundo que simula o estilo trencad\u00eds, caracter\u00edstico da arte andaluza. O detalhe decorativo de uma bailarina de flamenco com um vestido vermelho real\u00e7a a ess\u00eancia cultural da regi\u00e3o, lo que torna este \u00edman uma recorda\u00e7\u00e3o perfeita e alegre da beleza de M\u00e1laga.<\/p>\n","protected":false},"featured_media":14023,"template":"","meta":{"_acf_changed":false},"product_brand":[],"product_cat":[699],"product_tag":[],"class_list":{"0":"post-37435","1":"product","2":"type-product","3":"status-publish","4":"has-post-thumbnail","6":"product_cat-imanes","7":"pa_ciudad-malaga","8":"pa_motivo-letreiros-de-cidades","9":"pa_pais-espana","11":"first","12":"instock","13":"shipping-taxable","14":"product-type-simple"},"acf":[],"_links":{"self":[{"href":"https:\/\/olemosaic.orbitalia.org\/pt-pt\/wp-json\/wp\/v2\/product\/37435","targetHints":{"allow":["GET"]}}],"collection":[{"href":"https:\/\/olemosaic.orbitalia.org\/pt-pt\/wp-json\/wp\/v2\/product"}],"about":[{"href":"https:\/\/olemosaic.orbitalia.org\/pt-pt\/wp-json\/wp\/v2\/types\/product"}],"wp:featuredmedia":[{"embeddable":true,"href":"https:\/\/olemosaic.orbitalia.org\/pt-pt\/wp-json\/wp\/v2\/media\/14023"}],"wp:attachment":[{"href":"https:\/\/olemosaic.orbitalia.org\/pt-pt\/wp-json\/wp\/v2\/media?parent=37435"}],"wp:term":[{"taxonomy":"product_brand","embeddable":true,"href":"https:\/\/olemosaic.orbitalia.org\/pt-pt\/wp-json\/wp\/v2\/product_brand?post=37435"},{"taxonomy":"product_cat","embeddable":true,"href":"https:\/\/olemosaic.orbitalia.org\/pt-pt\/wp-json\/wp\/v2\/product_cat?post=37435"},{"taxonomy":"product_tag","embeddable":true,"href":"https:\/\/olemosaic.orbitalia.org\/pt-pt\/wp-json\/wp\/v2\/product_tag?post=37435"}],"curies":[{"name":"wp","href":"https:\/\/api.w.org\/{rel}","templated":true}]}}