{"id":37433,"date":"2025-02-20T23:37:53","date_gmt":"2025-02-20T22:37:53","guid":{"rendered":"https:\/\/olemosaic.orbitalia.org\/producto\/iman-de-resina-toros-barcelona\/"},"modified":"2025-07-25T18:50:19","modified_gmt":"2025-07-25T16:50:19","slug":"iman-de-resina-touros-barcelona","status":"publish","type":"product","link":"https:\/\/olemosaic.orbitalia.org\/pt-pt\/produto\/iman-de-resina-touros-barcelona\/","title":{"rendered":"\u00cdman de resina. Touros. Barcelona."},"content":{"rendered":"<p>Este \u00edman de resina captura a ess\u00eancia vibrante de Barcelona atrav\u00e9s de um design cativante que apresenta um touro din\u00e2mico num ambiente que evoca a rica tradi\u00e7\u00e3o taurom\u00e1quica de Espanha. Com um acabamento em mosaico, este produto destaca-se pela sua paleta de cores radiantes, com tons de vermelho, verde, azul e amarelo que criam uma representa\u00e7\u00e3o visual en\u00e9rgica e alegre. O fundo de mosaico inclui um sol radiante que brilha num c\u00e9u azul, adornado com flores vermelhas que acrescentam um toque de frescura e vitalidade ao conjunto. A palavra &#8220;Barcelona&#8221;, em letras coloridas na base do \u00edman, enfatiza a liga\u00e7\u00e3o cultural com esta emblem\u00e1tica cidade, tornando-o um presente perfeito para recordar momentos especiais.<\/p>\n<p>Este souvenir n\u00e3o \u00e9 apenas um bonito objeto decorativo, mas tamb\u00e9m um s\u00edmbolo da identidade cultural catal\u00e3, ideal para quem deseja levar consigo um peda\u00e7o desta vibrante cidade. Na Ol\u00e9 Mosaic, especializamo-nos na distribui\u00e7\u00e3o de souvenirs por grosso, oferecendo produtos aut\u00eanticos que refletem a riqueza do patrim\u00f3nio espanhol. Este \u00edman de touro \u00e9 uma excelente op\u00e7\u00e3o para estabelecimentos que procuram adicionar \u00e0 sua cole\u00e7\u00e3o souvenirs representativos de Barcelona, garantindo uma recorda\u00e7\u00e3o que perdurar\u00e1 na mem\u00f3ria dos seus clientes. Como grossistas de \u00edmanes, oferecemos quantidades ajustadas para satisfazer a procura dos turistas \u00e1vidos de recorda\u00e7\u00f5es significativas.<\/p>\n","protected":false},"excerpt":{"rendered":"<p>\u00cdman com um design vibrante inspirado na cultura espanhola, que representa um touro en\u00e9rgico num ambiente colorido e emblem\u00e1tico de Barcelona. Este produto destaca-se pela sua t\u00e9cnica de mosaico, que utiliza uma rica paleta de cores combinando vermelhos, verdes, azuis e amarelos. Inclui tamb\u00e9m um sol radiante e flores em primeiro plano, juntamente com a palavra \u00abBarcelona\u00bb, criando uma pe\u00e7a atraente e representativa da tradi\u00e7\u00e3o taurom\u00e1quica, perfeita para evocar a ess\u00eancia catal\u00e3.<\/p>\n","protected":false},"featured_media":14021,"template":"","meta":{"_acf_changed":false},"product_brand":[],"product_cat":[699],"product_tag":[516],"class_list":{"0":"post-37433","1":"product","2":"type-product","3":"status-publish","4":"has-post-thumbnail","6":"product_cat-imanes","7":"product_tag-animais","8":"pa_ciudad-barcelona","9":"pa_motivo-touros","10":"pa_pais-espana","12":"first","13":"instock","14":"shipping-taxable","15":"product-type-simple"},"acf":[],"_links":{"self":[{"href":"https:\/\/olemosaic.orbitalia.org\/pt-pt\/wp-json\/wp\/v2\/product\/37433","targetHints":{"allow":["GET"]}}],"collection":[{"href":"https:\/\/olemosaic.orbitalia.org\/pt-pt\/wp-json\/wp\/v2\/product"}],"about":[{"href":"https:\/\/olemosaic.orbitalia.org\/pt-pt\/wp-json\/wp\/v2\/types\/product"}],"wp:featuredmedia":[{"embeddable":true,"href":"https:\/\/olemosaic.orbitalia.org\/pt-pt\/wp-json\/wp\/v2\/media\/14021"}],"wp:attachment":[{"href":"https:\/\/olemosaic.orbitalia.org\/pt-pt\/wp-json\/wp\/v2\/media?parent=37433"}],"wp:term":[{"taxonomy":"product_brand","embeddable":true,"href":"https:\/\/olemosaic.orbitalia.org\/pt-pt\/wp-json\/wp\/v2\/product_brand?post=37433"},{"taxonomy":"product_cat","embeddable":true,"href":"https:\/\/olemosaic.orbitalia.org\/pt-pt\/wp-json\/wp\/v2\/product_cat?post=37433"},{"taxonomy":"product_tag","embeddable":true,"href":"https:\/\/olemosaic.orbitalia.org\/pt-pt\/wp-json\/wp\/v2\/product_tag?post=37433"}],"curies":[{"name":"wp","href":"https:\/\/api.w.org\/{rel}","templated":true}]}}